{"id":1001110,"date":"2025-01-22T10:00:12","date_gmt":"2025-01-22T09:00:12","guid":{"rendered":"https:\/\/www.claret.cat\/proteccio-dades\/"},"modified":"2025-01-22T10:01:30","modified_gmt":"2025-01-22T09:01:30","slug":"proteccion-datos","status":"publish","type":"page","link":"https:\/\/www.claret.cat\/es\/proteccion-datos\/","title":{"rendered":"Protecci\u00f3n de datos &#8211; correo electr\u00f3nico"},"content":{"rendered":"<div id=\"pl-1001108\" class=\"panel-layout\">\n<div id=\"pg-1001108-0\" class=\"panel-grid panel-no-style\">\n<div id=\"pgc-1001108-0-0\" class=\"panel-grid-cell\" data-weight=\"1\">\n<div id=\"panel-1001108-0-0-0\" class=\"so-panel widget widget_sow-editor panel-first-child panel-last-child\" data-index=\"0\" data-style=\"{&quot;background_image_attachment&quot;:false,&quot;background_display&quot;:&quot;tile&quot;,&quot;background_image_size&quot;:&quot;full&quot;,&quot;background_image_opacity&quot;:&quot;100&quot;,&quot;border_thickness&quot;:&quot;1px&quot;}\">\n<div class=\"so-widget-sow-editor so-widget-sow-editor-base\">\n<h3 class=\"widget-title\">Protecci\u00f3n de datos &#8211; correo electr\u00f3nico<\/h3>\n<div class=\"siteorigin-widget-tinymce textwidget\">\n<p>Este mensaje se dirige exclusivamente a su destinatario y puede contener informaci\u00f3n confidencial. Si no es usted el destinatario indicado, le hacemos saber que la utilizaci\u00f3n, la divulgaci\u00f3n y\/o la copia sin autorizaci\u00f3n est\u00e1 prohibida en virtud de la legislaci\u00f3n vigente. Si ha recibido este mensaje por error, le rogamos que nos lo comunique inmediatamente por este mismo m\u00e9todo y proceda a su destrucci\u00f3n.<\/p>\n<p>Le informamos que Editorial Claret, S.L.U. tratar\u00e1 los datos personales contenidos en los correos electr\u00f3nicos intercambiados con usted, con la finalidad de mantener nuestra relaci\u00f3n profesional y\/o comercial en el marco de la relaci\u00f3n contractual existente. Usted tiene derecho a ejercer sus derechos de acceso, rectificaci\u00f3n y supresi\u00f3n, limitaci\u00f3n del tratamiento, portabilidad, oposici\u00f3n mediante petici\u00f3n escrita (correo postal: Sic\u00edlia, 410 \u2013 08025 Barcelona, correo electr\u00f3nico <a href=\"mailto:protecciondatos@claret.es\">protecciondatos@claret.es<\/a>). Para m\u00e1s informaci\u00f3n, Ud. puede consultar la pol\u00edtica de privacidad de Editorial Claret, S.L.U. en <a href=\"https:\/\/www.claret.cat\/es\/politica-de-privacidad\/\">https:\/\/www.claret.cat\/es\/politica-de-privacidad\/<\/a>.<\/p>\n<\/div>\n<\/div>\n<\/div>\n<\/div>\n<\/div>\n<\/div>\n","protected":false},"excerpt":{"rendered":"<p>Protecci\u00f3n de datos &#8211; correo electr\u00f3nico Este mensaje se dirige exclusivamente a su destinatario y puede contener informaci\u00f3n confidencial. Si no es usted el destinatario indicado, le hacemos saber que la utilizaci\u00f3n, la divulgaci\u00f3n y\/o la copia sin autorizaci\u00f3n est\u00e1 prohibida en virtud de la legislaci\u00f3n vigente. Si ha recibido este mensaje por error, le [&hellip;]<\/p>\n","protected":false},"author":4,"featured_media":0,"parent":0,"menu_order":101,"comment_status":"closed","ping_status":"closed","template":"template-fullwidth.php","meta":{"_acf_changed":false,"om_disable_all_campaigns":false,"rs_blank_template":"","rs_page_bg_color":"","slide_template_v7":"","inline_featured_image":false,"_monsterinsights_skip_tracking":false,"_monsterinsights_sitenote_active":false,"_monsterinsights_sitenote_note":"","_monsterinsights_sitenote_category":0,"footnotes":""},"class_list":["post-1001110","page","type-page","status-publish","hentry"],"acf":[],"aioseo_notices":[],"_links":{"self":[{"href":"https:\/\/www.claret.cat\/es\/wp-json\/wp\/v2\/pages\/1001110","targetHints":{"allow":["GET"]}}],"collection":[{"href":"https:\/\/www.claret.cat\/es\/wp-json\/wp\/v2\/pages"}],"about":[{"href":"https:\/\/www.claret.cat\/es\/wp-json\/wp\/v2\/types\/page"}],"author":[{"embeddable":true,"href":"https:\/\/www.claret.cat\/es\/wp-json\/wp\/v2\/users\/4"}],"replies":[{"embeddable":true,"href":"https:\/\/www.claret.cat\/es\/wp-json\/wp\/v2\/comments?post=1001110"}],"version-history":[{"count":1,"href":"https:\/\/www.claret.cat\/es\/wp-json\/wp\/v2\/pages\/1001110\/revisions"}],"predecessor-version":[{"id":1001111,"href":"https:\/\/www.claret.cat\/es\/wp-json\/wp\/v2\/pages\/1001110\/revisions\/1001111"}],"wp:attachment":[{"href":"https:\/\/www.claret.cat\/es\/wp-json\/wp\/v2\/media?parent=1001110"}],"curies":[{"name":"wp","href":"https:\/\/api.w.org\/{rel}","templated":true}]}}