{"id":1032018,"date":"2025-06-05T14:26:49","date_gmt":"2025-06-05T12:26:49","guid":{"rendered":"https:\/\/www.claret.cat\/quaderns-vacances-estiu-2025\/"},"modified":"2026-01-05T13:43:07","modified_gmt":"2026-01-05T12:43:07","slug":"cuadernos-vacaciones-verano-2026","status":"publish","type":"page","link":"https:\/\/www.claret.cat\/es\/cuadernos-vacaciones-verano-2026\/","title":{"rendered":"Cuadernos de vacaciones 2026"},"content":{"rendered":"<div id=\"pl-1032018\"  class=\"panel-layout\" ><div id=\"pg-1032018-0\"  class=\"panel-grid panel-has-style\" ><div class=\"siteorigin-panels-stretch panel-row-style panel-row-style-for-1032018-0\" data-stretch-type=\"full-width-stretch\" ><div id=\"pgc-1032018-0-0\"  class=\"panel-grid-cell\" ><div id=\"panel-1032018-0-0-0\" class=\"so-panel widget widget_sow-hero panel-first-child panel-last-child\" data-index=\"0\" ><div\n\t\t\t\n\t\t\tclass=\"so-widget-sow-hero so-widget-sow-hero-default-b4767aa0b3ee-1032018 so-widget-fittext-wrapper\"\n\t\t\t data-fit-text-compressor=\"0.85\"\n\t\t>\t\t\t\t<div class=\"sow-slider-base\" style=\"display: none\" tabindex=\"0\">\n\t\t\t\t\t<ul\n\t\t\t\t\tclass=\"sow-slider-images\"\n\t\t\t\t\tdata-settings=\"{&quot;pagination&quot;:true,&quot;speed&quot;:800,&quot;timeout&quot;:8000,&quot;paused&quot;:false,&quot;pause_on_hover&quot;:false,&quot;swipe&quot;:true,&quot;nav_always_show_desktop&quot;:&quot;&quot;,&quot;nav_always_show_mobile&quot;:&quot;&quot;,&quot;breakpoint&quot;:&quot;780px&quot;,&quot;unmute&quot;:false,&quot;anchor&quot;:null}\"\n\t\t\t\t\tstyle=\"min-height: 830px\"\t\t\t\t\tdata-anchor-id=\"\"\n\t\t\t\t>\t\t<li class=\"sow-slider-image  sow-slider-image-cover\" style=\"visibility: visible;;background-color: #413c35\" >\n\t\t\t\t\t<div class=\"sow-slider-image-container\">\n\t\t\t<div class=\"sow-slider-image-wrapper\">\n\t\t\t\t<h1 style=\"text-align: center\"><strong>Cuadernos de vacaciones 2026<\/strong><\/h1>\n<h3 style=\"text-align: center\">Descubre aqu\u00ed los mejores cuadernos de vacaciones\u00a0 para todas las edades para el curso 2025\/2026<\/h3>\n\t\t\t<\/div>\n\t\t<\/div>\n\t\t<div class=\"sow-slider-image-overlay sow-slider-image-cover\" style=\"opacity: 0.35;background-image: url(https:\/\/www.claret.cat\/wp-content\/uploads\/elegir-vacaciones-verano.jpg)\"  ><\/div>\t\t<\/li>\n\t\t<\/ul>\t\t\t\t<ol class=\"sow-slider-pagination\">\n\t\t\t\t\t\t\t\t\t\t\t<li><a href=\"#\" data-goto=\"0\" aria-label=\"mostrar diapositiva 1\"><\/a><\/li>\n\t\t\t\t\t\t\t\t\t<\/ol>\n\n\t\t\t\t<div class=\"sow-slide-nav sow-slide-nav-next\">\n\t\t\t\t\t<a href=\"#\" data-goto=\"next\" aria-label=\"diapositiva siguiente\" data-action=\"next\">\n\t\t\t\t\t\t<em class=\"sow-sld-icon-thin-right\"><\/em>\n\t\t\t\t\t<\/a>\n\t\t\t\t<\/div>\n\n\t\t\t\t<div class=\"sow-slide-nav sow-slide-nav-prev\">\n\t\t\t\t\t<a href=\"#\" data-goto=\"previous\" aria-label=\"diapositiva anterior\" data-action=\"prev\">\n\t\t\t\t\t\t<em class=\"sow-sld-icon-thin-left\"><\/em>\n\t\t\t\t\t<\/a>\n\t\t\t\t<\/div>\n\t\t\t\t<\/div><\/div><\/div><\/div><\/div><\/div><div id=\"pg-1032018-1\"  class=\"panel-grid panel-has-style\" ><div class=\"panel-row-style panel-row-style-for-1032018-1\" ><div id=\"pgc-1032018-1-0\"  class=\"panel-grid-cell\" ><div id=\"panel-1032018-1-0-0\" class=\"so-panel widget widget_sow-headline panel-first-child panel-last-child\" data-index=\"1\" ><div\n\t\t\t\n\t\t\tclass=\"so-widget-sow-headline so-widget-sow-headline-default-d077680c1419-1032018 so-widget-fittext-wrapper\"\n\t\t\t data-fit-text-compressor=\"0.85\"\n\t\t><div class=\"sow-headline-container \">\n\t\t\t\t\t\t\t<h1 class=\"sow-headline\">\n\t\t\t\t\t\tLos mejores cuadernos de vacaciones 2026\t\t\t\t\t\t<\/h1>\n\t\t\t\t\t\t\t\t\t\t\t\t<p class=\"sow-sub-headline\">\n\t\t\t\t\t\tDescubre la mejor selecci\u00f3n de cuadernos de vacaciones 2026 en la Librer\u00eda Claret de Barcelona. Materiales educativos para todas las edades y niveles: infantil, primaria y secundaria. Ideales para reforzar conocimientos durante las vacaciones con actividades divertidas y pedag\u00f3gicas en catal\u00e1n y castellano.\t\t\t\t\t\t<\/p>\n\t\t\t\t\t\t<\/div>\n<\/div><\/div><\/div><\/div><\/div><div id=\"pg-1032018-2\"  class=\"panel-grid panel-has-style\" ><div class=\"siteorigin-panels-stretch panel-row-style panel-row-style-for-1032018-2\" data-stretch-type=\"full\" ><div id=\"pgc-1032018-2-0\"  class=\"panel-grid-cell\" ><div id=\"panel-1032018-2-0-0\" class=\"so-panel widget widget_sow-post-carousel panel-first-child panel-last-child\" data-index=\"2\" ><div\n\t\t\t\n\t\t\tclass=\"so-widget-sow-post-carousel so-widget-sow-post-carousel-base-16b62b227d5c-1032018\"\n\t\t\t\n\t\t>\t<div\n\t\tclass=\"sow-post-carousel-wrapper sow-post-carousel-theme-base\"\n\t\tstyle=\"overflow: hidden; max-width: 100%; min-height: 150px\"\n\t>\n\t\t<div class=\"sow-carousel-title has-title\">\n\t<h3 class=\"widget-title\">Cuadernos de vacaciones 2026<\/h3>\t\t<div class=\"sow-carousel-navigation \">\n\t\t\t\t\t\t<a href=\"#\" class=\"sow-carousel-next\" title=\"Siguiente\" aria-label=\"Entradas siguientes\" role=\"button\"><\/a>\n\t\t\t\t\t\t<a href=\"#\" class=\"sow-carousel-previous\" title=\"Anterior\" aria-label=\"Entradas anteriores\" role=\"button\"><\/a>\n\t\t\t\t\t<\/div>\n\t<\/div>\n\n<div class=\"sow-carousel-container \">\n\t\t<div class=\"sow-carousel-wrapper\"\n\t\tdata-dir=\"ltr\"\n\t\tstyle=\"opacity: 0;\"\n\t\tdata-widget=\"post\" data-fetching=\"false\" data-page=\"1\" data-ajax-url=\"https:\/\/www.claret.cat\/ajax\/admin-ajax.php?_widgets_nonce=05f8464d68\" data-item_count=\"557\" data-carousel_settings=\"{&quot;loop&quot;:false,&quot;animation&quot;:&quot;ease&quot;,&quot;animation_speed&quot;:0,&quot;autoplay&quot;:&quot;off&quot;,&quot;pauseOnHover&quot;:&quot;&quot;,&quot;autoplaySpeed&quot;:8000,&quot;item_overflow&quot;:true,&quot;autoplay_continuous_scroll&quot;:false}\" data-responsive=\"{&quot;desktop_slides_to_scroll&quot;:9,&quot;tablet_landscape_breakpoint&quot;:1366,&quot;tablet_landscape_slides_to_scroll&quot;:2,&quot;tablet_portrait_breakpoint&quot;:1025,&quot;tablet_portrait_slides_to_scroll&quot;:2,&quot;mobile_breakpoint&quot;:480,&quot;mobile_slides_to_scroll&quot;:1}\" data-variable_width=\"true\" \t>\n\t\t<div\n\t\t\tclass=\"sow-carousel-items\"\n\t\t\t\t\t>\n\t\t\t\t<div class=\"sow-carousel-item\" tabindex=\"-1\" style=\"float: left;\">\n\t\t<div class=\"sow-carousel-thumbnail\">\n\t\t\t\t\t\t\t<a\n\t\t\t\t\thref=\"https:\/\/www.claret.cat\/es\/libro\/lector-9-entrenament-lector-velocitat-i-comprensio-9788486545901\/\"\n\t\t\t\t\ttarget=\"_blank\" rel=\"noopener noreferrer\"\t\t\t\t\tstyle=\"background-image: url( https:\/\/www.claret.cat\/wp-content\/uploads\/.\/9788486545901-150x150.jpg )\"\n\t\t\t\t\taria-labelledby=\"sow-carousel-id-1092016\"\n\t\t\t\t\ttabindex=\"-1\"\n\t\t\t\t>\n\t\t\t\t\t<span class=\"overlay\"><\/span>\n\t\t\t\t<\/a>\n\t\t\t\t\t<\/div>\n\t\t<h1 class=\"sow-carousel-item-title\">\n\t\t\t<a\n\t\t\t\thref=\"https:\/\/www.claret.cat\/es\/libro\/lector-9-entrenament-lector-velocitat-i-comprensio-9788486545901\/\"\n\t\t\t\tid=\"sow-carousel-id-1092016\"\n\t\t\t\ttarget=\"_blank\" rel=\"noopener noreferrer\"\t\t\t\ttabindex=\"-1\"\n\t\t\t>\n\n\t\t\t\tLECTOR 9. ENTRENAMENT LECTOR, VELOCITAT I COMPRENSIO\t\t\t<\/a>\n\t\t<\/h1>\n\t<\/div>\n\t\t<div class=\"sow-carousel-item\" tabindex=\"-1\" style=\"float: left;\">\n\t\t<div class=\"sow-carousel-thumbnail\">\n\t\t\t\t\t\t\t<a\n\t\t\t\t\thref=\"https:\/\/www.claret.cat\/es\/libro\/lector-no-7-9788486545888\/\"\n\t\t\t\t\ttarget=\"_blank\" rel=\"noopener noreferrer\"\t\t\t\t\tstyle=\"background-image: url( https:\/\/www.claret.cat\/wp-content\/uploads\/.\/9788486545888-147x150.jpg )\"\n\t\t\t\t\taria-labelledby=\"sow-carousel-id-1086421\"\n\t\t\t\t\ttabindex=\"-1\"\n\t\t\t\t>\n\t\t\t\t\t<span class=\"overlay\"><\/span>\n\t\t\t\t<\/a>\n\t\t\t\t\t<\/div>\n\t\t<h1 class=\"sow-carousel-item-title\">\n\t\t\t<a\n\t\t\t\thref=\"https:\/\/www.claret.cat\/es\/libro\/lector-no-7-9788486545888\/\"\n\t\t\t\tid=\"sow-carousel-id-1086421\"\n\t\t\t\ttarget=\"_blank\" rel=\"noopener noreferrer\"\t\t\t\ttabindex=\"-1\"\n\t\t\t>\n\n\t\t\t\tLECTOR N\u00ba 7\t\t\t<\/a>\n\t\t<\/h1>\n\t<\/div>\n\t\t<div class=\"sow-carousel-item\" tabindex=\"-1\" style=\"float: left;\">\n\t\t<div class=\"sow-carousel-thumbnail\">\n\t\t\t\t\t\t\t<a\n\t\t\t\t\thref=\"https:\/\/www.claret.cat\/es\/libro\/buena-letra-cursiva-10-9788472105386\/\"\n\t\t\t\t\ttarget=\"_blank\" rel=\"noopener noreferrer\"\t\t\t\t\tstyle=\"background-image: url( https:\/\/www.claret.cat\/wp-content\/uploads\/9788472105386-1-100x145.gif )\"\n\t\t\t\t\taria-labelledby=\"sow-carousel-id-1046358\"\n\t\t\t\t\ttabindex=\"-1\"\n\t\t\t\t>\n\t\t\t\t\t<span class=\"overlay\"><\/span>\n\t\t\t\t<\/a>\n\t\t\t\t\t<\/div>\n\t\t<h1 class=\"sow-carousel-item-title\">\n\t\t\t<a\n\t\t\t\thref=\"https:\/\/www.claret.cat\/es\/libro\/buena-letra-cursiva-10-9788472105386\/\"\n\t\t\t\tid=\"sow-carousel-id-1046358\"\n\t\t\t\ttarget=\"_blank\" rel=\"noopener noreferrer\"\t\t\t\ttabindex=\"-1\"\n\t\t\t>\n\n\t\t\t\tBUENA LETRA CURSIVA 10\t\t\t<\/a>\n\t\t<\/h1>\n\t<\/div>\n\t\t<div class=\"sow-carousel-item\" tabindex=\"-1\" style=\"float: left;\">\n\t\t<div class=\"sow-carousel-thumbnail\">\n\t\t\t\t\t\t\t<a\n\t\t\t\t\thref=\"https:\/\/www.claret.cat\/es\/libro\/camallarg-3-ne-9788468200613\/\"\n\t\t\t\t\ttarget=\"_blank\" rel=\"noopener noreferrer\"\t\t\t\t\tstyle=\"background-image: url( https:\/\/www.claret.cat\/wp-content\/uploads\/.\/9788468200613-150x150.jpg )\"\n\t\t\t\t\taria-labelledby=\"sow-carousel-id-1046314\"\n\t\t\t\t\ttabindex=\"-1\"\n\t\t\t\t>\n\t\t\t\t\t<span class=\"overlay\"><\/span>\n\t\t\t\t<\/a>\n\t\t\t\t\t<\/div>\n\t\t<h1 class=\"sow-carousel-item-title\">\n\t\t\t<a\n\t\t\t\thref=\"https:\/\/www.claret.cat\/es\/libro\/camallarg-3-ne-9788468200613\/\"\n\t\t\t\tid=\"sow-carousel-id-1046314\"\n\t\t\t\ttarget=\"_blank\" rel=\"noopener noreferrer\"\t\t\t\ttabindex=\"-1\"\n\t\t\t>\n\n\t\t\t\tCAMALLARG 3 N\/E\t\t\t<\/a>\n\t\t<\/h1>\n\t<\/div>\n\t\t<div class=\"sow-carousel-item\" tabindex=\"-1\" style=\"float: left;\">\n\t\t<div class=\"sow-carousel-thumbnail\">\n\t\t\t\t\t\t\t<a\n\t\t\t\t\thref=\"https:\/\/www.claret.cat\/es\/libro\/calculo-mental-5-santillana-cuadernos-9788468012414\/\"\n\t\t\t\t\ttarget=\"_blank\" rel=\"noopener noreferrer\"\t\t\t\t\tstyle=\"background-image: url( https:\/\/www.claret.cat\/wp-content\/uploads\/.\/9788468012414-150x150.jpg )\"\n\t\t\t\t\taria-labelledby=\"sow-carousel-id-1036589\"\n\t\t\t\t\ttabindex=\"-1\"\n\t\t\t\t>\n\t\t\t\t\t<span class=\"overlay\"><\/span>\n\t\t\t\t<\/a>\n\t\t\t\t\t<\/div>\n\t\t<h1 class=\"sow-carousel-item-title\">\n\t\t\t<a\n\t\t\t\thref=\"https:\/\/www.claret.cat\/es\/libro\/calculo-mental-5-santillana-cuadernos-9788468012414\/\"\n\t\t\t\tid=\"sow-carousel-id-1036589\"\n\t\t\t\ttarget=\"_blank\" rel=\"noopener noreferrer\"\t\t\t\ttabindex=\"-1\"\n\t\t\t>\n\n\t\t\t\tC\u00c1LCULO MENTAL 5 SANTILLANA CUADERNOS\t\t\t<\/a>\n\t\t<\/h1>\n\t<\/div>\n\t\t<div class=\"sow-carousel-item\" tabindex=\"-1\" style=\"float: left;\">\n\t\t<div class=\"sow-carousel-thumbnail\">\n\t\t\t\t\t\t\t<a\n\t\t\t\t\thref=\"https:\/\/www.claret.cat\/es\/libro\/grafomotricidad-4-mas-que-trazos-9788491890461\/\"\n\t\t\t\t\ttarget=\"_blank\" rel=\"noopener noreferrer\"\t\t\t\t\tstyle=\"background-image: url( https:\/\/www.claret.cat\/wp-content\/uploads\/.\/9788491890461-150x150.jpg )\"\n\t\t\t\t\taria-labelledby=\"sow-carousel-id-1036548\"\n\t\t\t\t\ttabindex=\"-1\"\n\t\t\t\t>\n\t\t\t\t\t<span class=\"overlay\"><\/span>\n\t\t\t\t<\/a>\n\t\t\t\t\t<\/div>\n\t\t<h1 class=\"sow-carousel-item-title\">\n\t\t\t<a\n\t\t\t\thref=\"https:\/\/www.claret.cat\/es\/libro\/grafomotricidad-4-mas-que-trazos-9788491890461\/\"\n\t\t\t\tid=\"sow-carousel-id-1036548\"\n\t\t\t\ttarget=\"_blank\" rel=\"noopener noreferrer\"\t\t\t\ttabindex=\"-1\"\n\t\t\t>\n\n\t\t\t\tGRAFOMOTRICIDAD 4. M\u00c1S QUE TRAZOS\t\t\t<\/a>\n\t\t<\/h1>\n\t<\/div>\n\t\t<div class=\"sow-carousel-item\" tabindex=\"-1\" style=\"float: left;\">\n\t\t<div class=\"sow-carousel-thumbnail\">\n\t\t\t\t\t\t\t<a\n\t\t\t\t\thref=\"https:\/\/www.claret.cat\/es\/libro\/competencia-matematica-rubio-3-catala-9788417427023\/\"\n\t\t\t\t\ttarget=\"_blank\" rel=\"noopener noreferrer\"\t\t\t\t\tstyle=\"background-image: url( https:\/\/www.claret.cat\/wp-content\/uploads\/.\/9788417427023-150x150.jpg )\"\n\t\t\t\t\taria-labelledby=\"sow-carousel-id-1036403\"\n\t\t\t\t\ttabindex=\"-1\"\n\t\t\t\t>\n\t\t\t\t\t<span class=\"overlay\"><\/span>\n\t\t\t\t<\/a>\n\t\t\t\t\t<\/div>\n\t\t<h1 class=\"sow-carousel-item-title\">\n\t\t\t<a\n\t\t\t\thref=\"https:\/\/www.claret.cat\/es\/libro\/competencia-matematica-rubio-3-catala-9788417427023\/\"\n\t\t\t\tid=\"sow-carousel-id-1036403\"\n\t\t\t\ttarget=\"_blank\" rel=\"noopener noreferrer\"\t\t\t\ttabindex=\"-1\"\n\t\t\t>\n\n\t\t\t\tCOMPET\u00c8NCIA MATEM\u00c0TICA RUBIO 3 (CATAL\u00c0)\t\t\t<\/a>\n\t\t<\/h1>\n\t<\/div>\n\t\t<div class=\"sow-carousel-item\" tabindex=\"-1\" style=\"float: left;\">\n\t\t<div class=\"sow-carousel-thumbnail\">\n\t\t\t\t\t\t\t<a\n\t\t\t\t\thref=\"https:\/\/www.claret.cat\/es\/libro\/rubio-english-8-years-beginners-9788415971795\/\"\n\t\t\t\t\ttarget=\"_blank\" rel=\"noopener noreferrer\"\t\t\t\t\tstyle=\"background-image: url( https:\/\/www.claret.cat\/wp-content\/uploads\/.\/9788415971795-150x150.jpg )\"\n\t\t\t\t\taria-labelledby=\"sow-carousel-id-1036394\"\n\t\t\t\t\ttabindex=\"-1\"\n\t\t\t\t>\n\t\t\t\t\t<span class=\"overlay\"><\/span>\n\t\t\t\t<\/a>\n\t\t\t\t\t<\/div>\n\t\t<h1 class=\"sow-carousel-item-title\">\n\t\t\t<a\n\t\t\t\thref=\"https:\/\/www.claret.cat\/es\/libro\/rubio-english-8-years-beginners-9788415971795\/\"\n\t\t\t\tid=\"sow-carousel-id-1036394\"\n\t\t\t\ttarget=\"_blank\" rel=\"noopener noreferrer\"\t\t\t\ttabindex=\"-1\"\n\t\t\t>\n\n\t\t\t\tRUBIO ENGLISH 8 YEARS BEGINNERS\t\t\t<\/a>\n\t\t<\/h1>\n\t<\/div>\n\t\t<div class=\"sow-carousel-item\" tabindex=\"-1\" style=\"float: left;\">\n\t\t<div class=\"sow-carousel-thumbnail\">\n\t\t\t\t\t\t\t<a\n\t\t\t\t\thref=\"https:\/\/www.claret.cat\/es\/libro\/rubio-english-8-years-advanced-9788415971801\/\"\n\t\t\t\t\ttarget=\"_blank\" rel=\"noopener noreferrer\"\t\t\t\t\tstyle=\"background-image: url( https:\/\/www.claret.cat\/wp-content\/uploads\/.\/9788415971801-150x150.jpg )\"\n\t\t\t\t\taria-labelledby=\"sow-carousel-id-1036391\"\n\t\t\t\t\ttabindex=\"-1\"\n\t\t\t\t>\n\t\t\t\t\t<span class=\"overlay\"><\/span>\n\t\t\t\t<\/a>\n\t\t\t\t\t<\/div>\n\t\t<h1 class=\"sow-carousel-item-title\">\n\t\t\t<a\n\t\t\t\thref=\"https:\/\/www.claret.cat\/es\/libro\/rubio-english-8-years-advanced-9788415971801\/\"\n\t\t\t\tid=\"sow-carousel-id-1036391\"\n\t\t\t\ttarget=\"_blank\" rel=\"noopener noreferrer\"\t\t\t\ttabindex=\"-1\"\n\t\t\t>\n\n\t\t\t\tRUBIO ENGLISH 8 YEARS ADVANCED\t\t\t<\/a>\n\t\t<\/h1>\n\t<\/div>\n\t\t<div class=\"sow-carousel-item\" tabindex=\"-1\" style=\"float: left;\">\n\t\t<div class=\"sow-carousel-thumbnail\">\n\t\t\t\t\t\t\t<a\n\t\t\t\t\thref=\"https:\/\/www.claret.cat\/es\/libro\/competencia-lectora-2-mon-espacial-catala-9788415971689\/\"\n\t\t\t\t\ttarget=\"_blank\" rel=\"noopener noreferrer\"\t\t\t\t\tstyle=\"background-image: url( https:\/\/www.claret.cat\/wp-content\/uploads\/.\/9788415971689-150x150.jpg )\"\n\t\t\t\t\taria-labelledby=\"sow-carousel-id-1036386\"\n\t\t\t\t\ttabindex=\"-1\"\n\t\t\t\t>\n\t\t\t\t\t<span class=\"overlay\"><\/span>\n\t\t\t\t<\/a>\n\t\t\t\t\t<\/div>\n\t\t<h1 class=\"sow-carousel-item-title\">\n\t\t\t<a\n\t\t\t\thref=\"https:\/\/www.claret.cat\/es\/libro\/competencia-lectora-2-mon-espacial-catala-9788415971689\/\"\n\t\t\t\tid=\"sow-carousel-id-1036386\"\n\t\t\t\ttarget=\"_blank\" rel=\"noopener noreferrer\"\t\t\t\ttabindex=\"-1\"\n\t\t\t>\n\n\t\t\t\tCOMPET\u00c8NCIA LECTORA 2. M\u00d3N ESPACIAL (CATAL\u00c0)\t\t\t<\/a>\n\t\t<\/h1>\n\t<\/div>\n\t\t\t<\/div>\n\t\t\t<\/div>\n\n\t<\/div>\n\t\t<input type=\"hidden\" name=\"instance_hash\" value=\"aafce5ba\"\/>\n\t<\/div>\n<\/div><\/div><\/div><\/div><\/div><\/div>","protected":false},"excerpt":{"rendered":"<p>Cuadernos de vacaciones 2026 Descubre aqu\u00ed los mejores cuadernos de vacaciones\u00a0 para todas las edades para el curso 2025\/2026 Los mejores cuadernos de vacaciones 2026 Descubre la mejor selecci\u00f3n de cuadernos de vacaciones 2026 en la Librer\u00eda Claret de Barcelona. Materiales educativos para todas las edades y niveles: infantil, primaria y secundaria. Ideales para reforzar [&hellip;]<\/p>\n","protected":false},"author":4,"featured_media":0,"parent":0,"menu_order":0,"comment_status":"closed","ping_status":"closed","template":"","meta":{"_acf_changed":false,"om_disable_all_campaigns":false,"rs_blank_template":"","rs_page_bg_color":"","slide_template_v7":"","inline_featured_image":false,"_monsterinsights_skip_tracking":false,"_monsterinsights_sitenote_active":false,"_monsterinsights_sitenote_note":"","_monsterinsights_sitenote_category":0,"footnotes":""},"class_list":["post-1032018","page","type-page","status-publish","hentry"],"acf":[],"aioseo_notices":[],"_links":{"self":[{"href":"https:\/\/www.claret.cat\/es\/wp-json\/wp\/v2\/pages\/1032018","targetHints":{"allow":["GET"]}}],"collection":[{"href":"https:\/\/www.claret.cat\/es\/wp-json\/wp\/v2\/pages"}],"about":[{"href":"https:\/\/www.claret.cat\/es\/wp-json\/wp\/v2\/types\/page"}],"author":[{"embeddable":true,"href":"https:\/\/www.claret.cat\/es\/wp-json\/wp\/v2\/users\/4"}],"replies":[{"embeddable":true,"href":"https:\/\/www.claret.cat\/es\/wp-json\/wp\/v2\/comments?post=1032018"}],"version-history":[{"count":5,"href":"https:\/\/www.claret.cat\/es\/wp-json\/wp\/v2\/pages\/1032018\/revisions"}],"predecessor-version":[{"id":1072805,"href":"https:\/\/www.claret.cat\/es\/wp-json\/wp\/v2\/pages\/1032018\/revisions\/1072805"}],"wp:attachment":[{"href":"https:\/\/www.claret.cat\/es\/wp-json\/wp\/v2\/media?parent=1032018"}],"curies":[{"name":"wp","href":"https:\/\/api.w.org\/{rel}","templated":true}]}}