{"id":1096442,"date":"2026-04-07T10:26:21","date_gmt":"2026-04-07T08:26:21","guid":{"rendered":"https:\/\/www.claret.cat\/llibres-sant-jordi-2026\/"},"modified":"2026-04-13T14:37:36","modified_gmt":"2026-04-13T12:37:36","slug":"mejores-libros-sant-jordi-2026","status":"publish","type":"page","link":"https:\/\/www.claret.cat\/es\/mejores-libros-sant-jordi-2026\/","title":{"rendered":"Los mejores libros para Sant Jordi 2026"},"content":{"rendered":"<div id=\"pl-1096442\"  class=\"panel-layout\" ><div id=\"pg-1096442-0\"  class=\"panel-grid panel-has-style\" ><div class=\"siteorigin-panels-stretch panel-row-style panel-row-style-for-1096442-0\" data-stretch-type=\"full-width-stretch\" ><div id=\"pgc-1096442-0-0\"  class=\"panel-grid-cell\" ><div id=\"panel-1096442-0-0-0\" class=\"so-panel widget widget_sow-hero panel-first-child panel-last-child\" data-index=\"0\" ><div\n\t\t\t\n\t\t\tclass=\"so-widget-sow-hero so-widget-sow-hero-default-b4767aa0b3ee-1096442 so-widget-fittext-wrapper\"\n\t\t\t data-fit-text-compressor=\"0.85\"\n\t\t>\t\t\t\t<div class=\"sow-slider-base\" style=\"display: none\" tabindex=\"0\">\n\t\t\t\t\t<ul\n\t\t\t\t\tclass=\"sow-slider-images\"\n\t\t\t\t\tdata-settings=\"{&quot;pagination&quot;:true,&quot;speed&quot;:800,&quot;timeout&quot;:8000,&quot;paused&quot;:false,&quot;pause_on_hover&quot;:false,&quot;swipe&quot;:true,&quot;nav_always_show_desktop&quot;:&quot;&quot;,&quot;nav_always_show_mobile&quot;:&quot;&quot;,&quot;breakpoint&quot;:&quot;780px&quot;,&quot;unmute&quot;:false,&quot;anchor&quot;:null}\"\n\t\t\t\t\tstyle=\"min-height: 830px\"\t\t\t\t\tdata-anchor-id=\"\"\n\t\t\t\t>\t\t<li class=\"sow-slider-image  sow-slider-image-cover\" style=\"visibility: visible;;background-color: rgba(0,0,0,0.95)\" >\n\t\t\t\t\t\t\t<div class=\"sowb-slider-background-alt so-sr-only\">\n\t\t\t\t\tCompra aqu\u00ed els millors llibres per Sant Jordi 2026 - Llibreria Claret Barcelona\t\t\t\t<\/div>\n\t\t\t\t\t\t<div class=\"sow-slider-image-container\">\n\t\t\t<div class=\"sow-slider-image-wrapper\">\n\t\t\t\t<h1 style=\"text-align: center\"><strong>Los mejores libros para Sant Jordi 2026<\/strong><\/h1>\n<h1 style=\"text-align: center\"><strong><span style=\"font-size: 16px\">Encuentra aqu\u00ed las \u00faltimas novedades literarias y recomendaciones imprescindibles para regalar el D\u00eda del Libro<\/span><\/strong><\/h1>\n\t\t\t<\/div>\n\t\t<\/div>\n\t\t<div class=\"sow-slider-image-overlay sow-slider-image-cover\" style=\"opacity: 0.39;background-image: url(https:\/\/www.claret.cat\/wp-content\/uploads\/san-jorge-1024x576.jpg)\"  ><\/div>\t\t<\/li>\n\t\t<\/ul>\t\t\t\t<ol class=\"sow-slider-pagination\">\n\t\t\t\t\t\t\t\t\t\t\t<li><a href=\"#\" data-goto=\"0\" aria-label=\"mostrar diapositiva 1\"><\/a><\/li>\n\t\t\t\t\t\t\t\t\t<\/ol>\n\n\t\t\t\t<div class=\"sow-slide-nav sow-slide-nav-next\">\n\t\t\t\t\t<a href=\"#\" data-goto=\"next\" aria-label=\"diapositiva siguiente\" data-action=\"next\">\n\t\t\t\t\t\t<em class=\"sow-sld-icon-thin-right\"><\/em>\n\t\t\t\t\t<\/a>\n\t\t\t\t<\/div>\n\n\t\t\t\t<div class=\"sow-slide-nav sow-slide-nav-prev\">\n\t\t\t\t\t<a href=\"#\" data-goto=\"previous\" aria-label=\"diapositiva anterior\" data-action=\"prev\">\n\t\t\t\t\t\t<em class=\"sow-sld-icon-thin-left\"><\/em>\n\t\t\t\t\t<\/a>\n\t\t\t\t<\/div>\n\t\t\t\t<\/div><\/div><\/div><\/div><\/div><\/div><div id=\"pg-1096442-1\"  class=\"panel-grid panel-has-style\" ><div class=\"panel-row-style panel-row-style-for-1096442-1\" ><div id=\"pgc-1096442-1-0\"  class=\"panel-grid-cell\" ><div id=\"panel-1096442-1-0-0\" class=\"so-panel widget widget_sow-headline panel-first-child panel-last-child\" data-index=\"1\" ><div\n\t\t\t\n\t\t\tclass=\"so-widget-sow-headline so-widget-sow-headline-default-dd0279f7984e-1096442 so-widget-fittext-wrapper\"\n\t\t\t data-fit-text-compressor=\"0.85\"\n\t\t><div class=\"sow-headline-container \">\n\t\t\t\t\t\t\t<h1 class=\"sow-headline\">\n\t\t\t\t\t\t\u00bfA\u00fan no sabes qu\u00e9 libro regalar?\t\t\t\t\t\t<\/h1>\n\t\t\t\t\t\t\t\t\t\t\t\t<p class=\"sow-sub-headline\">\n\t\t\t\t\t\tA la <strong>Llibrer\u00eda Claret Barcelona<\/strong> hemos preparado una selecci\u00f3n de <strong>libros recomendados para Sant Jordi 2026<\/strong> pensada para ayudarte a encontrar el regalo ideal. En ella descubrir\u00e1s lecturas con sentido, perfectas para emocionar, reflexionar y compartir durante uno de los d\u00edas m\u00e1s especiales del a\u00f1o.  <p>Si buscas <strong>libros para regalar por Sant Jordi en Barcelona<\/strong>, en Claret encontrar\u00e1s propuestas para todas las edades e intereses. Aprovecha ahora nuestro <strong>descuento exclusivo hasta el 23 de abril<\/strong> y celebra Sant Jordi con los mejores libros.<\/p> \t\t\t\t\t\t<\/p>\n\t\t\t\t\t\t<\/div>\n<\/div><\/div><\/div><\/div><\/div><div id=\"pg-1096442-2\"  class=\"panel-grid panel-has-style\" ><div class=\"siteorigin-panels-stretch panel-row-style panel-row-style-for-1096442-2\" data-stretch-type=\"full\" ><div id=\"pgc-1096442-2-0\"  class=\"panel-grid-cell\" ><div id=\"panel-1096442-2-0-0\" class=\"so-panel widget widget_sow-post-carousel panel-first-child panel-last-child\" data-index=\"2\" ><div\n\t\t\t\n\t\t\tclass=\"so-widget-sow-post-carousel so-widget-sow-post-carousel-base-b90cf68e1bd5-1096442\"\n\t\t\t\n\t\t>\t<div\n\t\tclass=\"sow-post-carousel-wrapper sow-post-carousel-theme-base\"\n\t\tstyle=\"overflow: hidden; max-width: 100%; min-height: 150px\"\n\t>\n\t\t<div class=\"sow-carousel-title has-title\">\n\t<h3 class=\"widget-title\">Novedades y recomendaciones 2026<\/h3>\t\t<div class=\"sow-carousel-navigation \">\n\t\t\t\t\t\t<a href=\"#\" class=\"sow-carousel-next\" title=\"Siguiente\" aria-label=\"Entradas siguientes\" role=\"button\"><\/a>\n\t\t\t\t\t\t<a href=\"#\" class=\"sow-carousel-previous\" title=\"Anterior\" aria-label=\"Entradas anteriores\" role=\"button\"><\/a>\n\t\t\t\t\t<\/div>\n\t<\/div>\n\n<div class=\"sow-carousel-container \">\n\t\t<div class=\"sow-carousel-wrapper\"\n\t\tdata-dir=\"ltr\"\n\t\tstyle=\"opacity: 0;\"\n\t\tdata-widget=\"post\" data-fetching=\"false\" data-page=\"1\" data-ajax-url=\"https:\/\/www.claret.cat\/ajax\/admin-ajax.php?_widgets_nonce=a6ccaeca11\" data-item_count=\"16\" data-carousel_settings=\"{&quot;loop&quot;:false,&quot;animation&quot;:&quot;linear&quot;,&quot;animation_speed&quot;:400,&quot;autoplay&quot;:&quot;off&quot;,&quot;pauseOnHover&quot;:&quot;&quot;,&quot;autoplaySpeed&quot;:8000,&quot;item_overflow&quot;:true,&quot;autoplay_continuous_scroll&quot;:false}\" data-responsive=\"{&quot;desktop_slides_to_scroll&quot;:9,&quot;tablet_landscape_breakpoint&quot;:1366,&quot;tablet_landscape_slides_to_scroll&quot;:2,&quot;tablet_portrait_breakpoint&quot;:1025,&quot;tablet_portrait_slides_to_scroll&quot;:2,&quot;mobile_breakpoint&quot;:480,&quot;mobile_slides_to_scroll&quot;:1}\" data-variable_width=\"true\" \t>\n\t\t<div\n\t\t\tclass=\"sow-carousel-items\"\n\t\t\t\t\t>\n\t\t\t\t<div class=\"sow-carousel-item\" tabindex=\"-1\" style=\"float: left;\">\n\t\t<div class=\"sow-carousel-thumbnail\">\n\t\t\t\t\t\t\t<a\n\t\t\t\t\thref=\"https:\/\/www.claret.cat\/es\/libro\/la-prometida-9788466683067\/\"\n\t\t\t\t\ttarget=\"_blank\" rel=\"noopener noreferrer\"\t\t\t\t\tstyle=\"background-image: url( https:\/\/www.claret.cat\/wp-content\/uploads\/.\/9788466683067-1-150x150.jpg )\"\n\t\t\t\t\taria-labelledby=\"sow-carousel-id-1096404\"\n\t\t\t\t\ttabindex=\"-1\"\n\t\t\t\t>\n\t\t\t\t\t<span class=\"overlay\"><\/span>\n\t\t\t\t<\/a>\n\t\t\t\t\t<\/div>\n\t\t<h1 class=\"sow-carousel-item-title\">\n\t\t\t<a\n\t\t\t\thref=\"https:\/\/www.claret.cat\/es\/libro\/la-prometida-9788466683067\/\"\n\t\t\t\tid=\"sow-carousel-id-1096404\"\n\t\t\t\ttarget=\"_blank\" rel=\"noopener noreferrer\"\t\t\t\ttabindex=\"-1\"\n\t\t\t>\n\n\t\t\t\tLA PROMETIDA\t\t\t<\/a>\n\t\t<\/h1>\n\t<\/div>\n\t\t<div class=\"sow-carousel-item\" tabindex=\"-1\" style=\"float: left;\">\n\t\t<div class=\"sow-carousel-thumbnail\">\n\t\t\t\t\t\t\t<a\n\t\t\t\t\thref=\"https:\/\/www.claret.cat\/es\/libro\/una-nina-buena-9788491296898\/\"\n\t\t\t\t\ttarget=\"_blank\" rel=\"noopener noreferrer\"\t\t\t\t\tstyle=\"background-image: url( https:\/\/www.claret.cat\/wp-content\/uploads\/.\/9788491296898-3-150x150.jpg )\"\n\t\t\t\t\taria-labelledby=\"sow-carousel-id-1096123\"\n\t\t\t\t\ttabindex=\"-1\"\n\t\t\t\t>\n\t\t\t\t\t<span class=\"overlay\"><\/span>\n\t\t\t\t<\/a>\n\t\t\t\t\t<\/div>\n\t\t<h1 class=\"sow-carousel-item-title\">\n\t\t\t<a\n\t\t\t\thref=\"https:\/\/www.claret.cat\/es\/libro\/una-nina-buena-9788491296898\/\"\n\t\t\t\tid=\"sow-carousel-id-1096123\"\n\t\t\t\ttarget=\"_blank\" rel=\"noopener noreferrer\"\t\t\t\ttabindex=\"-1\"\n\t\t\t>\n\n\t\t\t\tUNA NI\u00d1A BUENA\t\t\t<\/a>\n\t\t<\/h1>\n\t<\/div>\n\t\t<div class=\"sow-carousel-item\" tabindex=\"-1\" style=\"float: left;\">\n\t\t<div class=\"sow-carousel-thumbnail\">\n\t\t\t\t\t\t\t<a\n\t\t\t\t\thref=\"https:\/\/www.claret.cat\/es\/libro\/la-palabra-magica-9788401039447\/\"\n\t\t\t\t\ttarget=\"_blank\" rel=\"noopener noreferrer\"\t\t\t\t\tstyle=\"background-image: url( https:\/\/www.claret.cat\/wp-content\/uploads\/.\/9788401039447-2-150x150.jpg )\"\n\t\t\t\t\taria-labelledby=\"sow-carousel-id-1094875\"\n\t\t\t\t\ttabindex=\"-1\"\n\t\t\t\t>\n\t\t\t\t\t<span class=\"overlay\"><\/span>\n\t\t\t\t<\/a>\n\t\t\t\t\t<\/div>\n\t\t<h1 class=\"sow-carousel-item-title\">\n\t\t\t<a\n\t\t\t\thref=\"https:\/\/www.claret.cat\/es\/libro\/la-palabra-magica-9788401039447\/\"\n\t\t\t\tid=\"sow-carousel-id-1094875\"\n\t\t\t\ttarget=\"_blank\" rel=\"noopener noreferrer\"\t\t\t\ttabindex=\"-1\"\n\t\t\t>\n\n\t\t\t\tLA PALABRA M\u00c1GICA\t\t\t<\/a>\n\t\t<\/h1>\n\t<\/div>\n\t\t<div class=\"sow-carousel-item\" tabindex=\"-1\" style=\"float: left;\">\n\t\t<div class=\"sow-carousel-thumbnail\">\n\t\t\t\t\t\t\t<a\n\t\t\t\t\thref=\"https:\/\/www.claret.cat\/es\/libro\/peces-9788439746959\/\"\n\t\t\t\t\ttarget=\"_blank\" rel=\"noopener noreferrer\"\t\t\t\t\tstyle=\"background-image: url( https:\/\/www.claret.cat\/wp-content\/uploads\/.\/9788439746959-1-150x150.jpg )\"\n\t\t\t\t\taria-labelledby=\"sow-carousel-id-1094870\"\n\t\t\t\t\ttabindex=\"-1\"\n\t\t\t\t>\n\t\t\t\t\t<span class=\"overlay\"><\/span>\n\t\t\t\t<\/a>\n\t\t\t\t\t<\/div>\n\t\t<h1 class=\"sow-carousel-item-title\">\n\t\t\t<a\n\t\t\t\thref=\"https:\/\/www.claret.cat\/es\/libro\/peces-9788439746959\/\"\n\t\t\t\tid=\"sow-carousel-id-1094870\"\n\t\t\t\ttarget=\"_blank\" rel=\"noopener noreferrer\"\t\t\t\ttabindex=\"-1\"\n\t\t\t>\n\n\t\t\t\tPECES\t\t\t<\/a>\n\t\t<\/h1>\n\t<\/div>\n\t\t<div class=\"sow-carousel-item\" tabindex=\"-1\" style=\"float: left;\">\n\t\t<div class=\"sow-carousel-thumbnail\">\n\t\t\t\t\t\t\t<a\n\t\t\t\t\thref=\"https:\/\/www.claret.cat\/es\/libro\/nunca-estuviste-solo-9788425368745\/\"\n\t\t\t\t\ttarget=\"_blank\" rel=\"noopener noreferrer\"\t\t\t\t\tstyle=\"background-image: url( https:\/\/www.claret.cat\/wp-content\/uploads\/.\/9788425368745-3-150x150.jpg )\"\n\t\t\t\t\taria-labelledby=\"sow-carousel-id-1094712\"\n\t\t\t\t\ttabindex=\"-1\"\n\t\t\t\t>\n\t\t\t\t\t<span class=\"overlay\"><\/span>\n\t\t\t\t<\/a>\n\t\t\t\t\t<\/div>\n\t\t<h1 class=\"sow-carousel-item-title\">\n\t\t\t<a\n\t\t\t\thref=\"https:\/\/www.claret.cat\/es\/libro\/nunca-estuviste-solo-9788425368745\/\"\n\t\t\t\tid=\"sow-carousel-id-1094712\"\n\t\t\t\ttarget=\"_blank\" rel=\"noopener noreferrer\"\t\t\t\ttabindex=\"-1\"\n\t\t\t>\n\n\t\t\t\tNUNCA ESTUVISTE SOLO\t\t\t<\/a>\n\t\t<\/h1>\n\t<\/div>\n\t\t<div class=\"sow-carousel-item\" tabindex=\"-1\" style=\"float: left;\">\n\t\t<div class=\"sow-carousel-thumbnail\">\n\t\t\t\t\t\t\t<a\n\t\t\t\t\thref=\"https:\/\/www.claret.cat\/es\/libro\/rostros-de-perdon-9791399136296\/\"\n\t\t\t\t\ttarget=\"_blank\" rel=\"noopener noreferrer\"\t\t\t\t\tstyle=\"background-image: url( https:\/\/www.claret.cat\/wp-content\/uploads\/.\/9791399136296-1-150x150.jpg )\"\n\t\t\t\t\taria-labelledby=\"sow-carousel-id-1093897\"\n\t\t\t\t\ttabindex=\"-1\"\n\t\t\t\t>\n\t\t\t\t\t<span class=\"overlay\"><\/span>\n\t\t\t\t<\/a>\n\t\t\t\t\t<\/div>\n\t\t<h1 class=\"sow-carousel-item-title\">\n\t\t\t<a\n\t\t\t\thref=\"https:\/\/www.claret.cat\/es\/libro\/rostros-de-perdon-9791399136296\/\"\n\t\t\t\tid=\"sow-carousel-id-1093897\"\n\t\t\t\ttarget=\"_blank\" rel=\"noopener noreferrer\"\t\t\t\ttabindex=\"-1\"\n\t\t\t>\n\n\t\t\t\tROSTROS DE PERD\u00d3N\t\t\t<\/a>\n\t\t<\/h1>\n\t<\/div>\n\t\t<div class=\"sow-carousel-item\" tabindex=\"-1\" style=\"float: left;\">\n\t\t<div class=\"sow-carousel-thumbnail\">\n\t\t\t\t\t\t\t<a\n\t\t\t\t\thref=\"https:\/\/www.claret.cat\/es\/libro\/la-chica-mas-lista-que-conozco-9788426433190\/\"\n\t\t\t\t\ttarget=\"_blank\" rel=\"noopener noreferrer\"\t\t\t\t\tstyle=\"background-image: url( https:\/\/www.claret.cat\/wp-content\/uploads\/.\/9788426433190-150x150.jpg )\"\n\t\t\t\t\taria-labelledby=\"sow-carousel-id-1088688\"\n\t\t\t\t\ttabindex=\"-1\"\n\t\t\t\t>\n\t\t\t\t\t<span class=\"overlay\"><\/span>\n\t\t\t\t<\/a>\n\t\t\t\t\t<\/div>\n\t\t<h1 class=\"sow-carousel-item-title\">\n\t\t\t<a\n\t\t\t\thref=\"https:\/\/www.claret.cat\/es\/libro\/la-chica-mas-lista-que-conozco-9788426433190\/\"\n\t\t\t\tid=\"sow-carousel-id-1088688\"\n\t\t\t\ttarget=\"_blank\" rel=\"noopener noreferrer\"\t\t\t\ttabindex=\"-1\"\n\t\t\t>\n\n\t\t\t\tLA CHICA M\u00c1S LISTA QUE CONOZCO\t\t\t<\/a>\n\t\t<\/h1>\n\t<\/div>\n\t\t<div class=\"sow-carousel-item\" tabindex=\"-1\" style=\"float: left;\">\n\t\t<div class=\"sow-carousel-thumbnail\">\n\t\t\t\t\t\t\t<a\n\t\t\t\t\thref=\"https:\/\/www.claret.cat\/es\/libro\/indignidad-9788433949035\/\"\n\t\t\t\t\ttarget=\"_blank\" rel=\"noopener noreferrer\"\t\t\t\t\tstyle=\"background-image: url( https:\/\/www.claret.cat\/wp-content\/uploads\/.\/9788433949035-2-150x150.jpg )\"\n\t\t\t\t\taria-labelledby=\"sow-carousel-id-1087671\"\n\t\t\t\t\ttabindex=\"-1\"\n\t\t\t\t>\n\t\t\t\t\t<span class=\"overlay\"><\/span>\n\t\t\t\t<\/a>\n\t\t\t\t\t<\/div>\n\t\t<h1 class=\"sow-carousel-item-title\">\n\t\t\t<a\n\t\t\t\thref=\"https:\/\/www.claret.cat\/es\/libro\/indignidad-9788433949035\/\"\n\t\t\t\tid=\"sow-carousel-id-1087671\"\n\t\t\t\ttarget=\"_blank\" rel=\"noopener noreferrer\"\t\t\t\ttabindex=\"-1\"\n\t\t\t>\n\n\t\t\t\tINDIGNIDAD\t\t\t<\/a>\n\t\t<\/h1>\n\t<\/div>\n\t\t<div class=\"sow-carousel-item\" tabindex=\"-1\" style=\"float: left;\">\n\t\t<div class=\"sow-carousel-thumbnail\">\n\t\t\t\t\t\t\t<a\n\t\t\t\t\thref=\"https:\/\/www.claret.cat\/es\/libro\/maite-9788411077484\/\"\n\t\t\t\t\ttarget=\"_blank\" rel=\"noopener noreferrer\"\t\t\t\t\tstyle=\"background-image: url( https:\/\/www.claret.cat\/wp-content\/uploads\/.\/9788411077484-1-150x150.jpg )\"\n\t\t\t\t\taria-labelledby=\"sow-carousel-id-1087467\"\n\t\t\t\t\ttabindex=\"-1\"\n\t\t\t\t>\n\t\t\t\t\t<span class=\"overlay\"><\/span>\n\t\t\t\t<\/a>\n\t\t\t\t\t<\/div>\n\t\t<h1 class=\"sow-carousel-item-title\">\n\t\t\t<a\n\t\t\t\thref=\"https:\/\/www.claret.cat\/es\/libro\/maite-9788411077484\/\"\n\t\t\t\tid=\"sow-carousel-id-1087467\"\n\t\t\t\ttarget=\"_blank\" rel=\"noopener noreferrer\"\t\t\t\ttabindex=\"-1\"\n\t\t\t>\n\n\t\t\t\tMAITE\t\t\t<\/a>\n\t\t<\/h1>\n\t<\/div>\n\t\t<div class=\"sow-carousel-item\" tabindex=\"-1\" style=\"float: left;\">\n\t\t<div class=\"sow-carousel-thumbnail\">\n\t\t\t\t\t\t\t<a\n\t\t\t\t\thref=\"https:\/\/www.claret.cat\/es\/libro\/anatomia-de-la-esperanza-9788423369249\/\"\n\t\t\t\t\ttarget=\"_blank\" rel=\"noopener noreferrer\"\t\t\t\t\tstyle=\"background-image: url( https:\/\/www.claret.cat\/wp-content\/uploads\/.\/9788423369249-2-150x150.jpg )\"\n\t\t\t\t\taria-labelledby=\"sow-carousel-id-1080000\"\n\t\t\t\t\ttabindex=\"-1\"\n\t\t\t\t>\n\t\t\t\t\t<span class=\"overlay\"><\/span>\n\t\t\t\t<\/a>\n\t\t\t\t\t<\/div>\n\t\t<h1 class=\"sow-carousel-item-title\">\n\t\t\t<a\n\t\t\t\thref=\"https:\/\/www.claret.cat\/es\/libro\/anatomia-de-la-esperanza-9788423369249\/\"\n\t\t\t\tid=\"sow-carousel-id-1080000\"\n\t\t\t\ttarget=\"_blank\" rel=\"noopener noreferrer\"\t\t\t\ttabindex=\"-1\"\n\t\t\t>\n\n\t\t\t\tANATOM\u00cdA DE LA ESPERANZA\t\t\t<\/a>\n\t\t<\/h1>\n\t<\/div>\n\t\t\t<\/div>\n\t\t\t<\/div>\n\n\t<\/div>\n\t\t<input type=\"hidden\" name=\"instance_hash\" value=\"48b12d8f\"\/>\n\t<\/div>\n<\/div><\/div><\/div><\/div><\/div><\/div>","protected":false},"excerpt":{"rendered":"<p>Compra aqu\u00ed els millors llibres per Sant Jordi 2026 &#8211; Llibreria Claret Barcelona Los mejores libros para Sant Jordi 2026 Encuentra aqu\u00ed las \u00faltimas novedades literarias y recomendaciones imprescindibles para regalar el D\u00eda del Libro \u00bfA\u00fan no sabes qu\u00e9 libro regalar? A la Llibrer\u00eda Claret Barcelona hemos preparado una selecci\u00f3n de libros recomendados para Sant [&hellip;]<\/p>\n","protected":false},"author":4,"featured_media":1094830,"parent":0,"menu_order":0,"comment_status":"closed","ping_status":"closed","template":"","meta":{"_acf_changed":false,"om_disable_all_campaigns":false,"rs_blank_template":"","rs_page_bg_color":"","slide_template_v7":"","inline_featured_image":false,"_monsterinsights_skip_tracking":false,"_monsterinsights_sitenote_active":false,"_monsterinsights_sitenote_note":"","_monsterinsights_sitenote_category":0,"footnotes":""},"class_list":["post-1096442","page","type-page","status-publish","has-post-thumbnail","hentry"],"acf":[],"aioseo_notices":[],"_links":{"self":[{"href":"https:\/\/www.claret.cat\/es\/wp-json\/wp\/v2\/pages\/1096442","targetHints":{"allow":["GET"]}}],"collection":[{"href":"https:\/\/www.claret.cat\/es\/wp-json\/wp\/v2\/pages"}],"about":[{"href":"https:\/\/www.claret.cat\/es\/wp-json\/wp\/v2\/types\/page"}],"author":[{"embeddable":true,"href":"https:\/\/www.claret.cat\/es\/wp-json\/wp\/v2\/users\/4"}],"replies":[{"embeddable":true,"href":"https:\/\/www.claret.cat\/es\/wp-json\/wp\/v2\/comments?post=1096442"}],"version-history":[{"count":2,"href":"https:\/\/www.claret.cat\/es\/wp-json\/wp\/v2\/pages\/1096442\/revisions"}],"predecessor-version":[{"id":1096464,"href":"https:\/\/www.claret.cat\/es\/wp-json\/wp\/v2\/pages\/1096442\/revisions\/1096464"}],"wp:featuredmedia":[{"embeddable":true,"href":"https:\/\/www.claret.cat\/es\/wp-json\/wp\/v2\/media\/1094830"}],"wp:attachment":[{"href":"https:\/\/www.claret.cat\/es\/wp-json\/wp\/v2\/media?parent=1096442"}],"curies":[{"name":"wp","href":"https:\/\/api.w.org\/{rel}","templated":true}]}}