{"id":7441,"date":"2022-07-22T20:25:34","date_gmt":"2022-07-22T18:25:34","guid":{"rendered":"http:\/\/dev.claret.cat\/?page_id=7441"},"modified":"2022-12-14T10:29:55","modified_gmt":"2022-12-14T09:29:55","slug":"aviso-legal","status":"publish","type":"page","link":"https:\/\/www.claret.cat\/es\/aviso-legal\/","title":{"rendered":"Aviso legal"},"content":{"rendered":"<div id=\"pl-7441\"  class=\"panel-layout\" ><div id=\"pg-7441-0\"  class=\"panel-grid panel-no-style\" ><div id=\"pgc-7441-0-0\"  class=\"panel-grid-cell\" ><div id=\"panel-7441-0-0-0\" class=\"so-panel widget widget_sow-editor panel-first-child panel-last-child\" data-index=\"0\" ><div\n\t\t\t\n\t\t\tclass=\"so-widget-sow-editor so-widget-sow-editor-base\"\n\t\t\t\n\t\t>\n<div class=\"siteorigin-widget-tinymce textwidget\">\n\t<ol>\n<li>\n<h2>Datos de identificaci\u00f3n del titular del lugar web<\/h2>\n<\/li>\n<\/ol>\n<ul>\n<li>Denominaci\u00f3n social: EDITORIAL CLARET, S.L.U<\/li>\n<li>Sitio\/P\u00e1gina <a href=\"http:\/\/www.claret.cat\">web: claret.cat<\/a><\/li>\n<li>Domicilio Social: Sic\u00edlia, 410, 08025 Barcelona<\/li>\n<li>Datos registrales: inscrita en el Registro Mercantil de Barcelona, Tomo 8466, folio 155, B62262, Inscripci\u00f3n 10.<\/li>\n<li>NIF: B08521965<\/li>\n<li>Tel\u00e9fono: +34 33010887<\/li>\n<li>Correo electr\u00f3nico: <a href=\"mailto:llibreria@claret.es\">llibreria@claret.es<\/a><\/li>\n<\/ul>\n<p>Desde ahora en adelante \"el titular del Lugar web\".<\/p>\n<ol start=\"2\">\n<li>\n<h2>Aceptaci\u00f3n<\/h2>\n<\/li>\n<\/ol>\n<p>Los usuarios reconocen y aceptan haber le\u00eddo y comprendido el presente Aviso Legal el contenido del cual constituye la totalidad del acuerdo entre el usuario y el titular del Lugar web. Al utilizar los servicios de este Lugar web, los usuarios expresamente reconocen y aceptan obligarse al cumplimiento del presente Aviso Legal, as\u00ed como a la Pol\u00edtica de <a href=\"\/es\/politica-de-privacidad\/\">Privacidad<\/a> y <a href=\"\/es\/politica-de-cookies\/\">Cookies<\/a>.<\/p>\n<ol start=\"3\">\n<li>\n<h2>Objeto del Aviso Legal<\/h2>\n<\/li>\n<\/ol>\n<p>El titular del Lugar web, pone a disposici\u00f3n de los usuarios el presente documento con el cual pretende dar cumplimiento a las obligaciones dispuestas en la Ley 34\/2002, de Servicios de la Sociedad de la Informaci\u00f3n y del Comercio Electr\u00f3nico (LSSICE), as\u00ed como informar a todos los usuarios del Lugar web respecto a cu\u00e1les son las condiciones de uso del Lugar web.<\/p>\n<p>Toda persona que acceda a este Lugar web asume el papel de usuario, comprometi\u00e9ndose a la observancia y cumplimiento riguroso de las disposiciones aqu\u00ed dispuestas, as\u00ed como a cualquier otra disposici\u00f3n legal que fuese aplicable.<\/p>\n<p>El titular del Lugar web se reserva el derecho de modificar cualquier tipo de informaci\u00f3n que pueda aparecer en el Lugar web, sin que exista obligaci\u00f3n de avisar o poner en conocimiento de los usuarios estas modificaciones, entendi\u00e9ndose como suficiente la publicaci\u00f3n en el Lugar web del titular del Lugar web.<\/p>\n<ol start=\"4\">\n<li>\n<h2>Exclusi\u00f3n de garant\u00edas y responsabilidades<\/h2>\n<\/li>\n<\/ol>\n<p>El titular del Lugar web se exime de cualquier tipo de responsabilidad derivada de la informaci\u00f3n publicada en su Lugar web, siempre que esta informaci\u00f3n haya sido manipulada o introducida en su lugar por una tercera persona ajena.<\/p>\n<p>Desde este Lugar web es posible redirigirse a contenidos de terceros Lugares web. Atendiendo que el titular del Lugar web no puede controlar siempre los contenidos introducidos por terceros en sus Lugares web, \u00e9ste no asume ning\u00fan tipo de responsabilidad respecto a estos contenidos. En cualquier caso, el titular del Lugar web manifiesta que proceder\u00e1, cuando tenga conocimiento efectivo de estos hechos, a la retirada inmediata de cualquier contenido que pueda contravenir la legislaci\u00f3n nacional o internacional, la moral o el orden p\u00fablico, procediendo a la retirada inmediata de la redirecci\u00f3n a este Lugar web, poniendo en conocimiento de las autoridades competentes el contenido en cuesti\u00f3n.<\/p>\n<p>El titular del Lugar web no se hace responsable de la informaci\u00f3n, programas, links y contenidos almacenados, a t\u00edtulo enunciativo pero no limitativo, en f\u00f3rums, chats, generadores de blogs, comentarios, redes sociales o cualquier otro medio que permita a terceros publicar contenidos de forma independiente en el Lugar web del titular del Lugar web. No obstante esto y en cumplimiento de lo que disponen los art\u00edculos 11 y 16 de la LSSICE, el titular del Lugar web se pone a disposici\u00f3n de todos los usuarios, autoridades y fuerzas de seguridad, colaborando de forma activa en la retirada o, si procede, bloqueo de todos aquellos contenidos que puedan afectar o contravenir la legislaci\u00f3n nacional, o internacional, derechos de terceros o la moral y el orden p\u00fablico. En caso de que el usuario considere que existe en el Lugar web alg\u00fan contenido que pueda ser susceptible de esta clasificaci\u00f3n, se ruega que lo haga saber de forma inmediata al administrador del Lugar web.<\/p>\n<ol start=\"5\">\n<li>\n<h2>Contenidos<\/h2>\n<\/li>\n<\/ol>\n<p>Este Lugar web tiene como finalidad divulgar y compartir conocimientos que se realiza en Editorial Claret. El titular del Lugar web se reserva el derecho de hacer, en cualquier momento y sin aviso previo, modificaciones de los contenidos y de la presentaci\u00f3n de su Lugar web.<\/p>\n<p>El titular del Lugar web no asumir\u00e1 ninguna responsabilidad sobre el uso inadecuado de los contenidos del Lugar web que puedan realizar los usuarios, reserv\u00e1ndose, si procede, la posibilidad de bloquear el acceso a dichos usuarios.<\/p>\n<ol start=\"6\">\n<li>\n<h2>Enlaces<\/h2>\n<\/li>\n<\/ol>\n<p>El titular del Lugar web pone enlaces a la disposici\u00f3n de los usuarios para facilitar la b\u00fasqueda y acceso a la informaci\u00f3n, servicios y otros contenidos relevantes disponibles en Internet. Los enlaces o links habilitados en este Lugar web pueden conducir al usuario a otros lugares y p\u00e1ginas web gestionadas por terceros, sobre los cuales el titular del Lugar web no ejerce ning\u00fan tipo de control.<\/p>\n<p>El titular del Lugar web no asume ninguna obligaci\u00f3n de vigilar ni de verificar las informaciones o contenidos de los otros lugares web a los cuales pueda accederse mediante los hiperenlaces existentes en aquel. No obstante, asume solamente el deber de suprimir del Lugar web, lo m\u00e1s pronto posible, las informaciones, contenidos o servicios que no se correspondan con la realidad, o puedan inducir a error o causar da\u00f1o al usuario.<\/p>\n<ol start=\"7\">\n<li>\n<h2>Propiedad intelectual e industrial<\/h2>\n<\/li>\n<\/ol>\n<p>Quedan reservados todos los derechos de explotaci\u00f3n. Este Lugar web se rige por las leyes espa\u00f1olas, y se encuentra protegido por la legislaci\u00f3n nacional e internacional sobre propiedad intelectual e industrial.<\/p>\n<p>Independientemente de la finalidad a la que fuesen destinados, la reproducci\u00f3n total o parcial, uso, explotaci\u00f3n, distribuci\u00f3n y comercializaci\u00f3n, requiere en todo caso la autorizaci\u00f3n escrita previa de parte de Editorial Claret de Barcelona en tanto titular del Lugar web. Cualquier uso no autorizado previamente por la Editorial Claret ser\u00e1 considerado un incumplimiento grave de los derechos de propiedad intelectual e industrial del autor.<\/p>\n<p>Los dise\u00f1os, logotipos, texto y\/o gr\u00e1ficos ajenos al prestador y que pudieran aparecer en el Lugar web, pertenecen a sus respectivos propietarios, siendo ellos mismos responsables de cualquier posible controversia que pudiera surgir respecto a los mismos.<\/p>\n<p>El titular del Lugar web reconoce a favor de sus titulares los correspondientes derechos de propiedad intelectual e industrial, no implicando la sola referencia o aparici\u00f3n en el Lugar web la existencia de derechos o responsabilidad del titular del Lugar web sobre los mismos, como tampoco soporte, patrocinio o recomendaci\u00f3n de parte del mismo.<\/p>\n<p>El titular del Lugar web muestra su agradecimiento tambi\u00e9n a las fuentes de Internet de donde se han obtenido algunas de les im\u00e1genes que ilustran los contenidos del lugar, y de las que hace referencia siempre que ha sido posible. Creemos que estas im\u00e1genes pueden contribuir de forma decisiva a una transmisi\u00f3n m\u00e1s clara del conocimiento hacia la sociedad.<\/p>\n<p>El usuario del Lugar web tendr\u00e1 que abstenerse en todo caso de suprimir, alterar, eludir o manipular cualquier dispositivo de protecci\u00f3n o sistemas de seguridad que puedan estar instalados en el mismo.<\/p>\n<p>Para realizar cualquier tipo de observaci\u00f3n respecto a posibles incumplimientos de los derechos de propiedad intelectual o industrial, as\u00ed como sobre cualquiera de los contenidos del Lugar web, puede hacerlo a trav\u00e9s del siguiente correo electr\u00f3nico: editorialclaret@claret.es.<\/p>\n<ol start=\"8\">\n<li>\n<h2>Pol\u00edtica de privacidad<\/h2>\n<\/li>\n<\/ol>\n<p>Al aceptar el presente Aviso Legal, el Usuario reconoce y acepta haber le\u00eddo, entendido y aceptado nuestra Pol\u00edtica de <a href=\"\/es\/politica-de-privacidad\/\">Privacidad<\/a> y <a href=\"\/es\/politica-de-cookies\/\">Cookies<\/a>.<\/p>\n<ol start=\"9\">\n<li>\n<h2>Ley aplicable y jurisdicci\u00f3n<\/h2>\n<\/li>\n<\/ol>\n<p>Para\u00a0 la resoluci\u00f3n de todas les controversias o cuestiones relacionadas con el presente Lugar web o de las actividades en \u00e9l desarrolladas ser\u00e1 de aplicaci\u00f3n la legislaci\u00f3n espa\u00f1ola, a la cual se someten expresamente las partes, siendo\u00a0 competentes para la resoluci\u00f3n de todos los conflictos derivados o relacionados con su uso, los Juzgados y Tribunales de la ciudad de Barcelona (Espa\u00f1a). No obstante esto, en el caso de que la legislaci\u00f3n espa\u00f1ola o auton\u00f3mica para la defensa de consumidores y usuarios establezca la posibilitad de que los consumidores y\/o usuarios elijan el fuero correspondiente a su lugar de residencia, se proceder\u00e1 conforme a lo que se dispone en esta normativa.<\/p>\n<\/div>\n<\/div><\/div><\/div><\/div><\/div>","protected":false},"excerpt":{"rendered":"<p>Datos de identificaci\u00f3n del titular del lugar web Denominaci\u00f3n social: EDITORIAL CLARET, S.L.U Sitio\/P\u00e1gina web: claret.cat Domicilio Social: Sic\u00edlia, 410, 08025 Barcelona Datos registrales: inscrita en el Registro Mercantil de Barcelona, Tomo 8466, folio 155, B62262, Inscripci\u00f3n 10. NIF: B08521965 Tel\u00e9fono: +34 33010887 Correo electr\u00f3nico: llibreria@claret.es Desde ahora en adelante &#8220;el titular del Lugar web&#8221;. [&hellip;]<\/p>\n","protected":false},"author":2,"featured_media":0,"parent":0,"menu_order":100,"comment_status":"closed","ping_status":"closed","template":"template-fullwidth.php","meta":{"_acf_changed":false,"om_disable_all_campaigns":false,"rs_blank_template":"","rs_page_bg_color":"","slide_template_v7":"","inline_featured_image":false,"_monsterinsights_skip_tracking":false,"_monsterinsights_sitenote_active":false,"_monsterinsights_sitenote_note":"","_monsterinsights_sitenote_category":0,"footnotes":""},"class_list":["post-7441","page","type-page","status-publish","hentry"],"acf":[],"aioseo_notices":[],"_links":{"self":[{"href":"https:\/\/www.claret.cat\/es\/wp-json\/wp\/v2\/pages\/7441","targetHints":{"allow":["GET"]}}],"collection":[{"href":"https:\/\/www.claret.cat\/es\/wp-json\/wp\/v2\/pages"}],"about":[{"href":"https:\/\/www.claret.cat\/es\/wp-json\/wp\/v2\/types\/page"}],"author":[{"embeddable":true,"href":"https:\/\/www.claret.cat\/es\/wp-json\/wp\/v2\/users\/2"}],"replies":[{"embeddable":true,"href":"https:\/\/www.claret.cat\/es\/wp-json\/wp\/v2\/comments?post=7441"}],"version-history":[{"count":1,"href":"https:\/\/www.claret.cat\/es\/wp-json\/wp\/v2\/pages\/7441\/revisions"}],"predecessor-version":[{"id":295676,"href":"https:\/\/www.claret.cat\/es\/wp-json\/wp\/v2\/pages\/7441\/revisions\/295676"}],"wp:attachment":[{"href":"https:\/\/www.claret.cat\/es\/wp-json\/wp\/v2\/media?parent=7441"}],"curies":[{"name":"wp","href":"https:\/\/api.w.org\/{rel}","templated":true}]}}