{"id":7444,"date":"2022-06-02T09:53:57","date_gmt":"2022-06-02T07:53:57","guid":{"rendered":"http:\/\/dev.claret.cat\/?page_id=7444"},"modified":"2022-12-13T11:41:23","modified_gmt":"2022-12-13T10:41:23","slug":"politica-de-privacidad","status":"publish","type":"page","link":"https:\/\/www.claret.cat\/es\/politica-de-privacidad\/","title":{"rendered":"Pol\u00edtica de privacidad"},"content":{"rendered":"<div id=\"pl-7444\"  class=\"panel-layout\" ><div id=\"pg-7444-0\"  class=\"panel-grid panel-no-style\" ><div id=\"pgc-7444-0-0\"  class=\"panel-grid-cell\" ><div id=\"panel-7444-0-0-0\" class=\"so-panel widget widget_sow-editor panel-first-child panel-last-child\" data-index=\"0\" ><div\n\t\t\t\n\t\t\tclass=\"so-widget-sow-editor so-widget-sow-editor-base\"\n\t\t\t\n\t\t>\n<div class=\"siteorigin-widget-tinymce textwidget\">\n\t<p>La presente Pol\u00edtica de Privacidad regula el tratamiento que da LIBRER\u00cdA CLARET (en adelante \u201cCLARET\u201d) de los datos personales que los usuarios puedan proporcionar a trav\u00e9s de la web <a href=\"https:\/\/www.claret.cat\/\">www.claret.cat<\/a>. De acuerdo con esta Pol\u00edtica, CLARET se compromete a respetar la privacidad de esos datos y a tratarlos con absoluta y estricta confidencialidad.<\/p>\n<h2 id=\"responsable\">1.- Responsable del tratamiento de los datos<\/h2>\n<p>El responsable del tratamiento de los datos personales recogidos por medio de la web\u00a0<a href=\"https:\/\/www.claret.cat\/\">www.claret.cat<\/a>\u00a0es:<\/p>\n<p><span style=\"color: #000000;\">Editorial Claret, S.L.U<br \/>\n<\/span>Sic\u00edlia 410, baixos<br \/>\n08025 Barcelona<\/p>\n<h2>2.- Datos que tratamos:<\/h2>\n<p>Informaci\u00f3n proporcionada por usted: Recopilamos informaci\u00f3n personal proporcionada por usted a trav\u00e9s de los formularios de nuestras p\u00e1ginas web o por correo electr\u00f3nico, cuando solicita informaci\u00f3n, compra nuestros productos o utiliza nuestros servicios, o se subscribe a nuestras publicaciones y\/o boletines. La informaci\u00f3n que podemos recopilar a trav\u00e9s de estos medios consiste en:<\/p>\n<ul>\n<li>Datos de contacto, como por ejemplo su nombre, direcci\u00f3n, tel\u00e9fono o correo electr\u00f3nico y CIF\/NIF\/NIE;<\/li>\n<li>Credenciales de acceso, como el nombre de usuario y contrase\u00f1a creados al registrar su cuenta en el \u00e1rea de usuario de nuestras p\u00e1ginas web;<\/li>\n<li>Informaci\u00f3n sobre los medios de pago utilizados en les transacciones comerciales, como por ejemplo, el n\u00famero de la su tarjeta de cr\u00e9dito o el de su cuenta bancaria;<\/li>\n<li>Informaci\u00f3n sobre los pedidos realizados, incluidos los productos o servicios adquiridos, los datos de las personas de contacto o direcciones de entrega;<\/li>\n<li>Informaci\u00f3n necesaria para el cumplimiento de nuestras obligaciones contables y fiscales, como por ejemplo su n\u00famero de identificaci\u00f3n fiscal;<\/li>\n<li>Contenido de los mensajes que nos env\u00eda a trav\u00e9s de comunicaciones voluntarias, mediante el formulario de contacto.<\/li>\n<\/ul>\n<p>Estos datos se suministran de forma voluntaria por el usuario, quien ha sido informado del tratamiento que se les da y de su finalidad. Toda la informaci\u00f3n que facilita el usuario ha de ser veraz, siendo \u00e9ste el \u00fanico responsable de las manifestaciones falsas o inexactas que realice y de los perjuicios que cause a CLARET o a terceros. CLARET se reserva el derecho de excluir de los servicios a todo usuario que haya facilitado datos falsos, sin perjuicio de las otras acciones que procedan seg\u00fan Derecho.<\/p>\n<p>Informaci\u00f3n recopilada autom\u00e1ticamente: Recopilamos informaci\u00f3n que su navegador web nos env\u00eda de forma autom\u00e1tica cada vez que visita alguna de nuestras p\u00e1ginas web, para analizar y mejorar su experiencia de uso. Utilizamos cookies con el objeto de hacer m\u00e1s funcional y \u00fatil la navegaci\u00f3n de los usuarios en nuestras p\u00e1ginas web. Pod\u00e9is consultar la informaci\u00f3n relativa en c\u00f3mo recogemos y tratamos esta informaci\u00f3n en la Pol\u00edtica de Cookies de nuestras p\u00e1ginas web.<\/p>\n<h2 id=\"finalidad\">3.- Finalidades del tratamiento<\/h2>\n<p>Los datos subministrados a CLARET por los diferentes medios habilitados en la web\u00a0<a href=\"https:\/\/www.claret.cat\/\">www.claret.cat<\/a>, se tratan con las siguientes finalidades:<\/p>\n<ul>\n<li>Gestionar su relaci\u00f3n comercial con nosotros en lo referente a los productos o servicios ofrecidos y\/o adquiridos. En concreto, aceptar y tramitar los encargos, y realizar los trabajos de entrega y facturaci\u00f3n de los productos adquiridos.<\/li>\n<li>Gestionar su subscripci\u00f3n a la publicaci\u00f3n \u201cLa Missa de cada dia\u201d y tramitar el env\u00edo de los ejemplares correspondientes a dicha suscripci\u00f3n;<\/li>\n<li>Enviarle nuestro bolet\u00edn electr\u00f3nico (\u201cNewsletter\u201d);<\/li>\n<li>Gestionar su inscripci\u00f3n como socio a \u201cClub Claret\u201d, aplicarle las ventajas, descuentos, promociones que otorga la condici\u00f3n de socio y enviarle comunicaciones comerciales por cualquier medio (postal, correo electr\u00f3nico o tel\u00e9fono) sobre las novedades, ofertas, promociones y actividades de la librer\u00eda;<\/li>\n<li>Gestionar y, en su caso, atender las solicitudes de informaci\u00f3n, sugerencias o peticiones que nos lleguen a trav\u00e9s del formulario de contacto;<\/li>\n<li>Proporcionar acceso a las \u00e1reas de cliente de acceso restringido con contrase\u00f1a;<\/li>\n<li>Atender sus solicitudes de asistencia t\u00e9cnica o informaci\u00f3n; y<\/li>\n<li>Conocer sus preferencias de navegaci\u00f3n en nuestras p\u00e1ginas web para poder personalizar y mejorar nuestros servicios y mantener la seguridad del lugar; y<\/li>\n<li>Mantener la seguridad e integridad de nuestros sistemas inform\u00e1ticos.<\/li>\n<\/ul>\n<h2 id=\"base\">4.- Base legal para el tratamiento de los datos:<\/h2>\n<p>La base legal para el tratamiento de sus datos, es:<\/p>\n<ul>\n<li>Ejecuci\u00f3n de obligaciones contractuales.- Tratamos los datos personales que nos proporciona al tramitar sus encargos o solicitar informaci\u00f3n sobre nuestros productos o servicios para cumplir nuestras obligaciones contractuales y pre-contractuales.<\/li>\n<li>Obligaci\u00f3n legal.- Tratamos los datos personales relativos a aspectos contables y fiscales para cumplir con la normativa aplicable en todo momento en materia fiscal y contable.<\/li>\n<li>Inter\u00e9s leg\u00edtimo.- Tratamos sus datos en base a nuestros intereses leg\u00edtimos cuando son necesarios per mantener el funcionamiento de nuestros sistemas y nuestras p\u00e1ginas web, para verificar la identidad de los usuarios web, para prestarle servicios de soporte, o para mejorar nuestros productos y servicios.<\/li>\n<li>Consentimiento.- Para la subscripci\u00f3n a boletines de informaci\u00f3n y publicaciones peri\u00f3dicas, as\u00ed como para atender las solicitudes de informaci\u00f3n, sugerencias o peticiones que nos haga llegar a trav\u00e9s del formulario de contacto. La base jur\u00eddica para el tratamiento de sus datos es el consentimiento prestado en el momento de enviar el formulario de subscripci\u00f3n o contacto. Considerando que el env\u00edo de estos formularios tiene car\u00e1cter voluntario, el usuario puede revocar su consentimiento en cualquier momento, en la forma y en los t\u00e9rminos establecidos en el apartado 8 de esta Pol\u00edtica.<\/li>\n<\/ul>\n<p>CLARET adoptar\u00e1 las acciones necesarias para garantizar que los datos personales que recoja, almacene y procese de los interesados, sean tratados de manera l\u00edcita, leal y transparente, cumpliendo con las obligaciones que resulten del ordenamiento jur\u00eddico aplicable con motivo de su actividad.<\/p>\n<h2 id=\"destinatarios\">5.- Cesi\u00f3n a terceros<\/h2>\n<p>Los datos de car\u00e1cter personal recogidos como consecuencia del registro a trav\u00e9s de la web\u00a0<a href=\"https:\/\/www.claret.cat\/\">www.claret.cat<\/a>\u00a0no ser\u00e1n facilitados o comunicados a terceros ajenos a CLARET, excepto cuando sean necesarios para la prestaci\u00f3n del servicio solicitado o sean requeridos por las autoridades p\u00fablicas competentes, de conformidad con las disposiciones legales y reglamentarias aplicables en cada momento. Les comunicaciones de datos se har\u00e1n siempre en territorios dentro del Espacio Econ\u00f3mico Europeo.<\/p>\n<p>En concreto, podremos comunicar sus datos a otras compa\u00f1\u00edas que realicen servicios en nuestro nombre, como, por ejemplo, servicios de transporte, servicios de pago, soporte t\u00e9cnico del lugar web o alojamiento de datos. Nuestros proveedores de servicios no est\u00e1n autorizados a compartir ni utilizar los datos personales que ponemos a su disposici\u00f3n, para finalidades diferentes a aquellas para les cuales contratamos sus servicios.<\/p>\n<p>Tambi\u00e9n podremos revelar sus datos como respuesta a solicitudes o requerimientos con base legal provenientes de las diversas administraciones o autoridades, como citaciones o requerimientos judiciales o administrativos, o cuando creamos de buena fe que la divulgaci\u00f3n es necesaria para proteger nuestros derechos, proteger su seguridad o la seguridad de otros, o investigar un fraude.<\/p>\n<p>Fuera de estos casos, no cederemos sus datos a terceros, excepto si hay una obligaci\u00f3n legal o usted preste su consentimiento.<\/p>\n<h2>6.- Plazo de conservaci\u00f3n de los datos<\/h2>\n<p>Los datos personales de los usuarios se conservar\u00e1n durante el plazo establecido legalmente o, en caso de que no haya un t\u00e9rmino espec\u00edfico, por el tiempo necesario para llevar a cabo el tr\u00e1mite o servicio solicitado y mientras \u00e9ste est\u00e9 vigente. Una vez agotado este plazo, los datos se suprimir\u00e1n, a no ser que sean necesarios para el ejercicio de los derechos de reclamaci\u00f3n y defensa, caso en el cual se conservar\u00e1n debidamente bloqueados durante el tiempo de prescripci\u00f3n de las acciones legales aplicables.<\/p>\n<h2>7.- Seguridad de los datos<\/h2>\n<p>CLARET tiene implementadas las medidas t\u00e9cnicas y organizativas necesarias con tal de garantizar la privacidad y seguridad de sus datos de car\u00e1cter personal, en especial para evitar su alteraci\u00f3n, mal uso, p\u00e9rdida, robo, tratamiento o acceso no autorizado.<\/p>\n<p>Para la utilizaci\u00f3n de determinadas prestaciones o servicios ofrecidos a trav\u00e9s de nuestros lugares web puede ser necesaria la creaci\u00f3n de una cuenta y la configuraci\u00f3n de una clave de acceso. En este caso, es su responsabilidad mantener la confidencialidad de las claves de acceso. Consideraremos que cualquier persona que acceda a su cuenta con la clave de acceso est\u00e1 autorizada a hacerlo y no nos haremos responsables de los accesos no autorizados ni de los posibles perjuicios ocasionados que \u00e9stos le puedan ocasionar. En caso de que usted tenga conocimiento de un uso ileg\u00edtimo de la cuenta y de la clave de acceso, o de cualquier otro problema relativo a la seguridad de la cuenta, tendr\u00e1 que cambiar la clave de acceso e informarnos de forma inmediata.<\/p>\n<h2 id=\"derechos\">8.- Derechos de los usuarios<\/h2>\n<p>Los usuarios podr\u00e1n, en cualquier momento, ejercer los derechos reconocidos por la normativa de protecci\u00f3n de datos y, en particular, de los siguientes:<\/p>\n<ul>\n<li><strong>Acceso:<\/strong>\u00a0Derecho a solicitar qu\u00e9 datos personales tratamos sobre su persona, qu\u00e9 uso hacemos y a obtener una copia del DNI o pasaporte y contenido concreto del derecho ejercido.<\/li>\n<li><strong>Rectificaci\u00f3n:<\/strong>\u00a0Derecho a solicitar la modificaci\u00f3n o rectificaci\u00f3n de los datos inexactos.<\/li>\n<li><strong>Supresi\u00f3n:<\/strong>\u00a0Derecho a solicitar que sus datos sean eliminados y no se haga ning\u00fan tratamiento con ellos, excepto aquellos que la ley nos obligue a conservar.<\/li>\n<li><strong>Limitaci\u00f3n del tratamiento:<\/strong>\u00a0Derecho a solicitar que sus datos sean tratados solo por necesidades legales.<\/li>\n<li><strong>Oposici\u00f3n:<\/strong>\u00a0Derecho a oponerse a uno varios tratamientos concretos de sus datos.<\/li>\n<li><strong>Portabilidad:<\/strong>\u00a0Derecho a que le entreguemos los datos en un formato compatible para que lo entregue a un tercero que le tenga que ofrecer un servicio.<\/li>\n<\/ul>\n<p>Estos derechos pueden ser ejercidos por el usuario o su representante, dirigi\u00e9ndose por escrito a C\/ Sic\u00edlia, 410, 08025 Barcelona.<\/p>\n<p>La solicitud deber\u00e1 contener los siguientes datos: nombre y apellidos del usuario, direcci\u00f3n, fotocopia del DNI o pasaporte y el contenido concreto del derecho ejercido.<\/p>\n<p>En cuanto a las personas que han prestado su consentimiento para la recepci\u00f3n de boletines o subscripciones peri\u00f3dicas, pueden revocar el consentimiento prestado, por correo electr\u00f3nico a <a href=\"mailto:protecciondatos@claret.es\">protecciondatos@claret.es<\/a>.<\/p>\n<p>As\u00ed mismo, si el usuario considera que no se ha atendido el ejercicio de sus derechos, o bien que CLARET ha incumplido la normativa de protecci\u00f3n de datos, puede presentar una reclamaci\u00f3n ante la Agencia Espa\u00f1ola de Protecci\u00f3n de Datos (<a href=\"http:\/\/www.aepd.es\/\" target=\"_blank\" rel=\"noopener\">www.aepd.es<\/a>).<\/p>\n<\/div>\n<\/div><\/div><\/div><\/div><\/div>","protected":false},"excerpt":{"rendered":"<p>La presente Pol\u00edtica de Privacidad regula el tratamiento que da LIBRER\u00cdA CLARET (en adelante \u201cCLARET\u201d) de los datos personales que los usuarios puedan proporcionar a trav\u00e9s de la web www.claret.cat. De acuerdo con esta Pol\u00edtica, CLARET se compromete a respetar la privacidad de esos datos y a tratarlos con absoluta y estricta confidencialidad. 1.- Responsable [&hellip;]<\/p>\n","protected":false},"author":2,"featured_media":0,"parent":0,"menu_order":101,"comment_status":"closed","ping_status":"closed","template":"template-fullwidth.php","meta":{"_acf_changed":false,"om_disable_all_campaigns":false,"rs_blank_template":"","rs_page_bg_color":"","slide_template_v7":"","inline_featured_image":false,"_monsterinsights_skip_tracking":false,"_monsterinsights_sitenote_active":false,"_monsterinsights_sitenote_note":"","_monsterinsights_sitenote_category":0,"footnotes":""},"class_list":["post-7444","page","type-page","status-publish","hentry"],"acf":[],"aioseo_notices":[],"_links":{"self":[{"href":"https:\/\/www.claret.cat\/es\/wp-json\/wp\/v2\/pages\/7444","targetHints":{"allow":["GET"]}}],"collection":[{"href":"https:\/\/www.claret.cat\/es\/wp-json\/wp\/v2\/pages"}],"about":[{"href":"https:\/\/www.claret.cat\/es\/wp-json\/wp\/v2\/types\/page"}],"author":[{"embeddable":true,"href":"https:\/\/www.claret.cat\/es\/wp-json\/wp\/v2\/users\/2"}],"replies":[{"embeddable":true,"href":"https:\/\/www.claret.cat\/es\/wp-json\/wp\/v2\/comments?post=7444"}],"version-history":[{"count":2,"href":"https:\/\/www.claret.cat\/es\/wp-json\/wp\/v2\/pages\/7444\/revisions"}],"predecessor-version":[{"id":295128,"href":"https:\/\/www.claret.cat\/es\/wp-json\/wp\/v2\/pages\/7444\/revisions\/295128"}],"wp:attachment":[{"href":"https:\/\/www.claret.cat\/es\/wp-json\/wp\/v2\/media?parent=7444"}],"curies":[{"name":"wp","href":"https:\/\/api.w.org\/{rel}","templated":true}]}}