{"id":8098,"date":"2022-09-05T14:00:09","date_gmt":"2022-09-05T12:00:09","guid":{"rendered":"http:\/\/dev.claret.cat\/?page_id=8098"},"modified":"2026-01-15T11:13:59","modified_gmt":"2026-01-15T10:13:59","slug":"novedades-generales","status":"publish","type":"page","link":"https:\/\/www.claret.cat\/es\/novedades\/novedades-generales\/","title":{"rendered":"Novedades generales 2026"},"content":{"rendered":"<div id=\"pl-8098\"  class=\"panel-layout\" ><div id=\"pg-8098-0\"  class=\"panel-grid panel-no-style\" ><div id=\"pgc-8098-0-0\"  class=\"panel-grid-cell\" ><ul class=\"loop-productos grid6 loadmore\"><li id=\"producto1097386\"><a href=\"https:\/\/www.claret.cat\/es\/libro\/la-plegaria-eucaristica-9788430122103\/?c=\"><img decoding=\"async\" src=\"https:\/\/www.claret.cat\/wp-content\/uploads\/.\/9788430122103.jpg\" alt=\"LA PLEGARIA EUCAR\u00cdSTICA\" \/><div class=\"titulo\"><h3>LA PLEGARIA EUCAR\u00cdSTICA<\/h3><\/div><div class=\"autor\">GIRAUDO, CESARE<\/div><p class=\"precio\"><span class=\"woocommerce-Price-amount amount\"><bdi>13,70&nbsp;<span class=\"woocommerce-Price-currencySymbol\">&euro;<\/span><\/bdi><\/span> <span class=\"tachado\"><span class=\"woocommerce-Price-amount amount\"><bdi>14,42&nbsp;<span class=\"woocommerce-Price-currencySymbol\">&euro;<\/span><\/bdi><\/span><\/span><\/p><\/a><a href=\"javascript:;\" class=\"btgenerico\" onclick=\"agregarcarro(1097386,'es')\" rel=\"nofollow\"><img decoding=\"async\" src=\"\/wp-content\/uploads\/ico-bt-comprar.svg\" \/>Comprar<\/a><\/li><li id=\"producto1097380\"><a href=\"https:\/\/www.claret.cat\/es\/libro\/2009-el-ano-que-tu-naciste-9788415003359\/?c=\"><img decoding=\"async\" src=\"https:\/\/www.claret.cat\/wp-content\/uploads\/.\/9788415003359.jpg\" alt=\"2009 EL A\u00d1O QUE T\u00da NACISTE\" \/><div class=\"titulo\"><h3>2009 EL A\u00d1O QUE T\u00da NACISTE<\/h3><\/div><div class=\"autor\">ROSA COLLADO BASCOMPTE<\/div><p class=\"precio\"><span class=\"woocommerce-Price-amount amount\"><bdi>5,43&nbsp;<span class=\"woocommerce-Price-currencySymbol\">&euro;<\/span><\/bdi><\/span> <span class=\"tachado\"><span class=\"woocommerce-Price-amount amount\"><bdi>5,72&nbsp;<span class=\"woocommerce-Price-currencySymbol\">&euro;<\/span><\/bdi><\/span><\/span><\/p><\/a><a href=\"javascript:;\" class=\"btgenerico\" onclick=\"agregarcarro(1097380,'es')\" rel=\"nofollow\"><img decoding=\"async\" src=\"\/wp-content\/uploads\/ico-bt-comprar.svg\" \/>Comprar<\/a><\/li><li id=\"producto1097329\"><a href=\"https:\/\/www.claret.cat\/es\/libro\/la-luz-de-medina-9788435064804\/?c=\"><img decoding=\"async\" src=\"https:\/\/www.claret.cat\/wp-content\/uploads\/.\/9788435064804-1.jpg\" alt=\"LA LUZ DE MEDINA\" \/><div class=\"titulo\"><h3>LA LUZ DE MEDINA<\/h3><\/div><div class=\"autor\">EMMA LIRA<\/div><p class=\"precio\"><span class=\"woocommerce-Price-amount amount\"><bdi>20,55&nbsp;<span class=\"woocommerce-Price-currencySymbol\">&euro;<\/span><\/bdi><\/span> <span class=\"tachado\"><span class=\"woocommerce-Price-amount amount\"><bdi>21,63&nbsp;<span class=\"woocommerce-Price-currencySymbol\">&euro;<\/span><\/bdi><\/span><\/span><\/p><\/a><a href=\"javascript:;\" class=\"btgenerico\" onclick=\"agregarcarro(1097329,'es')\" rel=\"nofollow\"><img decoding=\"async\" src=\"\/wp-content\/uploads\/ico-bt-comprar.svg\" \/>Comprar<\/a><\/li><li id=\"producto1097306\"><a href=\"https:\/\/www.claret.cat\/es\/libro\/el-futuro-que-nos-aguarda-en-el-siglo-xxi-9788410286542\/?c=\"><img decoding=\"async\" src=\"https:\/\/www.claret.cat\/wp-content\/uploads\/.\/9788410286542-1.jpg\" alt=\"EL FUTURO QUE NOS AGUARDA EN EL SIGLO XXI\" \/><div class=\"titulo\"><h3>EL FUTURO QUE NOS AGUARDA EN EL ...<\/h3><\/div><div class=\"autor\">ANTOINE O. PALLMALL<\/div><p class=\"precio\"><span class=\"woocommerce-Price-amount amount\"><bdi>25,57&nbsp;<span class=\"woocommerce-Price-currencySymbol\">&euro;<\/span><\/bdi><\/span> <span class=\"tachado\"><span class=\"woocommerce-Price-amount amount\"><bdi>26,92&nbsp;<span class=\"woocommerce-Price-currencySymbol\">&euro;<\/span><\/bdi><\/span><\/span><\/p><\/a><a href=\"javascript:;\" class=\"btgenerico\" onclick=\"agregarcarro(1097306,'es')\" rel=\"nofollow\"><img decoding=\"async\" src=\"\/wp-content\/uploads\/ico-bt-comprar.svg\" \/>Comprar<\/a><\/li><li id=\"producto1097259\"><a href=\"https:\/\/www.claret.cat\/es\/libro\/que-es-la-verdad-2a-edicion-9791388176036\/?c=\"><img decoding=\"async\" src=\"https:\/\/www.claret.cat\/wp-content\/uploads\/.\/9791388176036-1.png\" alt=\"\u00bfQU\u00c9 ES LA VERDAD? 2\u00aa EDICI\u00d3N\" \/><div class=\"titulo\"><h3>\u00bfQU\u00c9 ES LA VERDAD? 2\u00aa EDICI\u00d3N<\/h3><\/div><div class=\"autor\">HADJADJ, FABRICE\/MIDAL, FABRICE<\/div><p class=\"precio\"><span class=\"woocommerce-Price-amount amount\"><bdi>6,30&nbsp;<span class=\"woocommerce-Price-currencySymbol\">&euro;<\/span><\/bdi><\/span> <span class=\"tachado\"><span class=\"woocommerce-Price-amount amount\"><bdi>6,63&nbsp;<span class=\"woocommerce-Price-currencySymbol\">&euro;<\/span><\/bdi><\/span><\/span><\/p><\/a><a href=\"javascript:;\" class=\"btgenerico\" onclick=\"agregarcarro(1097259,'es')\" rel=\"nofollow\"><img decoding=\"async\" src=\"\/wp-content\/uploads\/ico-bt-comprar.svg\" \/>Comprar<\/a><\/li><li id=\"producto1097256\"><a href=\"https:\/\/www.claret.cat\/es\/libro\/mr-bongo-busca-la-seva-banda-9791387501570\/?c=\"><img decoding=\"async\" src=\"https:\/\/www.claret.cat\/wp-content\/uploads\/.\/9791387501570.png\" alt=\"MR. BONGO BUSCA LA SEVA BANDA\" \/><div class=\"titulo\"><h3>MR. BONGO BUSCA LA SEVA BANDA<\/h3><\/div><div class=\"autor\">JIM STOTEN<\/div><p class=\"precio\"><span class=\"woocommerce-Price-amount amount\"><bdi>16,40&nbsp;<span class=\"woocommerce-Price-currencySymbol\">&euro;<\/span><\/bdi><\/span> <span class=\"tachado\"><span class=\"woocommerce-Price-amount amount\"><bdi>17,26&nbsp;<span class=\"woocommerce-Price-currencySymbol\">&euro;<\/span><\/bdi><\/span><\/span><\/p><\/a><a href=\"javascript:;\" class=\"btgenerico\" onclick=\"agregarcarro(1097256,'es')\" rel=\"nofollow\"><img decoding=\"async\" src=\"\/wp-content\/uploads\/ico-bt-comprar.svg\" \/>Comprar<\/a><\/li><li id=\"producto1097251\"><a href=\"https:\/\/www.claret.cat\/es\/libro\/mr-bongo-busca-a-su-banda-9791387501556\/?c=\"><img decoding=\"async\" src=\"https:\/\/www.claret.cat\/wp-content\/uploads\/.\/9791387501556.png\" alt=\"MR. BONGO BUSCA A SU BANDA\" \/><div class=\"titulo\"><h3>MR. BONGO BUSCA A SU BANDA<\/h3><\/div><div class=\"autor\">JIM STOTEN<\/div><p class=\"precio\"><span class=\"woocommerce-Price-amount amount\"><bdi>16,40&nbsp;<span class=\"woocommerce-Price-currencySymbol\">&euro;<\/span><\/bdi><\/span> <span class=\"tachado\"><span class=\"woocommerce-Price-amount amount\"><bdi>17,26&nbsp;<span class=\"woocommerce-Price-currencySymbol\">&euro;<\/span><\/bdi><\/span><\/span><\/p><\/a><a href=\"javascript:;\" class=\"btgenerico\" onclick=\"agregarcarro(1097251,'es')\" rel=\"nofollow\"><img decoding=\"async\" src=\"\/wp-content\/uploads\/ico-bt-comprar.svg\" \/>Comprar<\/a><\/li><li id=\"producto1097248\"><a href=\"https:\/\/www.claret.cat\/es\/libro\/copa-mundial-de-la-fifa-2026-el-libro-oficial-9789493482234\/?c=\"><img decoding=\"async\" src=\"https:\/\/www.claret.cat\/wp-content\/uploads\/.\/9789493482234.jpg\" alt=\"COPA MUNDIAL DE LA FIFA 2026 &#8211; EL LIBRO OFICIAL\" \/><div class=\"titulo\"><h3>COPA MUNDIAL DE LA FIFA 2026...<\/h3><\/div><div class=\"autor\">AA.VV.<\/div><p class=\"precio\"><span class=\"woocommerce-Price-amount amount\"><bdi>9,09&nbsp;<span class=\"woocommerce-Price-currencySymbol\">&euro;<\/span><\/bdi><\/span> <span class=\"tachado\"><span class=\"woocommerce-Price-amount amount\"><bdi>9,57&nbsp;<span class=\"woocommerce-Price-currencySymbol\">&euro;<\/span><\/bdi><\/span><\/span><\/p><\/a><a href=\"javascript:;\" class=\"btgenerico\" onclick=\"agregarcarro(1097248,'es')\" rel=\"nofollow\"><img decoding=\"async\" src=\"\/wp-content\/uploads\/ico-bt-comprar.svg\" \/>Comprar<\/a><\/li><li id=\"producto1097245\"><a href=\"https:\/\/www.claret.cat\/es\/libro\/insectos-y-otros-bichos-9781773886718\/?c=\"><img decoding=\"async\" src=\"https:\/\/www.claret.cat\/wp-content\/uploads\/.\/9781773886718.jpg\" alt=\"INSECTOS Y OTROS BICHOS\" \/><div class=\"titulo\"><h3>INSECTOS Y OTROS BICHOS<\/h3><\/div><div class=\"autor\">AA.VV.<\/div><p class=\"precio\"><span class=\"woocommerce-Price-amount amount\"><bdi>14,16&nbsp;<span class=\"woocommerce-Price-currencySymbol\">&euro;<\/span><\/bdi><\/span> <span class=\"tachado\"><span class=\"woocommerce-Price-amount amount\"><bdi>14,90&nbsp;<span class=\"woocommerce-Price-currencySymbol\">&euro;<\/span><\/bdi><\/span><\/span><\/p><\/a><a href=\"javascript:;\" class=\"btgenerico\" onclick=\"agregarcarro(1097245,'es')\" rel=\"nofollow\"><img decoding=\"async\" src=\"\/wp-content\/uploads\/ico-bt-comprar.svg\" \/>Comprar<\/a><\/li><li id=\"producto1097242\"><a href=\"https:\/\/www.claret.cat\/es\/libro\/escribe-y-borra-preparados-para-infantil-pizarrarotulador-9781773886756\/?c=\"><img decoding=\"async\" src=\"https:\/\/www.claret.cat\/wp-content\/uploads\/.\/9781773886756-1.jpg\" alt=\"ESCRIBE Y BORRA &#8211; PREPARADOS PARA INFANTIL (PIZARRA+ROTULADOR)\" \/><div class=\"titulo\"><h3>ESCRIBE Y BORRA &#8211;...<\/h3><\/div><div class=\"autor\">AA.VV.<\/div><p class=\"precio\"><span class=\"woocommerce-Price-amount amount\"><bdi>12,70&nbsp;<span class=\"woocommerce-Price-currencySymbol\">&euro;<\/span><\/bdi><\/span> <span class=\"tachado\"><span class=\"woocommerce-Price-amount amount\"><bdi>13,37&nbsp;<span class=\"woocommerce-Price-currencySymbol\">&euro;<\/span><\/bdi><\/span><\/span><\/p><\/a><a href=\"javascript:;\" class=\"btgenerico\" onclick=\"agregarcarro(1097242,'es')\" rel=\"nofollow\"><img decoding=\"async\" src=\"\/wp-content\/uploads\/ico-bt-comprar.svg\" \/>Comprar<\/a><\/li><li id=\"producto1097237\"><a href=\"https:\/\/www.claret.cat\/es\/libro\/a-por-el-mundial-2026-9788482898087\/?c=\"><img decoding=\"async\" src=\"https:\/\/www.claret.cat\/wp-content\/uploads\/.\/9788482898087.png\" alt=\"A POR EL MUNDIAL 2026\" \/><div class=\"titulo\"><h3>A POR EL MUNDIAL 2026<\/h3><\/div><div class=\"autor\">IKER BIGURI<\/div><p class=\"precio\"><span class=\"woocommerce-Price-amount amount\"><bdi>14,57&nbsp;<span class=\"woocommerce-Price-currencySymbol\">&euro;<\/span><\/bdi><\/span> <span class=\"tachado\"><span class=\"woocommerce-Price-amount amount\"><bdi>15,34&nbsp;<span class=\"woocommerce-Price-currencySymbol\">&euro;<\/span><\/bdi><\/span><\/span><\/p><\/a><a href=\"javascript:;\" class=\"btgenerico\" onclick=\"agregarcarro(1097237,'es')\" rel=\"nofollow\"><img decoding=\"async\" src=\"\/wp-content\/uploads\/ico-bt-comprar.svg\" \/>Comprar<\/a><\/li><li id=\"producto1097236\"><a href=\"https:\/\/www.claret.cat\/es\/libro\/lecturas-diarias-para-la-vida-contemplativa-9788422024330\/?c=\"><img decoding=\"async\" src=\"\/wp-content\/uploads\/foto-libro-alt.jpg\" alt=\"LECTURAS DIARIAS PARA LA VIDA CONTEMPLATIVA\" \/><div class=\"titulo\"><h3>LECTURAS DIARIAS PARA LA VIDA...<\/h3><\/div><div class=\"autor\">KEATING, THOMAS<\/div><p class=\"precio\"><span class=\"woocommerce-Price-amount amount\"><bdi>22,84&nbsp;<span class=\"woocommerce-Price-currencySymbol\">&euro;<\/span><\/bdi><\/span> <span class=\"tachado\"><span class=\"woocommerce-Price-amount amount\"><bdi>24,04&nbsp;<span class=\"woocommerce-Price-currencySymbol\">&euro;<\/span><\/bdi><\/span><\/span><\/p><\/a><a href=\"javascript:;\" class=\"btgenerico\" onclick=\"agregarcarro(1097236,'es')\" rel=\"nofollow\"><img decoding=\"async\" src=\"\/wp-content\/uploads\/ico-bt-comprar.svg\" \/>Comprar<\/a><\/li><\/ul><div class=\"elm-wrapper\">\n  <button class=\"elm-button\" data-href=\"https:\/\/www.claret.cat\/es\/wp-json\/wp\/v2\/pages\/8098\" data-page=\"1\" data-max-pages=\"0\">\n    <div class=\"elm-loading-anim\">Cargando...<\/div>\n    <span class=\"elm-button-text\">Cargar m\u00e1s libros<\/span>\n  <\/button>\n<\/div>\n<div id=\"panel-8098-0-0-0\" class=\"so-panel widget widget_sow-editor panel-first-child panel-last-child\" data-index=\"0\" ><div\n\t\t\t\n\t\t\tclass=\"so-widget-sow-editor so-widget-sow-editor-base\"\n\t\t\t\n\t\t><h3 class=\"widget-title\">Cat\u00e1logo online - Librer\u00eda Claret Barcelona<\/h3>\n<div class=\"siteorigin-widget-tinymce textwidget\">\n\t<h1><\/h1>\n<h1 style=\"text-align: left;\"><strong>Todas las novedades de libros en espa\u00f1ol 2026<\/strong><\/h1>\n<p class=\"\" style=\"text-align: left;\" data-start=\"0\" data-end=\"166\">En la librer\u00eda Claret de Barcelona disponemos de un cat\u00e1logo de libros actualizados con las \u00faltimas novedades de octubre 2025 y las mejores recomendaciones literarias para que puedas disfrutar y regalar estas Navidades. En esta secci\u00f3n encontrar\u00e1s libros y novelas que salen a la venta este mes de diciembre y que se espera que entren en la lista de los <strong>libros m\u00e1s vendidos del a\u00f1o<\/strong>.<\/p>\n<p data-start=\"0\" data-end=\"166\">\n<p data-start=\"0\" data-end=\"166\"><\/p>\n<p>&nbsp;<\/p>\n<\/div>\n<\/div><\/div><\/div><\/div><\/div>","protected":false},"excerpt":{"rendered":"<p>Todas las novedades de libros en espa\u00f1ol 2026 En la librer\u00eda Claret de Barcelona disponemos de un cat\u00e1logo de libros actualizados con las \u00faltimas novedades de octubre 2025 y las mejores recomendaciones literarias para que puedas disfrutar y regalar estas Navidades. En esta secci\u00f3n encontrar\u00e1s libros y novelas que salen a la venta este mes [&hellip;]<\/p>\n","protected":false},"author":2,"featured_media":973355,"parent":8095,"menu_order":2,"comment_status":"closed","ping_status":"closed","template":"template-fullwidth.php","meta":{"_acf_changed":false,"om_disable_all_campaigns":false,"rs_blank_template":"","rs_page_bg_color":"","slide_template_v7":"","inline_featured_image":false,"_monsterinsights_skip_tracking":false,"_monsterinsights_sitenote_active":false,"_monsterinsights_sitenote_note":"","_monsterinsights_sitenote_category":0,"footnotes":""},"class_list":["post-8098","page","type-page","status-publish","has-post-thumbnail","hentry"],"acf":[],"aioseo_notices":[],"_links":{"self":[{"href":"https:\/\/www.claret.cat\/es\/wp-json\/wp\/v2\/pages\/8098","targetHints":{"allow":["GET"]}}],"collection":[{"href":"https:\/\/www.claret.cat\/es\/wp-json\/wp\/v2\/pages"}],"about":[{"href":"https:\/\/www.claret.cat\/es\/wp-json\/wp\/v2\/types\/page"}],"author":[{"embeddable":true,"href":"https:\/\/www.claret.cat\/es\/wp-json\/wp\/v2\/users\/2"}],"replies":[{"embeddable":true,"href":"https:\/\/www.claret.cat\/es\/wp-json\/wp\/v2\/comments?post=8098"}],"version-history":[{"count":10,"href":"https:\/\/www.claret.cat\/es\/wp-json\/wp\/v2\/pages\/8098\/revisions"}],"predecessor-version":[{"id":1073937,"href":"https:\/\/www.claret.cat\/es\/wp-json\/wp\/v2\/pages\/8098\/revisions\/1073937"}],"up":[{"embeddable":true,"href":"https:\/\/www.claret.cat\/es\/wp-json\/wp\/v2\/pages\/8095"}],"wp:featuredmedia":[{"embeddable":true,"href":"https:\/\/www.claret.cat\/es\/wp-json\/wp\/v2\/media\/973355"}],"wp:attachment":[{"href":"https:\/\/www.claret.cat\/es\/wp-json\/wp\/v2\/media?parent=8098"}],"curies":[{"name":"wp","href":"https:\/\/api.w.org\/{rel}","templated":true}]}}