{"id":8108,"date":"2022-09-07T18:17:12","date_gmt":"2022-09-07T16:17:12","guid":{"rendered":"http:\/\/dev.claret.cat\/?page_id=8108"},"modified":"2023-03-12T10:57:54","modified_gmt":"2023-03-12T09:57:54","slug":"el-club","status":"publish","type":"page","link":"https:\/\/www.claret.cat\/es\/libreria\/el-club\/","title":{"rendered":"El Club"},"content":{"rendered":"<div id=\"pl-8108\"  class=\"panel-layout\" ><div id=\"pg-8108-0\"  class=\"panel-grid panel-no-style\" ><div id=\"pgc-8108-0-0\"  class=\"panel-grid-cell\" ><div id=\"panel-8108-0-0-0\" class=\"so-panel widget widget_sow-image panel-first-child\" data-index=\"0\" ><div\n\t\t\t\n\t\t\tclass=\"so-widget-sow-image so-widget-sow-image-default-c67d20f9f743-8108\"\n\t\t\t\n\t\t>\n<div class=\"sow-image-container\">\n\t\t<img \n\tsrc=\"https:\/\/www.claret.cat\/wp-content\/uploads\/.\/botiga.jpg\" width=\"1536\" height=\"1024\" srcset=\"https:\/\/www.claret.cat\/wp-content\/uploads\/botiga.jpg 1536w, https:\/\/www.claret.cat\/wp-content\/uploads\/botiga-250x167.jpg 250w, https:\/\/www.claret.cat\/wp-content\/uploads\/botiga-324x216.jpg 324w, https:\/\/www.claret.cat\/wp-content\/uploads\/botiga-416x277.jpg 416w\" sizes=\"(max-width: 1536px) 100vw, 1536px\" alt=\"\" \t\tclass=\"so-widget-image\"\/>\n\t<\/div>\n\n<\/div><\/div><div id=\"panel-8108-0-0-1\" class=\"so-panel widget widget_sow-editor\" data-index=\"1\" ><div\n\t\t\t\n\t\t\tclass=\"so-widget-sow-editor so-widget-sow-editor-base\"\n\t\t\t\n\t\t>\n<div class=\"siteorigin-widget-tinymce textwidget\">\n\t<p>La Librer\u00eda Claret cre\u00f3 el\u00a0<strong>Club Librer\u00eda Claret<\/strong> con la intenci\u00f3n de reconocer la fidelidad de sus clientes y ofrecerles una serie de ventajas, tanto informativas como econ\u00f3micas. Te detallamos a continuaci\u00f3n m\u00e1s informaci\u00f3n referente a esta iniciativa.<\/p>\n<\/div>\n<\/div><\/div><div id=\"panel-8108-0-0-2\" class=\"so-panel widget widget_siteorigin-panels-builder\" data-index=\"2\" ><div id=\"pl-w640da2224c40f\"  class=\"panel-layout\" ><div id=\"pg-w640da2224c40f-0\"  class=\"panel-grid panel-no-style\" ><div id=\"pgc-w640da2224c40f-0-0\"  class=\"panel-grid-cell\" ><div id=\"panel-w640da2224c40f-0-0-0\" class=\"so-panel widget widget_sow-editor panel-first-child panel-last-child\" data-index=\"0\" ><div\n\t\t\t\n\t\t\tclass=\"so-widget-sow-editor so-widget-sow-editor-base\"\n\t\t\t\n\t\t>\n<div class=\"siteorigin-widget-tinymce textwidget\">\n\t<h2>\u00bfQu\u00e9 ventajas voy a tener si me doy de alta en el Club de la Librer\u00eda Claret?<\/h2>\n<p>Los miembros que formen parte del Club obtendr\u00e1n <strong>un 5% de descuento<\/strong> directo en todas sus compras, disfrutar\u00e1n de las promociones y ofertas especiales que tengan lugar durante el a\u00f1o, y recibir\u00e1n mensualmente un bolet\u00edn Info+C con las \u00faltimas novedades editoriales, promociones destacadas para los miembros del Club, actividades del sector y la agenda cultural de la librer\u00eda.<\/p>\n<\/div>\n<\/div><\/div><\/div><div id=\"pgc-w640da2224c40f-0-1\"  class=\"panel-grid-cell\" ><div id=\"panel-w640da2224c40f-0-1-0\" class=\"so-panel widget widget_sow-editor panel-first-child panel-last-child\" data-index=\"1\" ><div\n\t\t\t\n\t\t\tclass=\"so-widget-sow-editor so-widget-sow-editor-base\"\n\t\t\t\n\t\t>\n<div class=\"siteorigin-widget-tinymce textwidget\">\n\t<h2>\u00bfQu\u00e9 debo hacer para darme de alta?<\/h2>\n<p>Todos los clientes que lo deseen podr\u00e1n pedir una tarjeta de forma totalmente gratuita en la Librer\u00eda. Para hacerlo efectivo solo har\u00e1 falta que los interesados rellenen el formulario de inscripci\u00f3n que encontrar\u00e1n en la caja del establecimiento. De este modo ser\u00e1n acreditados como miembros del Club.<\/p>\n<p>La Librer\u00eda tiene clientes que forman parte de una instituci\u00f3n: en tal caso, se les dar\u00e1 de alta como tal y no como personas particulares.<\/p>\n<p>La Librer\u00eda Claret conf\u00eda que esta iniciativa est\u00e9 a la altura de las expectativas de sus clientes, y os desea a todos una feliz lectura.<\/p>\n<p>Si deseas m\u00e1s informaci\u00f3n, puedes contactar con nosotros en el correo electr\u00f3nico\u00a0<a href=\"mailto:comunicacio@claret.cat\">comunicacio@claret.cat<\/a>.<\/p>\n<p>\u00a1Haz Club Claret, haz Librer\u00eda!<\/p>\n<\/div>\n<\/div><\/div><\/div><\/div><\/div><\/div><div id=\"panel-8108-0-0-3\" class=\"so-panel widget widget_sow-editor\" data-index=\"3\" ><div\n\t\t\t\n\t\t\tclass=\"so-widget-sow-editor so-widget-sow-editor-base\"\n\t\t\t\n\t\t>\n<div class=\"siteorigin-widget-tinymce textwidget\">\n\t<h2>INFORMACI\u00d3N B\u00c1SICA SOBRE PROTECCI\u00d3N DE DATOS:<\/h2>\n<\/div>\n<\/div><\/div><div id=\"panel-8108-0-0-4\" class=\"so-panel widget widget_siteorigin-panels-builder panel-last-child\" data-index=\"4\" ><div id=\"pl-w638e2daa496c8\"  class=\"panel-layout\" ><div id=\"pg-w638e2daa496c8-0\"  class=\"panel-grid panel-no-style\" ><div id=\"pgc-w638e2daa496c8-0-0\"  class=\"panel-grid-cell\" ><div id=\"panel-w638e2daa496c8-0-0-0\" class=\"so-panel widget widget_sow-editor panel-first-child panel-last-child\" data-index=\"0\" ><div\n\t\t\t\n\t\t\tclass=\"so-widget-sow-editor so-widget-sow-editor-base\"\n\t\t\t\n\t\t>\n<div class=\"siteorigin-widget-tinymce textwidget\">\n\t<h3>RESPONSABLE<\/h3>\n<p>El Responsable del tratamiento de sus datos es EDITORIAL CLARET, S.L.U., con domicilio en C\/ Sic\u00edlia, 410, 08025 Barcelona, <a href=\"\/es\/politica-de-privacidad\/#responsable\">+ info<\/a><\/p>\n<h3>FINALIDAD<\/h3>\n<p>Trataremos sus datos con el fin de aplicarle las ventajas, descuentos y promociones que otorga la condici\u00f3n de socio y enviarle comunicaciones comerciales sobre nuestras novedades, ofertas, promociones y actividades. <a href=\"\/es\/politica-de-privacidad\/#finalidad\">+ info<\/a><\/p>\n<h3>BASE LEGAL<\/h3>\n<p>Estamos legitimados para tratar sus datos con la finalidad mencionada en base al consentimiento prestado por usted en llenar este formulario. Usted puede retirar su consentimiento en cualquier momento mediante correo electr\u00f3nico a <a href=\"mailto:protecciondatos@claret.es\">protecciondatos@claret.es<\/a>. <a href=\"\/es\/politica-de-privacidad\/#base\">+ info<\/a><\/p>\n<\/div>\n<\/div><\/div><\/div><div id=\"pgc-w638e2daa496c8-0-1\"  class=\"panel-grid-cell\" ><div id=\"panel-w638e2daa496c8-0-1-0\" class=\"so-panel widget widget_sow-editor panel-first-child panel-last-child\" data-index=\"1\" ><div\n\t\t\t\n\t\t\tclass=\"so-widget-sow-editor so-widget-sow-editor-base\"\n\t\t\t\n\t\t>\n<div class=\"siteorigin-widget-tinymce textwidget\">\n\t<h3>DESTINATARIOS<\/h3>\n<p>Sus datos no ser\u00e1n cedidos a terceros. <a href=\"\/es\/politica-de-privacidad\/#destinatarios\">+ info<\/a><\/p>\n<h3>DERECHOS<\/h3>\n<p>Puede ejercer sus derechos de acceso, rectificaci\u00f3n, supresi\u00f3n, limitaci\u00f3n del tratamiento, portabilidad u oposici\u00f3n al tratamiento de sus datos personales dirigi\u00e9ndose por escrito a C\/ Sic\u00edlia, 410, 08025 Barcelona. <a href=\"\/es\/politica-de-privacidad\/#derechos\">+ info<\/a><\/p>\n<h3>INFORMACI\u00d3N ADICIONAL<\/h3>\n<p>Puede consultar informaci\u00f3n adicional y detallada sobre c\u00f3mo tratamos sus datos personales consultando nuestra <a href=\"\/es\/politica-de-privacidad\/\">Pol\u00edtica de privacidad<\/a><\/p>\n<\/div>\n<\/div><\/div><\/div><\/div><\/div><\/div><\/div><\/div><\/div>","protected":false},"excerpt":{"rendered":"<p>La Librer\u00eda Claret cre\u00f3 el\u00a0Club Librer\u00eda Claret con la intenci\u00f3n de reconocer la fidelidad de sus clientes y ofrecerles una serie de ventajas, tanto informativas como econ\u00f3micas. Te detallamos a continuaci\u00f3n m\u00e1s informaci\u00f3n referente a esta iniciativa. INFORMACI\u00d3N B\u00c1SICA SOBRE PROTECCI\u00d3N DE DATOS:<\/p>\n","protected":false},"author":2,"featured_media":0,"parent":8100,"menu_order":3,"comment_status":"closed","ping_status":"closed","template":"template-fullwidth.php","meta":{"_acf_changed":false,"om_disable_all_campaigns":false,"rs_blank_template":"","rs_page_bg_color":"","slide_template_v7":"","inline_featured_image":false,"_monsterinsights_skip_tracking":false,"_monsterinsights_sitenote_active":false,"_monsterinsights_sitenote_note":"","_monsterinsights_sitenote_category":0,"footnotes":""},"class_list":["post-8108","page","type-page","status-publish","hentry"],"acf":[],"aioseo_notices":[],"_links":{"self":[{"href":"https:\/\/www.claret.cat\/es\/wp-json\/wp\/v2\/pages\/8108","targetHints":{"allow":["GET"]}}],"collection":[{"href":"https:\/\/www.claret.cat\/es\/wp-json\/wp\/v2\/pages"}],"about":[{"href":"https:\/\/www.claret.cat\/es\/wp-json\/wp\/v2\/types\/page"}],"author":[{"embeddable":true,"href":"https:\/\/www.claret.cat\/es\/wp-json\/wp\/v2\/users\/2"}],"replies":[{"embeddable":true,"href":"https:\/\/www.claret.cat\/es\/wp-json\/wp\/v2\/comments?post=8108"}],"version-history":[{"count":11,"href":"https:\/\/www.claret.cat\/es\/wp-json\/wp\/v2\/pages\/8108\/revisions"}],"predecessor-version":[{"id":411789,"href":"https:\/\/www.claret.cat\/es\/wp-json\/wp\/v2\/pages\/8108\/revisions\/411789"}],"up":[{"embeddable":true,"href":"https:\/\/www.claret.cat\/es\/wp-json\/wp\/v2\/pages\/8100"}],"wp:attachment":[{"href":"https:\/\/www.claret.cat\/es\/wp-json\/wp\/v2\/media?parent=8108"}],"curies":[{"name":"wp","href":"https:\/\/api.w.org\/{rel}","templated":true}]}}