{"id":8111,"date":"2022-09-07T18:17:40","date_gmt":"2022-09-07T16:17:40","guid":{"rendered":"http:\/\/dev.claret.cat\/?page_id=8111"},"modified":"2022-12-18T18:05:06","modified_gmt":"2022-12-18T17:05:06","slug":"la-misa","status":"publish","type":"page","link":"https:\/\/www.claret.cat\/es\/libreria\/la-misa\/","title":{"rendered":"La Misa"},"content":{"rendered":"<div id=\"pl-8111\"  class=\"panel-layout\" ><div id=\"pg-8111-0\"  class=\"panel-grid panel-no-style\" ><div id=\"pgc-8111-0-0\"  class=\"panel-grid-cell\" ><div id=\"panel-8111-0-0-0\" class=\"so-panel widget widget_sow-editor panel-first-child panel-last-child\" data-index=\"0\" ><div\n\t\t\t\n\t\t\tclass=\"so-widget-sow-editor so-widget-sow-editor-base\"\n\t\t\t\n\t\t>\n<div class=\"siteorigin-widget-tinymce textwidget\">\n\t<p>Puedes suscribirte <a href=\"https:\/\/www.claret.cat\/es\/libreria\/la-misa\/alta-suscripcion\/\">aqu\u00ed.<\/a><\/p>\n<p>La Misa de cada d\u00eda es una publicaci\u00f3n mensual que ofrece, para cada d\u00eda de la semana, todos los textos de la lectura continua de la Palabra de Dios junto con el resto de los textos lit\u00fargicos para la celebraci\u00f3n de la Eucarist\u00eda.<\/p>\n<p>La intenci\u00f3n de La Misa de cada d\u00eda no se limita a ser un misal para seguir la Misa (si bien es muy \u00fatil para hacerlo) sino que va mucho m\u00e1s all\u00e1.<\/p>\n<p>Las introducciones, comentarios y plegarias que incluye La Misa de cada d\u00eda constituyen una gran ayuda para la comprensi\u00f3n de la Palabra de Dios.<\/p>\n<p>La Misa de cada d\u00eda quiere poner al alcance de todos los cristianos la lectura continua de la Palabra de Dios para cada d\u00eda del a\u00f1o, aunque no tengan posibilidad de participar diariamente en la misa.<\/p>\n<p>Para m\u00e1s informaci\u00f3n puedes contactar con el departamento de La Misa de cada d\u00eda llamando al n\u00famero de tel\u00e9fono 933 010 958 (de lunes a viernes, de 10 a 13), o por correo electr\u00f3nico a la direcci\u00f3n <a href=\"mailto:mcd@claret.es\">mcd@claret.es<\/a>.<\/p>\n<p>Puedes suscribirte <a href=\"https:\/\/www.claret.cat\/es\/libreria\/la-misa\/alta-suscripcion\/\">aqu\u00ed.<\/a><\/p>\n<p>Ahora puedes descargarte gratis la app de la Misa de cada d\u00eda. M\u00e1s informaci\u00f3n <a href=\"http:\/\/www.misadecadadia.es\" target=\"_blank\" rel=\"noopener\">www.misadecadadia.es<\/a>.<\/p>\n<p>&nbsp;<\/p>\n<p>&nbsp;<\/p>\n<\/div>\n<\/div><\/div><\/div><div id=\"pgc-8111-0-1\"  class=\"panel-grid-cell\" ><div id=\"panel-8111-0-1-0\" class=\"widget_text so-panel widget widget_custom_html panel-first-child panel-last-child\" data-index=\"1\" ><div class=\"textwidget custom-html-widget\"><style>.embed-container { position: relative; padding-bottom: 56.25%; height: 0; overflow: hidden; max-width: 100%; } .embed-container iframe, .embed-container object, .embed-container embed { position: absolute; top: 0; left: 0; width: 100%; height: 100%; }<\/style><div class='embed-container'><iframe src='https:\/\/www.youtube.com\/embed\/\/hxcFwrV4QKs' frameborder='0' allowfullscreen><\/iframe><\/div><\/div><\/div><\/div><\/div><\/div>","protected":false},"excerpt":{"rendered":"<p>Puedes suscribirte aqu\u00ed. La Misa de cada d\u00eda es una publicaci\u00f3n mensual que ofrece, para cada d\u00eda de la semana, todos los textos de la lectura continua de la Palabra de Dios junto con el resto de los textos lit\u00fargicos para la celebraci\u00f3n de la Eucarist\u00eda. La intenci\u00f3n de La Misa de cada d\u00eda no [&hellip;]<\/p>\n","protected":false},"author":2,"featured_media":0,"parent":8100,"menu_order":4,"comment_status":"closed","ping_status":"closed","template":"template-fullwidth.php","meta":{"_acf_changed":false,"om_disable_all_campaigns":false,"rs_blank_template":"","rs_page_bg_color":"","slide_template_v7":"","inline_featured_image":false,"_monsterinsights_skip_tracking":false,"_monsterinsights_sitenote_active":false,"_monsterinsights_sitenote_note":"","_monsterinsights_sitenote_category":0,"footnotes":""},"class_list":["post-8111","page","type-page","status-publish","hentry"],"acf":[],"aioseo_notices":[],"_links":{"self":[{"href":"https:\/\/www.claret.cat\/es\/wp-json\/wp\/v2\/pages\/8111","targetHints":{"allow":["GET"]}}],"collection":[{"href":"https:\/\/www.claret.cat\/es\/wp-json\/wp\/v2\/pages"}],"about":[{"href":"https:\/\/www.claret.cat\/es\/wp-json\/wp\/v2\/types\/page"}],"author":[{"embeddable":true,"href":"https:\/\/www.claret.cat\/es\/wp-json\/wp\/v2\/users\/2"}],"replies":[{"embeddable":true,"href":"https:\/\/www.claret.cat\/es\/wp-json\/wp\/v2\/comments?post=8111"}],"version-history":[{"count":4,"href":"https:\/\/www.claret.cat\/es\/wp-json\/wp\/v2\/pages\/8111\/revisions"}],"predecessor-version":[{"id":307376,"href":"https:\/\/www.claret.cat\/es\/wp-json\/wp\/v2\/pages\/8111\/revisions\/307376"}],"up":[{"embeddable":true,"href":"https:\/\/www.claret.cat\/es\/wp-json\/wp\/v2\/pages\/8100"}],"wp:attachment":[{"href":"https:\/\/www.claret.cat\/es\/wp-json\/wp\/v2\/media?parent=8111"}],"curies":[{"name":"wp","href":"https:\/\/api.w.org\/{rel}","templated":true}]}}