{"id":995732,"date":"2024-09-27T12:51:59","date_gmt":"2024-09-27T10:51:59","guid":{"rendered":"https:\/\/www.claret.cat\/whatsapp\/"},"modified":"2026-01-05T13:51:18","modified_gmt":"2026-01-05T12:51:18","slug":"whatsapp","status":"publish","type":"page","link":"https:\/\/www.claret.cat\/es\/whatsapp\/","title":{"rendered":"Whatsapp"},"content":{"rendered":"<div id=\"pl-995732\"  class=\"panel-layout\" ><div id=\"pg-995732-0\"  class=\"panel-grid panel-no-style\" ><div id=\"pgc-995732-0-0\"  class=\"panel-grid-cell panel-grid-cell-empty\" ><\/div><\/div><div id=\"pg-995732-1\"  class=\"panel-grid panel-has-style\" ><div class=\"siteorigin-panels-stretch panel-row-style panel-row-style-for-995732-1\" data-stretch-type=\"full-width-stretch\" ><div id=\"pgc-995732-1-0\"  class=\"panel-grid-cell\" ><div class=\"panel-cell-style panel-cell-style-for-995732-1-0\" ><div id=\"panel-995732-1-0-0\" class=\"so-panel widget widget_siteorigin-panels-builder panel-first-child panel-last-child\" data-index=\"0\" ><div id=\"pl-w695bb38fb6383\"  class=\"panel-layout\" ><div id=\"pg-w695bb38fb6383-0\"  class=\"panel-grid panel-no-style\" ><div id=\"pgc-w695bb38fb6383-0-0\"  class=\"panel-grid-cell\" ><div id=\"panel-w695bb38fb6383-0-0-0\" class=\"so-panel widget widget_sow-headline panel-first-child panel-last-child\" data-index=\"0\" ><div\n\t\t\t\n\t\t\tclass=\"so-widget-sow-headline so-widget-sow-headline-default-84337161374e so-widget-fittext-wrapper\"\n\t\t\t data-fit-text-compressor=\"0.85\"\n\t\t><div class=\"sow-headline-container \">\n\t\t\t\t\t\t\t<h2 class=\"sow-headline\">\n\t\t\t\t\t\tLa librer\u00eda Claret, tambi\u00e9n en tu m\u00f3vil\t\t\t\t\t\t<\/h2>\n\t\t\t\t\t\t\t\t\t\t\t\t<p class=\"sow-sub-headline\">\n\t\t\t\t\t\t\u00bfQuieres estar en el d\u00eda de todas las novedades de la librer\u00eda o ponerte en contacto con nuestros libreros para hacer cualquier pedido o recibir una recomendaci\u00f3n? \u00a1Contacta con nosotros en Whatsapp!\t\t\t\t\t\t<\/p>\n\t\t\t\t\t\t<\/div>\n<\/div><\/div><\/div><\/div><div id=\"pg-w695bb38fb6383-1\"  class=\"panel-grid panel-no-style\" ><div id=\"pgc-w695bb38fb6383-1-0\"  class=\"panel-grid-cell\" ><div id=\"panel-w695bb38fb6383-1-0-0\" class=\"so-panel widget widget_sow-button panel-first-child panel-last-child\" data-index=\"1\" ><div\n\t\t\t\n\t\t\tclass=\"so-widget-sow-button so-widget-sow-button-wire-2607c07803bb\"\n\t\t\t\n\t\t><div class=\"ow-button-base ow-button-align-left\"\n>\n\t\t\t<a\n\t\t\t\t\thref=\"https:\/\/wa.me\/+34660671515\"\n\t\t\t\t\tclass=\"sowb-button ow-icon-placement-left ow-button-hover\" \t>\n\t\t<span>\n\t\t\t\t\t\t\t<div class=\"sow-icon-image\" style=\"background-image: url(https:\/\/www.claret.cat\/wp-content\/uploads\/whatsapp-icon-150x150.png)\"><\/div>\n\t\t\t\t\n\t\t\tContacta con nosotros\t\t<\/span>\n\t\t\t<\/a>\n\t<\/div>\n<\/div><\/div><\/div><div id=\"pgc-w695bb38fb6383-1-1\"  class=\"panel-grid-cell\" ><div id=\"panel-w695bb38fb6383-1-1-0\" class=\"so-panel widget widget_sow-button panel-first-child panel-last-child\" data-index=\"2\" ><div\n\t\t\t\n\t\t\tclass=\"so-widget-sow-button so-widget-sow-button-wire-8c4c9846b6ec\"\n\t\t\t\n\t\t><div class=\"ow-button-base ow-button-align-left\"\n>\n\t\t\t<a\n\t\t\t\t\thref=\"https:\/\/whatsapp.com\/channel\/0029VaepWZ377qVXls74HX1S\"\n\t\t\t\t\tclass=\"sowb-button ow-icon-placement-left ow-button-hover\" target=\"_blank\" rel=\"noopener noreferrer\" \t>\n\t\t<span>\n\t\t\t<span class=\"sow-icon-fontawesome sow-far\" data-sow-icon=\"&#xf14a;\"\n\t\tstyle=\"color: #81d742\" \n\t\taria-hidden=\"true\"><\/span>\n\t\t\t\u00a1S\u00edguenos!\t\t<\/span>\n\t\t\t<\/a>\n\t<\/div>\n<\/div><\/div><\/div><div id=\"pgc-w695bb38fb6383-1-2\"  class=\"panel-grid-cell panel-grid-cell-empty panel-grid-cell-mobile-last\" ><\/div><div id=\"pgc-w695bb38fb6383-1-3\"  class=\"panel-grid-cell panel-grid-cell-empty\" ><\/div><\/div><\/div><\/div><\/div><\/div><div id=\"pgc-995732-1-1\"  class=\"panel-grid-cell\" ><div id=\"panel-995732-1-1-0\" class=\"so-panel widget widget_sow-image panel-first-child panel-last-child\" data-index=\"1\" ><div\n\t\t\t\n\t\t\tclass=\"so-widget-sow-image so-widget-sow-image-default-8b5b6f678277-995732\"\n\t\t\t\n\t\t>\n<div class=\"sow-image-container\">\n\t\t<img \n\tsrc=\"https:\/\/www.claret.cat\/wp-content\/uploads\/650-1200.jpeg\" width=\"650\" height=\"480\" srcset=\"https:\/\/www.claret.cat\/wp-content\/uploads\/650-1200.jpeg 650w, https:\/\/www.claret.cat\/wp-content\/uploads\/650-1200-250x185.jpeg 250w, https:\/\/www.claret.cat\/wp-content\/uploads\/650-1200-324x239.jpeg 324w, https:\/\/www.claret.cat\/wp-content\/uploads\/650-1200-416x307.jpeg 416w\" sizes=\"(max-width: 650px) 100vw, 650px\" title=\"Whatsapp Claret\" alt=\"\" \t\tclass=\"so-widget-image\"\/>\n\t<\/div>\n\n<\/div><\/div><\/div><\/div><\/div><\/div>","protected":false},"excerpt":{"rendered":"<p>La librer\u00eda Claret, tambi\u00e9n en tu m\u00f3vil \u00bfQuieres estar en el d\u00eda de todas las novedades de la librer\u00eda o ponerte en contacto con nuestros libreros para hacer cualquier pedido o recibir una recomendaci\u00f3n? \u00a1Contacta con nosotros en Whatsapp! Contacta con nosotros \u00a1S\u00edguenos!<\/p>\n","protected":false},"author":4,"featured_media":982430,"parent":0,"menu_order":0,"comment_status":"closed","ping_status":"closed","template":"","meta":{"_acf_changed":false,"om_disable_all_campaigns":false,"rs_blank_template":"","rs_page_bg_color":"","slide_template_v7":"","inline_featured_image":false,"_monsterinsights_skip_tracking":false,"_monsterinsights_sitenote_active":false,"_monsterinsights_sitenote_note":"","_monsterinsights_sitenote_category":0,"footnotes":""},"class_list":["post-995732","page","type-page","status-publish","has-post-thumbnail","hentry"],"acf":[],"aioseo_notices":[],"_links":{"self":[{"href":"https:\/\/www.claret.cat\/es\/wp-json\/wp\/v2\/pages\/995732","targetHints":{"allow":["GET"]}}],"collection":[{"href":"https:\/\/www.claret.cat\/es\/wp-json\/wp\/v2\/pages"}],"about":[{"href":"https:\/\/www.claret.cat\/es\/wp-json\/wp\/v2\/types\/page"}],"author":[{"embeddable":true,"href":"https:\/\/www.claret.cat\/es\/wp-json\/wp\/v2\/users\/4"}],"replies":[{"embeddable":true,"href":"https:\/\/www.claret.cat\/es\/wp-json\/wp\/v2\/comments?post=995732"}],"version-history":[{"count":5,"href":"https:\/\/www.claret.cat\/es\/wp-json\/wp\/v2\/pages\/995732\/revisions"}],"predecessor-version":[{"id":1072809,"href":"https:\/\/www.claret.cat\/es\/wp-json\/wp\/v2\/pages\/995732\/revisions\/1072809"}],"wp:featuredmedia":[{"embeddable":true,"href":"https:\/\/www.claret.cat\/es\/wp-json\/wp\/v2\/media\/982430"}],"wp:attachment":[{"href":"https:\/\/www.claret.cat\/es\/wp-json\/wp\/v2\/media?parent=995732"}],"curies":[{"name":"wp","href":"https:\/\/api.w.org\/{rel}","templated":true}]}}