{"id":1000127,"date":"2025-01-16T13:26:14","date_gmt":"2025-01-16T12:26:14","guid":{"rendered":"https:\/\/www.claret.cat\/llibre\/desayuno-en-tiffanys-9788433929112\/"},"modified":"2025-01-16T14:27:19","modified_gmt":"2025-01-16T13:27:19","slug":"desayuno-en-tiffanys-9788433929112","status":"publish","type":"product","link":"https:\/\/www.claret.cat\/es\/libro\/desayuno-en-tiffanys-9788433929112\/","title":{"rendered":"DESAYUNO EN TIFFANY&#8217;S"},"content":{"rendered":"<p>Una extraordinaria novela corta que, por s\u00ed sola, bastar\u00eda para consagrar a un autor. Holly Golightly, la protagonista de\u00a0Desayuno en Tiffany&#x2019;s, es quiz\u00e1s el m\u00e1s seductor personaje creado por ese maestro de seducci\u00f3n que fue Truman Capote. Atractiva sin ser guapa, tras rechazar una carrera de actriz en Hollywood Holly se convierte en una estrella del Nueva York m\u00e1s sofisticado; bebiendo c\u00f3cteles y rompiendo corazones, parece ganarse la vida pidiendo suelto para sus expediciones al tocador en los restaurantes y clubs de moda, y vive rodeada de tipos disparatados, desde un mafioso que cumple condena en Sing Sing al que visita semanalmente hasta un millonario caprichoso de afinidades nazis, pasando por un viejo barman secretamente enamorado de ella. Mezcla de picard\u00eda e inocencia, de astucia y autenticidad, Holly vive en la provisionalidad permanente, sin pasado, sin querer pertenecer a nada ni a nadie, sinti\u00e9ndose desterrada en todas partes pese al glamour que la rodea y so\u00f1ando siempre con ese para\u00edso que para ella es Tiffany&#x2019;s, la famosa joyer\u00eda neoyorquina.Desayuno en Tiffany&#x2019;s\u00a0es una extraordinaria novela corta que, por s\u00ed sola, bastar\u00eda para consagrar a un autor. Los cuentos \u00abUna casa de flores\u00bb, \u00abUna guitarra de diamantes\u00bb y \u00abUn recuerdo navide\u00f1o\u00bb completan esta edici\u00f3n.<\/p>\n","protected":false},"excerpt":{"rendered":"<p>CAPOTE, TRUMAN<\/p>\n","protected":false},"featured_media":1000179,"template":"","meta":{"_acf_changed":false,"om_disable_all_campaigns":false,"rs_blank_template":"","rs_page_bg_color":"","slide_template_v7":"","inline_featured_image":false,"_monsterinsights_skip_tracking":false,"_monsterinsights_sitenote_active":false,"_monsterinsights_sitenote_note":"","_monsterinsights_sitenote_category":0},"product_brand":[],"product_cat":[354,123],"product_tag":[],"class_list":{"0":"post-1000127","1":"product","2":"type-product","3":"status-publish","4":"has-post-thumbnail","6":"product_cat-clasica","7":"product_cat-classica","9":"first","10":"instock","11":"taxable","12":"shipping-taxable","13":"purchasable","14":"product-type-simple"},"acf":{"autor":"CAPOTE, TRUMAN","codart":"843392911","libros-coleccion":"Compactos","ediciones":"1","encuadernacion":"R\u00fastica","fecha_de_publicacion":"01\/01\/2025","novedad":"1","paginas":"160","subtitulo":"","orden":"0","portada":"0","idioma":"spa","editorial":[{"ID":147428,"post_author":"3","post_date":"2022-10-14 11:50:30","post_date_gmt":"2022-10-14 09:50:30","post_content":"","post_title":"ANAGRAMA","post_excerpt":"","post_status":"publish","comment_status":"closed","ping_status":"closed","post_password":"","post_name":"anagrama","to_ping":"","pinged":"","post_modified":"2022-10-14 11:50:30","post_modified_gmt":"2022-10-14 09:50:30","post_content_filtered":"","post_parent":0,"guid":"http:\/\/dev.claret.cat\/editorial\/anagrama\/","menu_order":0,"post_type":"editorial","post_mime_type":"","comment_count":"0","filter":"raw"}]},"aioseo_notices":[],"_links":{"self":[{"href":"https:\/\/www.claret.cat\/es\/wp-json\/wp\/v2\/product\/1000127","targetHints":{"allow":["GET"]}}],"collection":[{"href":"https:\/\/www.claret.cat\/es\/wp-json\/wp\/v2\/product"}],"about":[{"href":"https:\/\/www.claret.cat\/es\/wp-json\/wp\/v2\/types\/product"}],"wp:featuredmedia":[{"embeddable":true,"href":"https:\/\/www.claret.cat\/es\/wp-json\/wp\/v2\/media\/1000179"}],"wp:attachment":[{"href":"https:\/\/www.claret.cat\/es\/wp-json\/wp\/v2\/media?parent=1000127"}],"wp:term":[{"taxonomy":"product_brand","embeddable":true,"href":"https:\/\/www.claret.cat\/es\/wp-json\/wp\/v2\/product_brand?post=1000127"},{"taxonomy":"product_cat","embeddable":true,"href":"https:\/\/www.claret.cat\/es\/wp-json\/wp\/v2\/product_cat?post=1000127"},{"taxonomy":"product_tag","embeddable":true,"href":"https:\/\/www.claret.cat\/es\/wp-json\/wp\/v2\/product_tag?post=1000127"}],"curies":[{"name":"wp","href":"https:\/\/api.w.org\/{rel}","templated":true}]}}