{"id":1000133,"date":"2025-01-16T13:26:55","date_gmt":"2025-01-16T12:26:55","guid":{"rendered":"https:\/\/www.claret.cat\/llibre\/extranos-en-un-tren-9788433929051\/"},"modified":"2025-09-15T10:25:21","modified_gmt":"2025-09-15T08:25:21","slug":"extranos-en-un-tren-9788433929051","status":"publish","type":"product","link":"https:\/\/www.claret.cat\/es\/libro\/extranos-en-un-tren-9788433929051\/","title":{"rendered":"EXTRA\u00d1OS EN UN TREN"},"content":{"rendered":"<p>La intriga de esta novela est\u00e1 basada en la idea de un crimen sin m\u00f3viles, un crimen perfecto: dos desconocidos acuerdan asesinar cada uno al enemigo del otro, forjando as\u00ed una coartada indestructible.Bruno viaja en el mismo tren que Guy. Empiezan a conversar y Bruno, demon\u00edacamente, fuerza a Guy a desvelar su punto d\u00e9bil, la \u00fanica grieta de su ordenada existencia: el tipo quisiera librarse de su mujer, que le traicion\u00f3 y que puede obstaculizar su carrera. As\u00ed que le propone un pacto: \u00e9l matar\u00e1 a su mujer y Guy, a su vez, deber\u00e1 matar al padre de Bruno, a quien \u00e9ste odia. Guy rechaza el plan, pero no as\u00ed Bruno, quien, una vez cumplida su parte, reclama a su horrorizado compa\u00f1ero de viaje que cumpla con la suya.Adaptada al cine por Alfred Hitchcock,\u00a0Extra\u00f1os en un tren\u00a0lleva a cabo una indagaci\u00f3n escalofriante en la perturbada mente de Bruno, pero lo que m\u00e1s le interesa a Patricia Highsmith es la relaci\u00f3n entre ambos personajes. Y es ah\u00ed donde la novela prefigura la obsesi\u00f3n de su obra futura: \u00bfhasta qu\u00e9 punto no est\u00e1 la insania de Bruno agazapada tambi\u00e9n en Guy? \u00bfCu\u00e1n cercana es la amenaza de la irracionalidad en todos nosotros?<\/p>\n","protected":false},"excerpt":{"rendered":"<p>HIGHSMITH, PATRICIA<\/p>\n","protected":false},"featured_media":1000181,"template":"","meta":{"_acf_changed":false,"om_disable_all_campaigns":false,"rs_blank_template":"","rs_page_bg_color":"","slide_template_v7":"","inline_featured_image":false,"_monsterinsights_skip_tracking":false,"_monsterinsights_sitenote_active":false,"_monsterinsights_sitenote_note":"","_monsterinsights_sitenote_category":0},"product_brand":[],"product_cat":[127,357],"product_tag":[],"class_list":{"0":"post-1000133","1":"product","2":"type-product","3":"status-publish","4":"has-post-thumbnail","6":"product_cat-novella-contemporania","7":"product_cat-novela-contemporanea","9":"first","10":"instock","11":"taxable","12":"shipping-taxable","13":"purchasable","14":"product-type-simple"},"acf":{"autor":"HIGHSMITH, PATRICIA","codart":"843392905","libros-coleccion":"Compactos","ediciones":"1","encuadernacion":"R\u00fastica","fecha_de_publicacion":"01\/01\/2025","novedad":"1","paginas":"356","subtitulo":"","orden":"0","portada":"0","idioma":"spa","editorial":[{"ID":147428,"post_author":"3","post_date":"2022-10-14 11:50:30","post_date_gmt":"2022-10-14 09:50:30","post_content":"","post_title":"ANAGRAMA","post_excerpt":"","post_status":"publish","comment_status":"closed","ping_status":"closed","post_password":"","post_name":"anagrama","to_ping":"","pinged":"","post_modified":"2022-10-14 11:50:30","post_modified_gmt":"2022-10-14 09:50:30","post_content_filtered":"","post_parent":0,"guid":"http:\/\/dev.claret.cat\/editorial\/anagrama\/","menu_order":0,"post_type":"editorial","post_mime_type":"","comment_count":"0","filter":"raw"}],"booktrailer":"","resenas":""},"aioseo_notices":[],"_links":{"self":[{"href":"https:\/\/www.claret.cat\/es\/wp-json\/wp\/v2\/product\/1000133","targetHints":{"allow":["GET"]}}],"collection":[{"href":"https:\/\/www.claret.cat\/es\/wp-json\/wp\/v2\/product"}],"about":[{"href":"https:\/\/www.claret.cat\/es\/wp-json\/wp\/v2\/types\/product"}],"wp:featuredmedia":[{"embeddable":true,"href":"https:\/\/www.claret.cat\/es\/wp-json\/wp\/v2\/media\/1000181"}],"wp:attachment":[{"href":"https:\/\/www.claret.cat\/es\/wp-json\/wp\/v2\/media?parent=1000133"}],"wp:term":[{"taxonomy":"product_brand","embeddable":true,"href":"https:\/\/www.claret.cat\/es\/wp-json\/wp\/v2\/product_brand?post=1000133"},{"taxonomy":"product_cat","embeddable":true,"href":"https:\/\/www.claret.cat\/es\/wp-json\/wp\/v2\/product_cat?post=1000133"},{"taxonomy":"product_tag","embeddable":true,"href":"https:\/\/www.claret.cat\/es\/wp-json\/wp\/v2\/product_tag?post=1000133"}],"curies":[{"name":"wp","href":"https:\/\/api.w.org\/{rel}","templated":true}]}}