{"id":1000398,"date":"2025-01-20T13:45:02","date_gmt":"2025-01-20T12:45:02","guid":{"rendered":"https:\/\/www.claret.cat\/llibre\/cine-y-educacion-9788410356023\/"},"modified":"2025-01-20T16:10:54","modified_gmt":"2025-01-20T15:10:54","slug":"cine-y-educacion-9788410356023","status":"publish","type":"product","link":"https:\/\/www.claret.cat\/es\/libro\/cine-y-educacion-9788410356023\/","title":{"rendered":"CINE Y EDUCACI\u00d3N"},"content":{"rendered":"<p>No son pocos los cineastas que se han interesado por el universo de la tiza y la pizarra, como tampoco hay docente que se precie que no haya utilizado las pel\u00edculas en su aula con fines did\u00e1cticos. Directores y directoras se han acercado a las clases para hablar de sus recuerdos de infancia, de las dificultades de la integraci\u00f3n, del acoso escolar, de la violencia en las aulas, de su importancia para el progreso de los pueblos, de las complejas relaciones entre padres e hijos, de la implantaci\u00f3n de metodolog\u00edas motivadoras frente al anquilosamiento de educadores aferrados a los dogmas, del profesorado que marca a sus pupilos para siempre; de un microcosmos que es, a su manera, representaci\u00f3n de eso que hemos dado en llamar sociedad. Ya que las pel\u00edculas se han ocupado del hecho educativo a lo largo de su m\u00e1s de un siglo de historia, es justo que la educaci\u00f3n devuelva el favor y se preocupe de ellas m\u00e1s all\u00e1 de su mera utilizaci\u00f3n en el aula como entretenimiento o como textos ilustrativos con los que acompa\u00f1ar las explicaciones. Es tan amplia la n\u00f3mina de filmes que no hay materia para la que no exista un ab<\/p>\n","protected":false},"excerpt":{"rendered":"<p>MOLERO, FERNANDO<\/p>\n","protected":false},"featured_media":1000454,"template":"","meta":{"_acf_changed":false,"om_disable_all_campaigns":false,"rs_blank_template":"","rs_page_bg_color":"","slide_template_v7":"","inline_featured_image":false,"_monsterinsights_skip_tracking":false,"_monsterinsights_sitenote_active":false,"_monsterinsights_sitenote_note":"","_monsterinsights_sitenote_category":0},"product_brand":[],"product_cat":[451,186,185,380],"product_tag":[],"class_list":{"0":"post-1000398","1":"product","2":"type-product","3":"status-publish","4":"has-post-thumbnail","6":"product_cat-estudios-e-investigacion-pedagogia-2_humanidades","7":"product_cat-estudis-i-investigacio-pedagogia-2_humanitats","8":"product_cat-historia-i-corrents-pedagogia-2_humanitats","9":"product_cat-historia-y-corrientes","11":"first","12":"instock","13":"taxable","14":"shipping-taxable","15":"purchasable","16":"product-type-simple"},"acf":{"autor":"MOLERO, FERNANDO","codart":"841035602","libros-coleccion":"Cine","ediciones":"1","encuadernacion":"Carpeta","fecha_de_publicacion":"01\/10\/2024","novedad":"1","paginas":"411","subtitulo":"","orden":"0","portada":"0","idioma":"spa","editorial":[{"ID":147919,"post_author":"3","post_date":"2022-10-14 11:54:15","post_date_gmt":"2022-10-14 09:54:15","post_content":"","post_title":"EDITORIAL ALMUZARA","post_excerpt":"","post_status":"publish","comment_status":"closed","ping_status":"closed","post_password":"","post_name":"editorial-almuzara","to_ping":"","pinged":"","post_modified":"2022-10-14 11:54:15","post_modified_gmt":"2022-10-14 09:54:15","post_content_filtered":"","post_parent":0,"guid":"http:\/\/dev.claret.cat\/editorial\/editorial-almuzara\/","menu_order":0,"post_type":"editorial","post_mime_type":"","comment_count":"0","filter":"raw"}]},"aioseo_notices":[],"_links":{"self":[{"href":"https:\/\/www.claret.cat\/es\/wp-json\/wp\/v2\/product\/1000398","targetHints":{"allow":["GET"]}}],"collection":[{"href":"https:\/\/www.claret.cat\/es\/wp-json\/wp\/v2\/product"}],"about":[{"href":"https:\/\/www.claret.cat\/es\/wp-json\/wp\/v2\/types\/product"}],"wp:featuredmedia":[{"embeddable":true,"href":"https:\/\/www.claret.cat\/es\/wp-json\/wp\/v2\/media\/1000454"}],"wp:attachment":[{"href":"https:\/\/www.claret.cat\/es\/wp-json\/wp\/v2\/media?parent=1000398"}],"wp:term":[{"taxonomy":"product_brand","embeddable":true,"href":"https:\/\/www.claret.cat\/es\/wp-json\/wp\/v2\/product_brand?post=1000398"},{"taxonomy":"product_cat","embeddable":true,"href":"https:\/\/www.claret.cat\/es\/wp-json\/wp\/v2\/product_cat?post=1000398"},{"taxonomy":"product_tag","embeddable":true,"href":"https:\/\/www.claret.cat\/es\/wp-json\/wp\/v2\/product_tag?post=1000398"}],"curies":[{"name":"wp","href":"https:\/\/api.w.org\/{rel}","templated":true}]}}