{"id":1000441,"date":"2025-01-20T14:00:02","date_gmt":"2025-01-20T13:00:02","guid":{"rendered":"https:\/\/www.claret.cat\/llibre\/judith-butler-9788410086333\/"},"modified":"2026-01-28T13:11:11","modified_gmt":"2026-01-28T12:11:11","slug":"judith-butler-9788410086333","status":"publish","type":"product","link":"https:\/\/www.claret.cat\/es\/libro\/judith-butler-9788410086333\/","title":{"rendered":"JUDITH BUTLER"},"content":{"rendered":"<p>Judith Butler es una de las fil\u00f3sofas contempor\u00e1neas m\u00e1s importantes e influyentes. Sus ideas sobre el g\u00e9nero y la identidad sexual construidos y aprendidos, no marcados por la naturaleza, supusieron una revoluci\u00f3n. Ha realizado numerosos aportes al feminismo y est\u00e1 considerada una de las te\u00f3ricas fundacionales de los estudios queer. M\u00e1s all\u00e1 de eso, tambi\u00e9n ha dedicado su carrera al estudio de las violencias, el cuerpo y la vulnerabilidad.  Combinando texto e ilustraci\u00f3n, esta obra ilustrada hace un detallado recorrido por la filosof\u00eda de esta pensadora clave. Una gu\u00eda que permite conocer sus propuestas de una manera f\u00e1cil y accesible.<\/p>\n","protected":false},"excerpt":{"rendered":"<p>L\u00c9PINE, REN\u00c9 \/ LORENZ, ANSGAR<\/p>\n","protected":false},"featured_media":1000442,"template":"","meta":{"_acf_changed":false,"om_disable_all_campaigns":false,"rs_blank_template":"","rs_page_bg_color":"","slide_template_v7":"","inline_featured_image":false,"_monsterinsights_skip_tracking":false,"_monsterinsights_sitenote_active":false,"_monsterinsights_sitenote_note":"","_monsterinsights_sitenote_category":0},"product_brand":[],"product_cat":[90,372,164,540],"product_tag":[],"class_list":{"0":"post-1000441","1":"product","2":"type-product","3":"status-publish","4":"has-post-thumbnail","6":"product_cat-altres","7":"product_cat-derechos-humanos","8":"product_cat-drets-humans","9":"product_cat-otros","11":"first","12":"instock","13":"taxable","14":"shipping-taxable","15":"purchasable","16":"product-type-simple"},"acf":{"autor":"L\u00c9PINE, REN\u00c9 \/ LORENZ, ANSGAR","codart":"841008633","libros-coleccion":"FORA DE COL.LECCI\u00d3","ediciones":"1","encuadernacion":"R\u00fastica","fecha_de_publicacion":"01\/01\/2025","novedad":"1","paginas":"125","subtitulo":"","orden":"0","portada":"0","idioma":"spa","editorial":[{"ID":148859,"post_author":"3","post_date":"2022-10-14 12:01:33","post_date_gmt":"2022-10-14 10:01:33","post_content":"","post_title":"TAUGENIT","post_excerpt":"","post_status":"publish","comment_status":"closed","ping_status":"closed","post_password":"","post_name":"taugenit","to_ping":"","pinged":"","post_modified":"2022-10-14 12:01:33","post_modified_gmt":"2022-10-14 10:01:33","post_content_filtered":"","post_parent":0,"guid":"http:\/\/dev.claret.cat\/editorial\/taugenit\/","menu_order":0,"post_type":"editorial","post_mime_type":"","comment_count":"0","filter":"raw"}],"booktrailer":"","resenas":""},"aioseo_notices":[],"_links":{"self":[{"href":"https:\/\/www.claret.cat\/es\/wp-json\/wp\/v2\/product\/1000441","targetHints":{"allow":["GET"]}}],"collection":[{"href":"https:\/\/www.claret.cat\/es\/wp-json\/wp\/v2\/product"}],"about":[{"href":"https:\/\/www.claret.cat\/es\/wp-json\/wp\/v2\/types\/product"}],"wp:featuredmedia":[{"embeddable":true,"href":"https:\/\/www.claret.cat\/es\/wp-json\/wp\/v2\/media\/1000442"}],"wp:attachment":[{"href":"https:\/\/www.claret.cat\/es\/wp-json\/wp\/v2\/media?parent=1000441"}],"wp:term":[{"taxonomy":"product_brand","embeddable":true,"href":"https:\/\/www.claret.cat\/es\/wp-json\/wp\/v2\/product_brand?post=1000441"},{"taxonomy":"product_cat","embeddable":true,"href":"https:\/\/www.claret.cat\/es\/wp-json\/wp\/v2\/product_cat?post=1000441"},{"taxonomy":"product_tag","embeddable":true,"href":"https:\/\/www.claret.cat\/es\/wp-json\/wp\/v2\/product_tag?post=1000441"}],"curies":[{"name":"wp","href":"https:\/\/api.w.org\/{rel}","templated":true}]}}