{"id":1000741,"date":"2025-01-21T13:10:46","date_gmt":"2025-01-21T12:10:46","guid":{"rendered":"https:\/\/www.claret.cat\/llibre\/la-campana-9788418858895\/"},"modified":"2025-10-22T19:25:20","modified_gmt":"2025-10-22T17:25:20","slug":"la-campana-9788418858895","status":"publish","type":"product","link":"https:\/\/www.claret.cat\/es\/libro\/la-campana-9788418858895\/","title":{"rendered":"LA CAMPANA"},"content":{"rendered":"<p>Imber Court s&#x2019;ha convertit en un port segur per a les \u00e0nimes inquietes que busquen tranquil\u00b7litat. Aqu\u00ed hi viu una petita comunitat laica al costat d&#x2019;una abadia. Per\u00f2 la pl\u00e0cida vida de la comunitat es veu alterada per l&#x2019;arribada de la jove Dora Greenfield, l&#x2019;esbojarrada dona d&#x2019;un dels residents. Per altra banda, el l\u00edder espiritual de la comunitat, en Michael Meade, es debat entre l&#x2019;anhel de viure moralment i les seves inclinacions sexuals. El dest\u00ed dels personatges, atrapats en una xarxa de desitjos i pulsions, s&#x2019;entrella\u00e7a amb la llegenda de la campana de l&#x2019;abadia, que diuen que es va enfonsar al llac fa segles.<br \/> &#8216;La campana&#8217; fa una reflexi\u00f3 subtil sobre la religi\u00f3, la moralitat i la fragilitat humana. Divertida, subversiva i terriblement intel\u00b7ligent, Iris Murdoch \u00e9s una de les grans escriptores del segle XX.<\/p>\n<p> Iris Murdoch va n\u00e9ixer a Dubl\u00edn el 1919 i va passar la infantesa a Londres. L&#x2019;any 1938 es va matricular al Somerville College d&#x2019;Oxford, on, entre altres mat\u00e8ries, va estudiar llat\u00ed, grec, literatura i filosofia. Va ser professora universit\u00e0ria, fil\u00f2sofa i una escriptora prol\u00edfica: a banda de diversos assaigs, va escriure vint-i-sis novel\u00b7les en m\u00e9s de quaranta anys, la darrera de les quals ja assetjada per l&#x2019;Alzheimer. Murdoch va guanyar el Premi Booker l&#x2019;any 1978 amb &#8216;El mar, el mar&#8217;, tamb\u00e9 publicada en aquesta col\u00b7lecci\u00f3. Va morir el 1999 a Oxford.<\/p>\n","protected":false},"excerpt":{"rendered":"<p>MURDOCH, IRIS<\/p>\n","protected":false},"featured_media":1001039,"template":"","meta":{"_acf_changed":false,"om_disable_all_campaigns":false,"rs_blank_template":"","rs_page_bg_color":"","slide_template_v7":"","inline_featured_image":false,"_monsterinsights_skip_tracking":false,"_monsterinsights_sitenote_active":false,"_monsterinsights_sitenote_note":"","_monsterinsights_sitenote_category":0},"product_brand":[],"product_cat":[127,357],"product_tag":[],"class_list":{"0":"post-1000741","1":"product","2":"type-product","3":"status-publish","4":"has-post-thumbnail","6":"product_cat-novella-contemporania","7":"product_cat-novela-contemporanea","9":"first","10":"instock","11":"taxable","12":"shipping-taxable","13":"purchasable","14":"product-type-simple"},"acf":{"autor":"MURDOCH, IRIS","codart":"841885889","libros-coleccion":"Mirmanda","ediciones":"1","encuadernacion":"R\u00fastica","fecha_de_publicacion":"01\/01\/2025","novedad":"1","paginas":"505","subtitulo":"","orden":"0","portada":"0","idioma":"cat","editorial":[{"ID":6211,"post_author":"3","post_date":"2022-07-28 17:47:15","post_date_gmt":"2022-07-28 15:47:15","post_content":"","post_title":"EDICIONS DE 1984","post_excerpt":"","post_status":"publish","comment_status":"closed","ping_status":"closed","post_password":"","post_name":"edicions-de-1984","to_ping":"","pinged":"","post_modified":"2022-07-28 17:47:15","post_modified_gmt":"2022-07-28 15:47:15","post_content_filtered":"","post_parent":0,"guid":"http:\/\/dev.claret.cat\/editorial\/edicions-de-1984\/","menu_order":0,"post_type":"editorial","post_mime_type":"","comment_count":"0","filter":"raw"}],"booktrailer":"","resenas":""},"aioseo_notices":[],"_links":{"self":[{"href":"https:\/\/www.claret.cat\/es\/wp-json\/wp\/v2\/product\/1000741","targetHints":{"allow":["GET"]}}],"collection":[{"href":"https:\/\/www.claret.cat\/es\/wp-json\/wp\/v2\/product"}],"about":[{"href":"https:\/\/www.claret.cat\/es\/wp-json\/wp\/v2\/types\/product"}],"wp:featuredmedia":[{"embeddable":true,"href":"https:\/\/www.claret.cat\/es\/wp-json\/wp\/v2\/media\/1001039"}],"wp:attachment":[{"href":"https:\/\/www.claret.cat\/es\/wp-json\/wp\/v2\/media?parent=1000741"}],"wp:term":[{"taxonomy":"product_brand","embeddable":true,"href":"https:\/\/www.claret.cat\/es\/wp-json\/wp\/v2\/product_brand?post=1000741"},{"taxonomy":"product_cat","embeddable":true,"href":"https:\/\/www.claret.cat\/es\/wp-json\/wp\/v2\/product_cat?post=1000741"},{"taxonomy":"product_tag","embeddable":true,"href":"https:\/\/www.claret.cat\/es\/wp-json\/wp\/v2\/product_tag?post=1000741"}],"curies":[{"name":"wp","href":"https:\/\/api.w.org\/{rel}","templated":true}]}}