{"id":1000817,"date":"2025-01-21T14:10:23","date_gmt":"2025-01-21T13:10:23","guid":{"rendered":"https:\/\/www.claret.cat\/llibre\/el-unicornio-de-las-letras-3-una-biblioteca-mil-libros-y-la-ratona-berta-en-p-9788448869359\/"},"modified":"2025-01-21T16:27:18","modified_gmt":"2025-01-21T15:27:18","slug":"el-unicornio-de-las-letras-3-una-biblioteca-mil-libros-y-la-ratona-berta-en-p-9788448869359","status":"publish","type":"product","link":"https:\/\/www.claret.cat\/es\/libro\/el-unicornio-de-las-letras-3-una-biblioteca-mil-libros-y-la-ratona-berta-en-p-9788448869359\/","title":{"rendered":"EL UNICORNIO DE LAS LETRAS 3 &#8211; UNA BIBLIOTECA, MIL LIBROS Y LA RATONA BERTA EN P"},"content":{"rendered":"<p>Aprende a leer con El unicornio de las letras, la nueva serie de lecturas en letra MAY\u00daSCULA. Nico es un unicornio con una preciosa melena de colores. Es amigo del drag\u00f3n Ram\u00f3n, el drag\u00f3n de las letras, y al igual que Ram\u00f3n, Nico tambi\u00e9n tiene el poder de crear letras con su m\u00e1gico letricornio. En Una biblioteca, mil libros y la ratona Berta en peligro, Nico ayuda a la ratona Berta, que tiene problemas para ver bien las letras de los libros. Una nueva colecci\u00f3n para primeros lectores escrita por Bego\u00f1a Oro, la autora del Drag\u00f3n de las letras y de la ardilla Rasi, una serie con m\u00e1s de medio MILL\u00d3N de ejemplares vendidos. &#8211; Letra MAY\u00daSCULA &#8211; Textos divertidos y musicales &#8211; Vocabulario adaptado &#8211; Ilustraciones a todo color &#8211; Y un m\u00e1gico unicornio como protagonista Cada libro incluye 3 actividades al final del libro para reforzar el aprendizaje. Aprender a leer es muy divertido con las nuevas aventuras del unicornio Nico.<\/p>\n","protected":false},"excerpt":{"rendered":"<p>ORO, BEGO\u00d1A<\/p>\n","protected":false},"featured_media":1000878,"template":"","meta":{"_acf_changed":false,"om_disable_all_campaigns":false,"rs_blank_template":"","rs_page_bg_color":"","slide_template_v7":"","inline_featured_image":false,"_monsterinsights_skip_tracking":false,"_monsterinsights_sitenote_active":false,"_monsterinsights_sitenote_note":"","_monsterinsights_sitenote_category":0},"product_brand":[],"product_cat":[131,361],"product_tag":[],"class_list":{"0":"post-1000817","1":"product","2":"type-product","3":"status-publish","4":"has-post-thumbnail","6":"product_cat-contes-per-infants-0-6-anys","7":"product_cat-cuentos-para-ninos-0-6-anos","9":"first","10":"instock","11":"taxable","12":"shipping-taxable","13":"purchasable","14":"product-type-simple"},"acf":{"autor":"ORO, BEGO\u00d1A","codart":"844886935","libros-coleccion":"Primeras lecturas","ediciones":"1","encuadernacion":"R\u00fastica","fecha_de_publicacion":"01\/01\/2025","novedad":"1","paginas":"45","subtitulo":"APRENDE A LEER CON MAY\u00daSCULAS (A PARTIR DE 5 A\u00d1OS)","orden":"0","portada":"0","idioma":"spa","editorial":[{"ID":6141,"post_author":"3","post_date":"2022-07-28 17:45:46","post_date_gmt":"2022-07-28 15:45:46","post_content":"","post_title":"BEASCOA","post_excerpt":"","post_status":"publish","comment_status":"closed","ping_status":"closed","post_password":"","post_name":"beascoa","to_ping":"","pinged":"","post_modified":"2022-07-28 17:45:46","post_modified_gmt":"2022-07-28 15:45:46","post_content_filtered":"","post_parent":0,"guid":"http:\/\/dev.claret.cat\/editorial\/beascoa\/","menu_order":0,"post_type":"editorial","post_mime_type":"","comment_count":"0","filter":"raw"}]},"aioseo_notices":[],"_links":{"self":[{"href":"https:\/\/www.claret.cat\/es\/wp-json\/wp\/v2\/product\/1000817","targetHints":{"allow":["GET"]}}],"collection":[{"href":"https:\/\/www.claret.cat\/es\/wp-json\/wp\/v2\/product"}],"about":[{"href":"https:\/\/www.claret.cat\/es\/wp-json\/wp\/v2\/types\/product"}],"wp:featuredmedia":[{"embeddable":true,"href":"https:\/\/www.claret.cat\/es\/wp-json\/wp\/v2\/media\/1000878"}],"wp:attachment":[{"href":"https:\/\/www.claret.cat\/es\/wp-json\/wp\/v2\/media?parent=1000817"}],"wp:term":[{"taxonomy":"product_brand","embeddable":true,"href":"https:\/\/www.claret.cat\/es\/wp-json\/wp\/v2\/product_brand?post=1000817"},{"taxonomy":"product_cat","embeddable":true,"href":"https:\/\/www.claret.cat\/es\/wp-json\/wp\/v2\/product_cat?post=1000817"},{"taxonomy":"product_tag","embeddable":true,"href":"https:\/\/www.claret.cat\/es\/wp-json\/wp\/v2\/product_tag?post=1000817"}],"curies":[{"name":"wp","href":"https:\/\/api.w.org\/{rel}","templated":true}]}}