{"id":1000851,"date":"2025-01-21T14:25:08","date_gmt":"2025-01-21T13:25:08","guid":{"rendered":"https:\/\/www.claret.cat\/llibre\/lunicorn-de-les-lletres-3-mil-llibres-una-biblioteca-i-un-perill-per-a-la-ra-9788448869533\/"},"modified":"2026-02-26T15:55:25","modified_gmt":"2026-02-26T14:55:25","slug":"lunicorn-de-les-lletres-3-mil-llibres-una-biblioteca-i-un-perill-per-a-la-ra-9788448869533","status":"publish","type":"product","link":"https:\/\/www.claret.cat\/es\/libro\/lunicorn-de-les-lletres-3-mil-llibres-una-biblioteca-i-un-perill-per-a-la-ra-9788448869533\/","title":{"rendered":"L&#8217;UNICORN DE LES LLETRES 3 &#8211; MIL LLIBRES, UNA BIBLIOTECA I UN PERILL PER A LA RA"},"content":{"rendered":"<p>Apr\u00e8n a llegir amb L&#x2019;unicorn de les lletres, la nova s\u00e8rie de lectures amb lletra MAJ\u00daSCULA. En Nico \u00e9s un unicorn amb una melena preciosa. \u00c9s amic del drac Bernat, el drac de les lletres, i, com ell, t\u00e9 el poder de crear lletres amb el seu lletricorn. AMil llibres, una biblioteca i un perill per a la rateta Berta, en Nico ajuda la rateta Berta, que t\u00e9 problemas per veure b\u00e9 les lletres dels llibres. Una col\u00b7lecci\u00f3 fant\u00e0stica per a primers lectors que agradar\u00e0 a tothom. &#8211; Lletra MAJ\u00daSCULA &#8211; Textos divertits i musicals &#8211; Vocabulari adaptat &#8211; Il\u00b7lustracions a tot color &#8211; I un unicorn m\u00e0gic de protagonista Cada llibre inclou 3 activitats al final per refor\u00e7ar l&#x2019;aprenentatge. Aprendre a llegir amb l&#x2019;unicorn Nico ser\u00e1 d&#x2019;all\u00f3 m\u00e9s divertit!<\/p>\n","protected":false},"excerpt":{"rendered":"<p>ORO, BEGO\u00d1A<\/p>\n","protected":false},"featured_media":1000852,"template":"","meta":{"_acf_changed":false,"om_disable_all_campaigns":false,"rs_blank_template":"","rs_page_bg_color":"","slide_template_v7":"","inline_featured_image":false,"_monsterinsights_skip_tracking":false,"_monsterinsights_sitenote_active":false,"_monsterinsights_sitenote_note":"","_monsterinsights_sitenote_category":0},"product_brand":[],"product_cat":[131,361],"product_tag":[],"class_list":{"0":"post-1000851","1":"product","2":"type-product","3":"status-publish","4":"has-post-thumbnail","6":"product_cat-contes-per-infants-0-6-anys","7":"product_cat-cuentos-para-ninos-0-6-anos","9":"first","10":"instock","11":"taxable","12":"shipping-taxable","13":"purchasable","14":"product-type-simple"},"acf":{"autor":"ORO, BEGO\u00d1A","codart":"844886953","libros-coleccion":"","ediciones":"1","encuadernacion":"R\u00fastica","fecha_de_publicacion":"01\/01\/2025","novedad":"1","paginas":"45","subtitulo":"APR\u00c8N A LLEGIR AMB MAJ\u00daSCULES (A PARTIR DELS 5 ANYS)","orden":"0","portada":"0","idioma":"cat","editorial":[{"ID":6141,"post_author":"3","post_date":"2022-07-28 17:45:46","post_date_gmt":"2022-07-28 15:45:46","post_content":"","post_title":"BEASCOA","post_excerpt":"","post_status":"publish","comment_status":"closed","ping_status":"closed","post_password":"","post_name":"beascoa","to_ping":"","pinged":"","post_modified":"2022-07-28 17:45:46","post_modified_gmt":"2022-07-28 15:45:46","post_content_filtered":"","post_parent":0,"guid":"http:\/\/dev.claret.cat\/editorial\/beascoa\/","menu_order":0,"post_type":"editorial","post_mime_type":"","comment_count":"0","filter":"raw"}],"booktrailer":"","resenas":""},"aioseo_notices":[],"_links":{"self":[{"href":"https:\/\/www.claret.cat\/es\/wp-json\/wp\/v2\/product\/1000851","targetHints":{"allow":["GET"]}}],"collection":[{"href":"https:\/\/www.claret.cat\/es\/wp-json\/wp\/v2\/product"}],"about":[{"href":"https:\/\/www.claret.cat\/es\/wp-json\/wp\/v2\/types\/product"}],"wp:featuredmedia":[{"embeddable":true,"href":"https:\/\/www.claret.cat\/es\/wp-json\/wp\/v2\/media\/1000852"}],"wp:attachment":[{"href":"https:\/\/www.claret.cat\/es\/wp-json\/wp\/v2\/media?parent=1000851"}],"wp:term":[{"taxonomy":"product_brand","embeddable":true,"href":"https:\/\/www.claret.cat\/es\/wp-json\/wp\/v2\/product_brand?post=1000851"},{"taxonomy":"product_cat","embeddable":true,"href":"https:\/\/www.claret.cat\/es\/wp-json\/wp\/v2\/product_cat?post=1000851"},{"taxonomy":"product_tag","embeddable":true,"href":"https:\/\/www.claret.cat\/es\/wp-json\/wp\/v2\/product_tag?post=1000851"}],"curies":[{"name":"wp","href":"https:\/\/api.w.org\/{rel}","templated":true}]}}