{"id":100087,"date":"2022-10-12T07:48:27","date_gmt":"2022-10-12T05:48:27","guid":{"rendered":"http:\/\/dev.claret.cat\/producte\/enemic-invisible\/"},"modified":"2025-02-01T00:28:56","modified_gmt":"2025-01-31T23:28:56","slug":"enemic-invisible-9788417868840","status":"publish","type":"product","link":"https:\/\/www.claret.cat\/es\/libro\/enemic-invisible-9788417868840\/","title":{"rendered":"ENEMIC INVISIBLE"},"content":{"rendered":"<p>Un thriller prof\u00e8tic que explora l&#8217;experi\u00e8ncia humana sota els efectes d&#8221;un virus letal en ple confinament. <\/p>\n<p>Peter May va escriure Enemic invisible fa quinze anys, quan la grip aviar s&#8217;havia est\u00e8s per alguns pa\u00efsos. Per\u00f2 el manuscrit es va quedar en un calaix del seu escriptori. Els editors no van voler publicar la hist\u00f2ria per considerar-la \u00abextremadament exagerada\u00bb. Aquell text semblava una distopia amb pocs vincles amb la realitat per\u00f2 veient els estralls que ha provocat la pand\u00e8mia de la covid-19 a tot el m\u00f3n aquest llibre recobra el sentit. <\/p>\n<p>Londres \u00e9s l&#8217;epicentre d&#8217;una pand\u00e8mia global, una ciutat tancada i violenta. S&#8217;ha imposat l&#8217;estat d&#8217;emerg\u00e8ncia excepcional a causa d&#8217;un virus que ja ha matat milers de persones. Els serveis sanitaris estan desbordats i s&#8217;han de construir nous centres sanitaris per descongestionar el sistema. En un dels llocs on hi haur\u00e0 un nou hospital, troben una bossa amb les restes d&#8221;un nen. Jack MacNeil, en el seu darrer dia a la Policia Metropolitana, haur\u00e0 de resoldre el cas en un context de pressions i viol\u00e8ncia. L&#8217;assass\u00ed, implacable, est\u00e0 disposat a tornar a matar per esborrar el seu rastre. Mentrestant, la seva vida es trenca pel mateix mal que destrossa l&#8217;exist\u00e8ncia de la resta.<\/p>\n<p>\u00abDespr\u00e9s de la magn\u00edfica trilogia de Lewis, Peter May ofereix una feina igual d&#8217;absorbent.\u00bb The Times<\/p>\n","protected":false},"excerpt":{"rendered":"<p>MAY, PETER<\/p>\n","protected":false},"featured_media":100088,"template":"","meta":{"_acf_changed":false,"om_disable_all_campaigns":false,"rs_blank_template":"","rs_page_bg_color":"","slide_template_v7":"","inline_featured_image":false,"_monsterinsights_skip_tracking":false,"_monsterinsights_sitenote_active":false,"_monsterinsights_sitenote_note":"","_monsterinsights_sitenote_category":0},"product_brand":[],"product_cat":[127,357],"product_tag":[],"class_list":{"0":"post-100087","1":"product","2":"type-product","3":"status-publish","4":"has-post-thumbnail","6":"product_cat-novella-contemporania","7":"product_cat-novela-contemporanea","9":"first","10":"instock","11":"taxable","12":"shipping-taxable","13":"purchasable","14":"product-type-simple"},"acf":{"editorial":[{"ID":6384,"post_author":"3","post_date":"2022-07-28 17:51:02","post_date_gmt":"2022-07-28 15:51:02","post_content":"","post_title":"Univers Llibres","post_excerpt":"","post_status":"publish","comment_status":"closed","ping_status":"closed","post_password":"","post_name":"univers-llibres","to_ping":"","pinged":"","post_modified":"2022-07-28 17:51:02","post_modified_gmt":"2022-07-28 15:51:02","post_content_filtered":"","post_parent":0,"guid":"http:\/\/dev.claret.cat\/editorial\/univers-llibres\/","menu_order":0,"post_type":"editorial","post_mime_type":"","comment_count":"0","filter":"raw"}],"autor":"MAY, PETER","codart":"841786884","libros-coleccion":"Univers","ediciones":"1","encuadernacion":"R\u00fastica","fecha_de_publicacion":"01\/10\/2020","novedad":"1","paginas":"368","subtitulo":"","orden":"0","portada":"0","idioma":"cat","autores-libros":[{"ID":167115,"post_author":"3","post_date":"2022-10-14 18:08:39","post_date_gmt":"2022-10-14 16:08:39","post_content":"","post_title":"PETER MAY","post_excerpt":"","post_status":"publish","comment_status":"closed","ping_status":"closed","post_password":"","post_name":"peter-may","to_ping":"","pinged":"","post_modified":"2022-10-14 18:08:39","post_modified_gmt":"2022-10-14 16:08:39","post_content_filtered":"","post_parent":0,"guid":"http:\/\/dev.claret.cat\/autor\/peter-may\/","menu_order":0,"post_type":"autor","post_mime_type":"","comment_count":"0","filter":"raw"}]},"aioseo_notices":[],"_links":{"self":[{"href":"https:\/\/www.claret.cat\/es\/wp-json\/wp\/v2\/product\/100087","targetHints":{"allow":["GET"]}}],"collection":[{"href":"https:\/\/www.claret.cat\/es\/wp-json\/wp\/v2\/product"}],"about":[{"href":"https:\/\/www.claret.cat\/es\/wp-json\/wp\/v2\/types\/product"}],"wp:featuredmedia":[{"embeddable":true,"href":"https:\/\/www.claret.cat\/es\/wp-json\/wp\/v2\/media\/100088"}],"wp:attachment":[{"href":"https:\/\/www.claret.cat\/es\/wp-json\/wp\/v2\/media?parent=100087"}],"wp:term":[{"taxonomy":"product_brand","embeddable":true,"href":"https:\/\/www.claret.cat\/es\/wp-json\/wp\/v2\/product_brand?post=100087"},{"taxonomy":"product_cat","embeddable":true,"href":"https:\/\/www.claret.cat\/es\/wp-json\/wp\/v2\/product_cat?post=100087"},{"taxonomy":"product_tag","embeddable":true,"href":"https:\/\/www.claret.cat\/es\/wp-json\/wp\/v2\/product_tag?post=100087"}],"curies":[{"name":"wp","href":"https:\/\/api.w.org\/{rel}","templated":true}]}}