{"id":1000880,"date":"2025-01-21T14:30:08","date_gmt":"2025-01-21T13:30:08","guid":{"rendered":"https:\/\/www.claret.cat\/llibre\/strange-pictures-9788410352063\/"},"modified":"2025-04-24T12:36:24","modified_gmt":"2025-04-24T10:36:24","slug":"strange-pictures-9788410352063","status":"publish","type":"product","link":"https:\/\/www.claret.cat\/es\/libro\/strange-pictures-9788410352063\/","title":{"rendered":"STRANGE PICTURES"},"content":{"rendered":"<p>EL FEN\u00d3MENO DE MISTERIO QUE ARRASA EN JAP\u00d3N.<br \/>M\u00e1s de tres millones de lectores en Jap\u00f3n.<br \/>Traducido a m\u00e1s de treinta idiomas. \u00bfUn dibujo puede ser suficiente para descubrir a un asesino? Una mujer embarazada, un ni\u00f1o, una casa, un paisaje dibujado por la v\u00edctima de un asesinato en su agon\u00eda final&#8230; El descubrimiento de nueve im\u00e1genes extra\u00f1as, relacionadas con cr\u00edmenes del pasado, conduce a una \u00fanica verdad escalofriante. El lector se sentir\u00e1 como un detective desentra\u00f1ando p\u00e1gina a p\u00e1gina el hilo com\u00fan que las une a todas. Strange Pictures es la primera novela publicada en espa\u00f1ol de Uketsu, una enigm\u00e1tica figura surgida de las profundidades de internet y que se ha convertido de la noche a la ma\u00f1ana en uno de los nombres m\u00e1s relevantes del panorama literario japon\u00e9s. Con sus historias, Uketsu ha transformado para siempre las reglas de los g\u00e9neros de terror y de misterio.Rese\u00f1as:<br \/>\u00abLa nueva sensaci\u00f3n de la literatura de misterio no puede ser m\u00e1s popular. [&#8230;] Sus ricas im\u00e1genes, sumadas a la gran variedad de reclamos visuales, convierten su lectura en toda una experiencia\u00bb.<br \/>Tokyo Shimbun \u00abEl misterioso autor de terror que est\u00e1 en boca de todos. [&#8230;] Strange Pictures est\u00e1 arrasando en el mundo editorial incluso desde antes de que se ponga el libro a la venta\u00bb.<br \/>Sports Nippon\u00abEl gusto por los enigmas y los rompecabezas ha llegado al mundo de la ficci\u00f3n. Lo demuestran Strange Pictures y Strange Houses, las obras que est\u00e1n dominando las listas de los libros m\u00e1s vendidos\u00bb.<br \/>Yomiori Shimbun \u00abHa pasado un a\u00f1o desde su lanzamiento y su popularidad no hadisminuido. [&#8230;] Una escalofriante novela de misterio firmada por el escritor de terror m\u00e1s le\u00eddo del momento\u00bb.<br \/>PR Times \u00abUn completo fen\u00f3meno social. [&#8230;] Una novela ins\u00f3lita que se ha convertido en el tema preferido de conversaci\u00f3n\u00bb.<br \/>Tokyo Sports\u00abPero \u00bfde d\u00f3nde ha salido este escritor &#8216;extra\u00f1o&#8217;, cuyo verdadero rostro desconocen incluso sus editores?\u00bb.<br \/>Asahi Shimbun \u00abUna inquietante experiencia de lectura: nunca antes hab\u00edamos visto algo as\u00ed\u00bb.<br \/>Shueisha News \u00abUn fen\u00f3meno editorial totalmente inesperado\u00bb.<br \/>Asahi Shimbun\u00abSus libros est\u00e1n fascinando a lectores de todas las edades\u00bb.<br \/>Sankei Shimbun \u00abDeliciosamente macabro y diab\u00f3licamente inteligente. Todas sus tramas, en apariencia inconexas, convergen en un punto \u00e1lgido que Uketsu sabe resolver con maestr\u00eda\u00bb.<br \/>G. T. Karber, autor de Murdle\u00abTan fascinante que lo le\u00ed en un d\u00eda. Tan inquietante que pens\u00e9 en \u00e9l toda la noche. Uketsu ha llegado para cambiar las reglas, es el maestro del terror silencioso\u00bb.<br \/>Janice Hallet, autora de La apelaci\u00f3n \u00abUna adictiva novela de misterio ejecutada como un cuadro puntillista: solo cuando llegas al final, das un paso atr\u00e1s y ves el panorama completo, cada una de sus partes encaja en su sitio. \u00a1Excepcional!\u00bb.<br \/>Alice Slater, autora de Muerte de una librera<\/p>\n","protected":false},"excerpt":{"rendered":"<p>UKETSU<\/p>\n","protected":false},"featured_media":1000881,"template":"","meta":{"_acf_changed":false,"om_disable_all_campaigns":false,"rs_blank_template":"","rs_page_bg_color":"","slide_template_v7":"","inline_featured_image":false,"_monsterinsights_skip_tracking":false,"_monsterinsights_sitenote_active":false,"_monsterinsights_sitenote_note":"","_monsterinsights_sitenote_category":0},"product_brand":[],"product_cat":[127,357],"product_tag":[],"class_list":{"0":"post-1000880","1":"product","2":"type-product","3":"status-publish","4":"has-post-thumbnail","6":"product_cat-novella-contemporania","7":"product_cat-novela-contemporanea","9":"first","10":"instock","11":"taxable","12":"shipping-taxable","13":"purchasable","14":"product-type-simple"},"acf":{"autor":"UKETSU","codart":"841035206","libros-coleccion":"ROJA Y NEGRA","ediciones":"1","encuadernacion":"R\u00fastica","fecha_de_publicacion":"01\/01\/2025","novedad":"1","paginas":"288","subtitulo":"","orden":"0","portada":"0","idioma":"spa","editorial":[{"ID":148749,"post_author":"3","post_date":"2022-10-14 12:00:41","post_date_gmt":"2022-10-14 10:00:41","post_content":"","post_title":"RESERVOIR BOOKS","post_excerpt":"","post_status":"publish","comment_status":"closed","ping_status":"closed","post_password":"","post_name":"reservoir-books","to_ping":"","pinged":"","post_modified":"2022-10-14 12:00:41","post_modified_gmt":"2022-10-14 10:00:41","post_content_filtered":"","post_parent":0,"guid":"http:\/\/dev.claret.cat\/editorial\/reservoir-books\/","menu_order":0,"post_type":"editorial","post_mime_type":"","comment_count":"0","filter":"raw"}],"booktrailer":"","resenas":""},"aioseo_notices":[],"_links":{"self":[{"href":"https:\/\/www.claret.cat\/es\/wp-json\/wp\/v2\/product\/1000880","targetHints":{"allow":["GET"]}}],"collection":[{"href":"https:\/\/www.claret.cat\/es\/wp-json\/wp\/v2\/product"}],"about":[{"href":"https:\/\/www.claret.cat\/es\/wp-json\/wp\/v2\/types\/product"}],"wp:featuredmedia":[{"embeddable":true,"href":"https:\/\/www.claret.cat\/es\/wp-json\/wp\/v2\/media\/1000881"}],"wp:attachment":[{"href":"https:\/\/www.claret.cat\/es\/wp-json\/wp\/v2\/media?parent=1000880"}],"wp:term":[{"taxonomy":"product_brand","embeddable":true,"href":"https:\/\/www.claret.cat\/es\/wp-json\/wp\/v2\/product_brand?post=1000880"},{"taxonomy":"product_cat","embeddable":true,"href":"https:\/\/www.claret.cat\/es\/wp-json\/wp\/v2\/product_cat?post=1000880"},{"taxonomy":"product_tag","embeddable":true,"href":"https:\/\/www.claret.cat\/es\/wp-json\/wp\/v2\/product_tag?post=1000880"}],"curies":[{"name":"wp","href":"https:\/\/api.w.org\/{rel}","templated":true}]}}