{"id":1000925,"date":"2025-01-21T16:00:09","date_gmt":"2025-01-21T15:00:09","guid":{"rendered":"https:\/\/www.claret.cat\/llibre\/pau-pinyo-7-anar-a-lescola-es-el-millor-9788466158381\/"},"modified":"2026-02-27T19:18:17","modified_gmt":"2026-02-27T18:18:17","slug":"pau-pinyo-7-anar-a-lescola-es-el-millor-9788466158381","status":"publish","type":"product","link":"https:\/\/www.claret.cat\/es\/libro\/pau-pinyo-7-anar-a-lescola-es-el-millor-9788466158381\/","title":{"rendered":"PAU PINY\u00d3 7: ANAR A L&#8217;ESCOLA \u00c9S EL MILLOR!"},"content":{"rendered":"<p>El Pau Piny\u00f3 \u00e9s un l\u00e8mming que sempre va una mica esverat. Ensopegant per aqu\u00ed i entrebancant-se per all\u00e0, passa tota mena de perip\u00e8cies. <br \/> Avui s&#8221;ha llevat molt content per anar a l&#8221;escola. Per\u00f2, amb tantes sumes i paraules dif\u00edcils d&#8221;escriure, armar\u00e0 uns quants embolics i el dia no ser\u00e0 tan tranquil com ell esperava.<\/p>\n","protected":false},"excerpt":{"rendered":"<p>KESELMAN, GABRIELA<\/p>\n","protected":false},"featured_media":1000926,"template":"","meta":{"_acf_changed":false,"om_disable_all_campaigns":false,"rs_blank_template":"","rs_page_bg_color":"","slide_template_v7":"","inline_featured_image":false,"_monsterinsights_skip_tracking":false,"_monsterinsights_sitenote_active":false,"_monsterinsights_sitenote_note":"","_monsterinsights_sitenote_category":0},"product_brand":[],"product_cat":[131,361],"product_tag":[],"class_list":{"0":"post-1000925","1":"product","2":"type-product","3":"status-publish","4":"has-post-thumbnail","6":"product_cat-contes-per-infants-0-6-anys","7":"product_cat-cuentos-para-ninos-0-6-anos","9":"first","10":"instock","11":"taxable","12":"shipping-taxable","13":"purchasable","14":"product-type-simple"},"acf":{"autor":"KESELMAN, GABRIELA","codart":"846615838","libros-coleccion":"FORA DE COL.LECCI\u00d3","ediciones":"1","encuadernacion":"Carton\u00e9","fecha_de_publicacion":"01\/01\/2025","novedad":"1","paginas":"45","subtitulo":"","orden":"0","portada":"0","idioma":"cat","editorial":[{"ID":147679,"post_author":"3","post_date":"2022-10-14 11:52:25","post_date_gmt":"2022-10-14 09:52:25","post_content":"","post_title":"CRUILLA \/SM-EDICIONS -VALENCIANO\/CATALAN","post_excerpt":"","post_status":"publish","comment_status":"closed","ping_status":"closed","post_password":"","post_name":"cruilla-sm-edicions-valenciano-catalan","to_ping":"","pinged":"","post_modified":"2022-10-14 11:52:25","post_modified_gmt":"2022-10-14 09:52:25","post_content_filtered":"","post_parent":0,"guid":"http:\/\/dev.claret.cat\/editorial\/cruilla-sm-edicions-valenciano-catalan\/","menu_order":0,"post_type":"editorial","post_mime_type":"","comment_count":"0","filter":"raw"}],"booktrailer":"","resenas":""},"aioseo_notices":[],"_links":{"self":[{"href":"https:\/\/www.claret.cat\/es\/wp-json\/wp\/v2\/product\/1000925","targetHints":{"allow":["GET"]}}],"collection":[{"href":"https:\/\/www.claret.cat\/es\/wp-json\/wp\/v2\/product"}],"about":[{"href":"https:\/\/www.claret.cat\/es\/wp-json\/wp\/v2\/types\/product"}],"wp:featuredmedia":[{"embeddable":true,"href":"https:\/\/www.claret.cat\/es\/wp-json\/wp\/v2\/media\/1000926"}],"wp:attachment":[{"href":"https:\/\/www.claret.cat\/es\/wp-json\/wp\/v2\/media?parent=1000925"}],"wp:term":[{"taxonomy":"product_brand","embeddable":true,"href":"https:\/\/www.claret.cat\/es\/wp-json\/wp\/v2\/product_brand?post=1000925"},{"taxonomy":"product_cat","embeddable":true,"href":"https:\/\/www.claret.cat\/es\/wp-json\/wp\/v2\/product_cat?post=1000925"},{"taxonomy":"product_tag","embeddable":true,"href":"https:\/\/www.claret.cat\/es\/wp-json\/wp\/v2\/product_tag?post=1000925"}],"curies":[{"name":"wp","href":"https:\/\/api.w.org\/{rel}","templated":true}]}}