{"id":1000965,"date":"2025-01-21T17:15:17","date_gmt":"2025-01-21T16:15:17","guid":{"rendered":"https:\/\/www.claret.cat\/llibre\/ugly-love-pideme-cualquier-cosa-menos-amor-9788408297697\/"},"modified":"2025-04-03T17:30:37","modified_gmt":"2025-04-03T15:30:37","slug":"ugly-love-pideme-cualquier-cosa-menos-amor-9788408297697","status":"publish","type":"product","link":"https:\/\/www.claret.cat\/es\/libro\/ugly-love-pideme-cualquier-cosa-menos-amor-9788408297697\/","title":{"rendered":"UGLY LOVE. P\u00cdDEME CUALQUIER COSA MENOS AMOR"},"content":{"rendered":"<p>Un fen\u00f3meno imparable. La novela m\u00e1s querida por sus lectoras junto con Romper el c\u00edrculo.Nunca me minti\u00f3. No rompi\u00f3 ninguna promesa, porque nunca me hizo ninguna.<br \/> \u00a0<br \/> Cuando Tate Collins conoce al piloto Miles Archer, no cree que sea amor a primera vista. Ni siquiera ir\u00edan tan lejos como para considerarse amigos. Lo \u00fanico que Tate y Miles tienen en com\u00fan es una innegable atracci\u00f3n mutua. Una vez que sus deseos salen a la luz, se dan cuenta de que tienen el acuerdo perfecto. \u00c9l no quiere amor, ella no tiene tiempo para el amor, as\u00ed que solo queda el sexo. Su arreglo podr\u00eda ser sorprendentemente perfecto, siempre que Tate pueda cumplir con las \u00fanicas dos reglas que Miles tiene para ella.<br \/> Nunca preguntes sobre el pasado.<br \/> \u00a0<br \/> No esperes un futuro.<br \/> \u00a0<br \/> Creen que pueden manejarlo, pero se dan cuenta casi de inmediato de que no pueden en absoluto.<br \/> \u00a0<br \/> Los corazones se ablandan.<br \/> Las promesas se rompen.<br \/> Las reglas se hacen a\u00f1icos.<\/p>\n","protected":false},"excerpt":{"rendered":"<p>HOOVER, COLLEEN<\/p>\n","protected":false},"featured_media":1000966,"template":"","meta":{"_acf_changed":false,"om_disable_all_campaigns":false,"rs_blank_template":"","rs_page_bg_color":"","slide_template_v7":"","inline_featured_image":false,"_monsterinsights_skip_tracking":false,"_monsterinsights_sitenote_active":false,"_monsterinsights_sitenote_note":"","_monsterinsights_sitenote_category":0},"product_brand":[],"product_cat":[127,357],"product_tag":[],"class_list":{"0":"post-1000965","1":"product","2":"type-product","3":"status-publish","4":"has-post-thumbnail","6":"product_cat-novella-contemporania","7":"product_cat-novela-contemporanea","9":"first","10":"instock","11":"taxable","12":"shipping-taxable","13":"purchasable","14":"product-type-simple"},"acf":{"autor":"HOOVER, COLLEEN","codart":"840829769","libros-coleccion":"Bestseller","ediciones":"1","encuadernacion":"R\u00fastica","fecha_de_publicacion":"01\/01\/2025","novedad":"1","paginas":"395","subtitulo":"POR LA AUTORA DE ROMPER EL C\u00cdRCULO","orden":"0","portada":"0","idioma":"spa","editorial":[{"ID":6233,"post_author":"3","post_date":"2022-07-28 17:47:48","post_date_gmt":"2022-07-28 15:47:48","post_content":"","post_title":"EDITORIAL PLANETA","post_excerpt":"","post_status":"publish","comment_status":"closed","ping_status":"closed","post_password":"","post_name":"editorial-planeta","to_ping":"","pinged":"","post_modified":"2022-07-28 17:47:48","post_modified_gmt":"2022-07-28 15:47:48","post_content_filtered":"","post_parent":0,"guid":"http:\/\/dev.claret.cat\/editorial\/editorial-planeta\/","menu_order":0,"post_type":"editorial","post_mime_type":"","comment_count":"0","filter":"raw"}]},"aioseo_notices":[],"_links":{"self":[{"href":"https:\/\/www.claret.cat\/es\/wp-json\/wp\/v2\/product\/1000965","targetHints":{"allow":["GET"]}}],"collection":[{"href":"https:\/\/www.claret.cat\/es\/wp-json\/wp\/v2\/product"}],"about":[{"href":"https:\/\/www.claret.cat\/es\/wp-json\/wp\/v2\/types\/product"}],"wp:featuredmedia":[{"embeddable":true,"href":"https:\/\/www.claret.cat\/es\/wp-json\/wp\/v2\/media\/1000966"}],"wp:attachment":[{"href":"https:\/\/www.claret.cat\/es\/wp-json\/wp\/v2\/media?parent=1000965"}],"wp:term":[{"taxonomy":"product_brand","embeddable":true,"href":"https:\/\/www.claret.cat\/es\/wp-json\/wp\/v2\/product_brand?post=1000965"},{"taxonomy":"product_cat","embeddable":true,"href":"https:\/\/www.claret.cat\/es\/wp-json\/wp\/v2\/product_cat?post=1000965"},{"taxonomy":"product_tag","embeddable":true,"href":"https:\/\/www.claret.cat\/es\/wp-json\/wp\/v2\/product_tag?post=1000965"}],"curies":[{"name":"wp","href":"https:\/\/api.w.org\/{rel}","templated":true}]}}