{"id":1001155,"date":"2025-01-22T11:50:06","date_gmt":"2025-01-22T10:50:06","guid":{"rendered":"https:\/\/www.claret.cat\/llibre\/etiquetes-9788418288982\/"},"modified":"2025-01-22T18:30:57","modified_gmt":"2025-01-22T17:30:57","slug":"etiquetes-9788418288982","status":"publish","type":"product","link":"https:\/\/www.claret.cat\/es\/libro\/etiquetes-9788418288982\/","title":{"rendered":"ETIQUETES"},"content":{"rendered":"<p>DE CARTR\u00d3 I AMB LLETRA MAJ\u00daSCULA A la Neus li diuen que \u00e9s una nena petita, mentidera, de pell blanca, campiona&#8230; Li pengen cada dia un munt d&#8221;etiquetes. Algunes li agraden, d&#8221;altres la incomoden, per\u00f2 s&#8221;adona que totes s&#8221;hi queden per sempre i n&#8221;acaba ben farta, de tantes etiquetes! I \u00e9s que la Neus nom\u00e9s voldria&#8230; SER. NOVA EDICI\u00d3 DEL RECONEGUT \u00c0LBUM DE JOAN TURU; ARA EN CARTR\u00d3 I LLETRA MAJ\u00daSCULA.<\/p>\n","protected":false},"excerpt":{"rendered":"<p>TURU S\u00c1NCHEZ, JOAN<\/p>\n","protected":false},"featured_media":1001376,"template":"","meta":{"_acf_changed":false,"om_disable_all_campaigns":false,"rs_blank_template":"","rs_page_bg_color":"","slide_template_v7":"","inline_featured_image":false,"_monsterinsights_skip_tracking":false,"_monsterinsights_sitenote_active":false,"_monsterinsights_sitenote_note":"","_monsterinsights_sitenote_category":0},"product_brand":[],"product_cat":[131,361],"product_tag":[],"class_list":{"0":"post-1001155","1":"product","2":"type-product","3":"status-publish","4":"has-post-thumbnail","6":"product_cat-contes-per-infants-0-6-anys","7":"product_cat-cuentos-para-ninos-0-6-anos","9":"first","10":"instock","11":"taxable","12":"shipping-taxable","13":"purchasable","14":"product-type-simple"},"acf":{"autor":"TURU S\u00c1NCHEZ, JOAN","codart":"841828898","libros-coleccion":"\u00c0lbum il\u00b7lustrat","ediciones":"1","encuadernacion":"Carton\u00e9","fecha_de_publicacion":"01\/01\/2025","novedad":"1","paginas":"10","subtitulo":"","orden":"0","portada":"0","idioma":"cat","editorial":[{"ID":6145,"post_author":"3","post_date":"2022-07-28 17:45:51","post_date_gmt":"2022-07-28 15:45:51","post_content":"","post_title":"BINDI BOOKS","post_excerpt":"","post_status":"publish","comment_status":"closed","ping_status":"closed","post_password":"","post_name":"bindi-books","to_ping":"","pinged":"","post_modified":"2022-07-28 17:45:51","post_modified_gmt":"2022-07-28 15:45:51","post_content_filtered":"","post_parent":0,"guid":"http:\/\/dev.claret.cat\/editorial\/bindi-books\/","menu_order":0,"post_type":"editorial","post_mime_type":"","comment_count":"0","filter":"raw"}]},"aioseo_notices":[],"_links":{"self":[{"href":"https:\/\/www.claret.cat\/es\/wp-json\/wp\/v2\/product\/1001155","targetHints":{"allow":["GET"]}}],"collection":[{"href":"https:\/\/www.claret.cat\/es\/wp-json\/wp\/v2\/product"}],"about":[{"href":"https:\/\/www.claret.cat\/es\/wp-json\/wp\/v2\/types\/product"}],"wp:featuredmedia":[{"embeddable":true,"href":"https:\/\/www.claret.cat\/es\/wp-json\/wp\/v2\/media\/1001376"}],"wp:attachment":[{"href":"https:\/\/www.claret.cat\/es\/wp-json\/wp\/v2\/media?parent=1001155"}],"wp:term":[{"taxonomy":"product_brand","embeddable":true,"href":"https:\/\/www.claret.cat\/es\/wp-json\/wp\/v2\/product_brand?post=1001155"},{"taxonomy":"product_cat","embeddable":true,"href":"https:\/\/www.claret.cat\/es\/wp-json\/wp\/v2\/product_cat?post=1001155"},{"taxonomy":"product_tag","embeddable":true,"href":"https:\/\/www.claret.cat\/es\/wp-json\/wp\/v2\/product_tag?post=1001155"}],"curies":[{"name":"wp","href":"https:\/\/api.w.org\/{rel}","templated":true}]}}