{"id":1001178,"date":"2025-01-22T12:00:57","date_gmt":"2025-01-22T11:00:57","guid":{"rendered":"https:\/\/www.claret.cat\/llibre\/la-biblia-de-nuestro-pueblo-estuche-piel-cremallera-9788427149410\/"},"modified":"2025-02-05T16:20:46","modified_gmt":"2025-02-05T15:20:46","slug":"la-biblia-de-nuestro-pueblo-estuche-piel-cremallera-9788427149410","status":"publish","type":"product","link":"https:\/\/www.claret.cat\/es\/libro\/la-biblia-de-nuestro-pueblo-estuche-piel-cremallera-9788427149410\/","title":{"rendered":"LA BIBLIA DE NUESTRO PUEBLO (ESTUCHE) -PIEL CREMALLERA"},"content":{"rendered":"<p><span>ESTA EDICI\u00d3N DE LA BIBILA ES FUNDAMENTAL PORQUE&#8230; Contiene la traducci\u00f3n para Espa\u00f1a del texto b\u00edblico, realizada por Luis Alonso Sch\u00f6kel y su equipo, en perspectiva din\u00e1mica. Ofrece interesantes comentarios pastorales. Es un producto que combina alta calidad y precio competitivo<\/span><\/p>\n","protected":false},"excerpt":{"rendered":"<p>ALONSO SCH\u00d6KEL, LUIS<\/p>\n","protected":false},"featured_media":1003770,"template":"","meta":{"_acf_changed":false,"om_disable_all_campaigns":false,"rs_blank_template":"","rs_page_bg_color":"","slide_template_v7":"","inline_featured_image":false,"_monsterinsights_skip_tracking":false,"_monsterinsights_sitenote_active":false,"_monsterinsights_sitenote_note":"","_monsterinsights_sitenote_category":0},"product_brand":[],"product_cat":[90,540],"product_tag":[],"class_list":{"0":"post-1001178","1":"product","2":"type-product","3":"status-publish","4":"has-post-thumbnail","6":"product_cat-altres","7":"product_cat-otros","9":"first","10":"instock","11":"taxable","12":"shipping-taxable","13":"purchasable","14":"product-type-simple"},"acf":{"autor":"ALONSO SCH\u00d6KEL, LUIS","codart":"842714941","libros-coleccion":"","ediciones":"1","encuadernacion":"R\u00fastica","fecha_de_publicacion":"22\/01\/2025","novedad":"0","paginas":"1968","subtitulo":"","orden":"999","portada":"0","idioma":"spa","editorial":[{"ID":8258,"post_author":"3","post_date":"2022-09-30 09:21:32","post_date_gmt":"2022-09-30 07:21:32","post_content":"","post_title":"MENSAJERO","post_excerpt":"","post_status":"publish","comment_status":"closed","ping_status":"closed","post_password":"","post_name":"mensajero","to_ping":"","pinged":"","post_modified":"2022-09-30 09:21:32","post_modified_gmt":"2022-09-30 07:21:32","post_content_filtered":"","post_parent":0,"guid":"http:\/\/dev.claret.cat\/editorial\/mensajero\/","menu_order":0,"post_type":"editorial","post_mime_type":"","comment_count":"0","filter":"raw"}]},"aioseo_notices":[],"_links":{"self":[{"href":"https:\/\/www.claret.cat\/es\/wp-json\/wp\/v2\/product\/1001178","targetHints":{"allow":["GET"]}}],"collection":[{"href":"https:\/\/www.claret.cat\/es\/wp-json\/wp\/v2\/product"}],"about":[{"href":"https:\/\/www.claret.cat\/es\/wp-json\/wp\/v2\/types\/product"}],"wp:featuredmedia":[{"embeddable":true,"href":"https:\/\/www.claret.cat\/es\/wp-json\/wp\/v2\/media\/1003770"}],"wp:attachment":[{"href":"https:\/\/www.claret.cat\/es\/wp-json\/wp\/v2\/media?parent=1001178"}],"wp:term":[{"taxonomy":"product_brand","embeddable":true,"href":"https:\/\/www.claret.cat\/es\/wp-json\/wp\/v2\/product_brand?post=1001178"},{"taxonomy":"product_cat","embeddable":true,"href":"https:\/\/www.claret.cat\/es\/wp-json\/wp\/v2\/product_cat?post=1001178"},{"taxonomy":"product_tag","embeddable":true,"href":"https:\/\/www.claret.cat\/es\/wp-json\/wp\/v2\/product_tag?post=1001178"}],"curies":[{"name":"wp","href":"https:\/\/api.w.org\/{rel}","templated":true}]}}