{"id":100120,"date":"2022-10-12T07:48:55","date_gmt":"2022-10-12T05:48:55","guid":{"rendered":"http:\/\/dev.claret.cat\/producte\/grandes-casos-de-la-cronica-negra\/"},"modified":"2023-01-28T04:43:28","modified_gmt":"2023-01-28T03:43:28","slug":"grandes-casos-de-la-cronica-negra-9788418496080","status":"publish","type":"product","link":"https:\/\/www.claret.cat\/es\/libro\/grandes-casos-de-la-cronica-negra-9788418496080\/","title":{"rendered":"GRANDES CASOS DE LA CR\u00d3NICA NEGRA"},"content":{"rendered":"<p>Hay a\u00f1os que son aniversario de grandes sucesos criminales, como 2020. Se cumplen cuatro d\u00e9cadas del asesinato de los marqueses de Urquijo. Y de casos sangrientos como las matanzas de Los Galindos (45 a\u00f1os) y de Puerto Hurraco (30), la org\u00eda sat\u00e1nica en Tenerife (50), el inicio de \u00ablos Sacamantecas\u00bb (110) y otros impactantes hechos delictivos que han marcado una \u00e9poca. Este libro aporta nuevos datos y testimonios desconocidos, fruto de investigaciones en los \u00faltimos tiempos. Destacan cr\u00edmenes sin resolver, algunos que parec\u00edan perfectos y no lo fueron o con sentencias que han dejado abundantes dudas. Un escenario por el que des lan famosos malhechores, algunos sin pagar a\u00fan sus cuentas con la justicia. Fugitivos que permanecen en la memoria colectiva y todav\u00eda causan temor en la sociedad. Un viaje a lo m\u00e1s profundo del delito. Se inicia con las portadas del m\u00edtico semanario El Caso, y el texto se desarrolla hasta la actualidad, destacando, incluso, la pugna que, tanto en dictadura como en democracia, se ha mantenido con el poder para difundir tales sucesos. Y es que, en demasiadas ocasiones, los gobernantes parecen ignorar lo de que difundir el crimen es la mejor forma de combatirlo. Por eso se precisa cr\u00f3nica negra en estado puro. De ayer y de hoy. Y es que la historia de un pa\u00eds tambi\u00e9n se re eja a trav\u00e9s de sus cr\u00edmenes.<\/p>\n","protected":false},"excerpt":{"rendered":"<p>S\u00c1NCHEZ RADA, JUAN<\/p>\n","protected":false},"featured_media":100121,"template":"","meta":{"_acf_changed":false,"om_disable_all_campaigns":false,"rs_blank_template":"","rs_page_bg_color":"","slide_template_v7":"","inline_featured_image":false,"_monsterinsights_skip_tracking":false,"_monsterinsights_sitenote_active":false,"_monsterinsights_sitenote_note":"","_monsterinsights_sitenote_category":0},"product_brand":[],"product_cat":[154],"product_tag":[],"class_list":{"0":"post-100120","1":"product","2":"type-product","3":"status-publish","4":"has-post-thumbnail","6":"product_cat-espanaya","8":"first","9":"instock","10":"taxable","11":"shipping-taxable","12":"purchasable","13":"product-type-simple"},"acf":{"autor":"S\u00c1NCHEZ RADA, JUAN","codart":"841849608","libros-coleccion":"GENERAL","ediciones":"1","encuadernacion":"R\u00fastica","fecha_de_publicacion":"01\/11\/2020","novedad":"1","paginas":"356","subtitulo":"2020. A\u00d1O DE ANIVERSARIOS CRIMINALES","orden":"0","portada":"0","idioma":"spa","editorial":[{"ID":148590,"post_author":"3","post_date":"2022-10-14 11:59:26","post_date_gmt":"2022-10-14 09:59:26","post_content":"","post_title":"Npq Editores","post_excerpt":"","post_status":"publish","comment_status":"closed","ping_status":"closed","post_password":"","post_name":"npq-editores","to_ping":"","pinged":"","post_modified":"2022-10-14 11:59:26","post_modified_gmt":"2022-10-14 09:59:26","post_content_filtered":"","post_parent":0,"guid":"http:\/\/dev.claret.cat\/editorial\/npq-editores\/","menu_order":0,"post_type":"editorial","post_mime_type":"","comment_count":"0","filter":"raw"}],"autores-libros":[{"ID":161164,"post_author":"3","post_date":"2022-10-14 17:16:01","post_date_gmt":"2022-10-14 15:16:01","post_content":"","post_title":"JUAN S\u00c1NCHEZ RADA","post_excerpt":"","post_status":"publish","comment_status":"closed","ping_status":"closed","post_password":"","post_name":"juan-sanchez-rada","to_ping":"","pinged":"","post_modified":"2022-10-14 17:16:01","post_modified_gmt":"2022-10-14 15:16:01","post_content_filtered":"","post_parent":0,"guid":"http:\/\/dev.claret.cat\/autor\/juan-sanchez-rada\/","menu_order":0,"post_type":"autor","post_mime_type":"","comment_count":"0","filter":"raw"}]},"aioseo_notices":[],"_links":{"self":[{"href":"https:\/\/www.claret.cat\/es\/wp-json\/wp\/v2\/product\/100120","targetHints":{"allow":["GET"]}}],"collection":[{"href":"https:\/\/www.claret.cat\/es\/wp-json\/wp\/v2\/product"}],"about":[{"href":"https:\/\/www.claret.cat\/es\/wp-json\/wp\/v2\/types\/product"}],"wp:featuredmedia":[{"embeddable":true,"href":"https:\/\/www.claret.cat\/es\/wp-json\/wp\/v2\/media\/100121"}],"wp:attachment":[{"href":"https:\/\/www.claret.cat\/es\/wp-json\/wp\/v2\/media?parent=100120"}],"wp:term":[{"taxonomy":"product_brand","embeddable":true,"href":"https:\/\/www.claret.cat\/es\/wp-json\/wp\/v2\/product_brand?post=100120"},{"taxonomy":"product_cat","embeddable":true,"href":"https:\/\/www.claret.cat\/es\/wp-json\/wp\/v2\/product_cat?post=100120"},{"taxonomy":"product_tag","embeddable":true,"href":"https:\/\/www.claret.cat\/es\/wp-json\/wp\/v2\/product_tag?post=100120"}],"curies":[{"name":"wp","href":"https:\/\/api.w.org\/{rel}","templated":true}]}}