{"id":1001258,"date":"2025-01-22T13:55:25","date_gmt":"2025-01-22T12:55:25","guid":{"rendered":"https:\/\/www.claret.cat\/llibre\/por-voluntad-propia-9788412901818\/"},"modified":"2025-01-27T12:00:21","modified_gmt":"2025-01-27T11:00:21","slug":"por-voluntad-propia-9788412901818","status":"publish","type":"product","link":"https:\/\/www.claret.cat\/es\/libro\/por-voluntad-propia-9788412901818\/","title":{"rendered":"POR VOLUNTAD PROPIA"},"content":{"rendered":"<p>Una novela autobiogr\u00e1fica llena de intriga sobre una agresi\u00f3n sexual. Un tour de force brillante sobre el desaf\u00edo policial y judicial al que se enfrentan las v\u00edctimas.<\/p>\n<p> Es una ma\u00f1ana de domingo, y ella se ha presentado en la polic\u00eda por voluntad propia tras pasar la noche con un hombre. Aunque en alg\u00fan momento lo duda, no lo recuerda del todo; \u00bfquiz\u00e1 fueron a buscarla a su casa y la sacaron esposada? Siente a\u00fan en la boca el sabor del ron con cocacola cuando comienzan a interrogarla en la segunda planta de la comisar\u00eda. Primero el Comandante, condescendiente y brusco; despu\u00e9s Jeanne y Carole. El equipo la eval\u00faa psicol\u00f3gicamente, le toma las huellas dactilares, y enseguida un abogado inicia la preparaci\u00f3n de su defensa. Adem\u00e1s, sus amigos no dan la cara, incluso le vuelven la espalda. Duda de nuevo. Quiz\u00e1 s\u00ed cometi\u00f3 un delito. <\/p>\n<p> Por voluntad propia, la segunda novela de Mathilde Forget, es un intenso relato de tono autobiogr\u00e1fico que nos deja sin aliento. En \u00e9l la autora explora la ambig\u00fcedad que hay detr\u00e1s de las palabras, y hace un retrato sutil y afilado del desalentador sistema judicial, que a menudo culpa a sus v\u00edctimas y las averg\u00fcenza. Con una voz que mezcla ligereza y rabia, Forget firma un libro sorprendente y poderoso. <\/p>\n<p> \u00abEso es quiz\u00e1 lo que caracteriza la firma de Mathilde Forget: saber abordar los temas m\u00e1s serios con una ligereza que solo le pertenece a ella. Nunca he le\u00eddo algo as\u00ed en ning\u00fan otro lugar\u00bb.<br \/> &#x2014;Delphine de Vigan<\/p>\n","protected":false},"excerpt":{"rendered":"<p>FORGET, MATHILDE<\/p>\n","protected":false},"featured_media":1001836,"template":"","meta":{"_acf_changed":false,"om_disable_all_campaigns":false,"rs_blank_template":"","rs_page_bg_color":"","slide_template_v7":"","inline_featured_image":false,"_monsterinsights_skip_tracking":false,"_monsterinsights_sitenote_active":false,"_monsterinsights_sitenote_note":"","_monsterinsights_sitenote_category":0},"product_brand":[],"product_cat":[127,357],"product_tag":[],"class_list":{"0":"post-1001258","1":"product","2":"type-product","3":"status-publish","4":"has-post-thumbnail","6":"product_cat-novella-contemporania","7":"product_cat-novela-contemporanea","9":"first","10":"instock","11":"taxable","12":"shipping-taxable","13":"purchasable","14":"product-type-simple"},"acf":{"autor":"FORGET, MATHILDE","codart":"841290181","libros-coleccion":"","ediciones":"1","encuadernacion":"R\u00fastica","fecha_de_publicacion":"01\/01\/2025","novedad":"1","paginas":"110","subtitulo":"","orden":"0","portada":"0","idioma":"spa","editorial":[{"ID":148043,"post_author":"3","post_date":"2022-10-14 11:55:12","post_date_gmt":"2022-10-14 09:55:12","post_content":"","post_title":"Editorial Tr\u00e1nsito","post_excerpt":"","post_status":"publish","comment_status":"closed","ping_status":"closed","post_password":"","post_name":"editorial-transito","to_ping":"","pinged":"","post_modified":"2022-10-14 11:55:12","post_modified_gmt":"2022-10-14 09:55:12","post_content_filtered":"","post_parent":0,"guid":"http:\/\/dev.claret.cat\/editorial\/editorial-transito\/","menu_order":0,"post_type":"editorial","post_mime_type":"","comment_count":"0","filter":"raw"}]},"aioseo_notices":[],"_links":{"self":[{"href":"https:\/\/www.claret.cat\/es\/wp-json\/wp\/v2\/product\/1001258","targetHints":{"allow":["GET"]}}],"collection":[{"href":"https:\/\/www.claret.cat\/es\/wp-json\/wp\/v2\/product"}],"about":[{"href":"https:\/\/www.claret.cat\/es\/wp-json\/wp\/v2\/types\/product"}],"wp:featuredmedia":[{"embeddable":true,"href":"https:\/\/www.claret.cat\/es\/wp-json\/wp\/v2\/media\/1001836"}],"wp:attachment":[{"href":"https:\/\/www.claret.cat\/es\/wp-json\/wp\/v2\/media?parent=1001258"}],"wp:term":[{"taxonomy":"product_brand","embeddable":true,"href":"https:\/\/www.claret.cat\/es\/wp-json\/wp\/v2\/product_brand?post=1001258"},{"taxonomy":"product_cat","embeddable":true,"href":"https:\/\/www.claret.cat\/es\/wp-json\/wp\/v2\/product_cat?post=1001258"},{"taxonomy":"product_tag","embeddable":true,"href":"https:\/\/www.claret.cat\/es\/wp-json\/wp\/v2\/product_tag?post=1001258"}],"curies":[{"name":"wp","href":"https:\/\/api.w.org\/{rel}","templated":true}]}}