{"id":100138,"date":"2022-10-12T07:49:09","date_gmt":"2022-10-12T05:49:09","guid":{"rendered":"http:\/\/dev.claret.cat\/producte\/todo-lo-que-mola-de-los-dinosaurios-y-otras-bestias-prehistoricas\/"},"modified":"2025-12-24T11:50:46","modified_gmt":"2025-12-24T10:50:46","slug":"todo-lo-que-mola-de-los-dinosaurios-y-otras-bestias-prehistoricas-9788427220140","status":"publish","type":"product","link":"https:\/\/www.claret.cat\/es\/libro\/todo-lo-que-mola-de-los-dinosaurios-y-otras-bestias-prehistoricas-9788427220140\/","title":{"rendered":"TODO LO QUE MOLA DE LOS DINOSAURIOS Y OTRAS BESTIAS PREHIST\u00d3RICAS"},"content":{"rendered":"<p>Descubre todo lo que hay que saber sobre dinosaurios y todo tipo de bestias prehist\u00f3ricas con esta incre\u00edble gu\u00eda ilustrada por Mike Lowery. Incluye curiosidades alucinantes, divertid\u00edsimas ilustraciones, chistes prehist\u00f3ricos y la informaci\u00f3n m\u00e1s contrastada para que los lectores lo pasen jur\u00e1sicamente bien, mientras descubren el maravilloso mundo de los dinosaurios.<\/p>\n","protected":false},"excerpt":{"rendered":"<p>LOWERY MIKE<\/p>\n","protected":false},"featured_media":946530,"template":"","meta":{"_acf_changed":false,"om_disable_all_campaigns":false,"rs_blank_template":"","rs_page_bg_color":"","slide_template_v7":"","inline_featured_image":false,"_monsterinsights_skip_tracking":false,"_monsterinsights_sitenote_active":false,"_monsterinsights_sitenote_note":"","_monsterinsights_sitenote_category":0},"product_brand":[],"product_cat":[131,132,361,362],"product_tag":[],"class_list":{"0":"post-100138","1":"product","2":"type-product","3":"status-publish","4":"has-post-thumbnail","6":"product_cat-contes-per-infants-0-6-anys","7":"product_cat-lectures-per-preadolescents-6-12-anys","8":"product_cat-cuentos-para-ninos-0-6-anos","9":"product_cat-libros-preadolescentes-6-12-anos","11":"first","12":"instock","13":"taxable","14":"shipping-taxable","15":"purchasable","16":"product-type-simple"},"acf":{"editorial":[{"ID":6346,"post_author":"3","post_date":"2022-07-28 17:50:13","post_date_gmt":"2022-07-28 15:50:13","post_content":"","post_title":"RBA Molino","post_excerpt":"","post_status":"publish","comment_status":"closed","ping_status":"closed","post_password":"","post_name":"rba-molino","to_ping":"","pinged":"","post_modified":"2022-07-28 17:50:13","post_modified_gmt":"2022-07-28 15:50:13","post_content_filtered":"","post_parent":0,"guid":"http:\/\/dev.claret.cat\/editorial\/rba-molino\/","menu_order":0,"post_type":"editorial","post_mime_type":"","comment_count":"0","filter":"raw"}],"autor":"LOWERY MIKE","codart":"842722014","libros-coleccion":"NO FICCION INFANTIL","ediciones":"1","encuadernacion":"Carton\u00e9","fecha_de_publicacion":"01\/11\/2020","novedad":"1","paginas":"128","subtitulo":"","orden":"0","portada":"0","idioma":"spa","autores-libros":[{"ID":162547,"post_author":"3","post_date":"2022-10-14 17:31:53","post_date_gmt":"2022-10-14 15:31:53","post_content":"","post_title":"LOWERY MIKE","post_excerpt":"","post_status":"publish","comment_status":"closed","ping_status":"closed","post_password":"","post_name":"lowery-mike","to_ping":"","pinged":"","post_modified":"2022-10-14 17:31:53","post_modified_gmt":"2022-10-14 15:31:53","post_content_filtered":"","post_parent":0,"guid":"http:\/\/dev.claret.cat\/autor\/lowery-mike\/","menu_order":0,"post_type":"autor","post_mime_type":"","comment_count":"0","filter":"raw"}],"booktrailer":"","resenas":""},"aioseo_notices":[],"_links":{"self":[{"href":"https:\/\/www.claret.cat\/es\/wp-json\/wp\/v2\/product\/100138","targetHints":{"allow":["GET"]}}],"collection":[{"href":"https:\/\/www.claret.cat\/es\/wp-json\/wp\/v2\/product"}],"about":[{"href":"https:\/\/www.claret.cat\/es\/wp-json\/wp\/v2\/types\/product"}],"wp:featuredmedia":[{"embeddable":true,"href":"https:\/\/www.claret.cat\/es\/wp-json\/wp\/v2\/media\/946530"}],"wp:attachment":[{"href":"https:\/\/www.claret.cat\/es\/wp-json\/wp\/v2\/media?parent=100138"}],"wp:term":[{"taxonomy":"product_brand","embeddable":true,"href":"https:\/\/www.claret.cat\/es\/wp-json\/wp\/v2\/product_brand?post=100138"},{"taxonomy":"product_cat","embeddable":true,"href":"https:\/\/www.claret.cat\/es\/wp-json\/wp\/v2\/product_cat?post=100138"},{"taxonomy":"product_tag","embeddable":true,"href":"https:\/\/www.claret.cat\/es\/wp-json\/wp\/v2\/product_tag?post=100138"}],"curies":[{"name":"wp","href":"https:\/\/api.w.org\/{rel}","templated":true}]}}