{"id":1001446,"date":"2025-01-23T12:20:38","date_gmt":"2025-01-23T11:20:38","guid":{"rendered":"https:\/\/www.claret.cat\/llibre\/las-tres-muertes-de-sarah-colbert-9788419834836\/"},"modified":"2025-01-23T12:25:08","modified_gmt":"2025-01-23T11:25:08","slug":"las-tres-muertes-de-sarah-colbert-9788419834836","status":"publish","type":"product","link":"https:\/\/www.claret.cat\/es\/libro\/las-tres-muertes-de-sarah-colbert-9788419834836\/","title":{"rendered":"LAS TRES MUERTES DE SARAH COLBERT"},"content":{"rendered":"<p>EL RELEVO DEL THRILLER ESPA\u00d1OL\u00abEl personaje que cualquier escritor de novela negra querr\u00eda escribir.\u00bb ROBERTO SANTIAGO<br \/>\u00abArantxa Rufo es la sangre fresca del thriller espa\u00f1ol.\u00bb C\u00c9SAR P\u00c9REZ GELLIDA<br \/>\u00abPhilip Marlowe y Sarah Colbert tendr\u00edan mucho que decirse mutuamente sobre la culpa y los culpables. Arantxa Rufo invita a esta ronda. Magn\u00edfica.\u00bb V\u00cdCTOR DEL \u00c1RBOLMi vida se rompi\u00f3 en pedazos en tres ocasiones:<br \/>la primera, con siete a\u00f1os, cuando murieron mis padres.<br \/>La segunda, con veintid\u00f3s, cuando desapareci\u00f3 mi hermana Rachel.<br \/>La tercera, hace dos meses, cuando reapareci\u00f3.La vida de la sheriff Sarah Colbert ha estado marcada por la p\u00e9rdida y el dolor. Tras once a\u00f1os desaparecida, han hallado a su hermana muerta en el bosque. La autopsia dictamina que se trat\u00f3 de una muerte accidental, pero apenas llevaba unas horas as\u00ed cuando la encontraron. El asesinato de la persona que hall\u00f3 el cad\u00e1ver lleva a Sarah a pensar que, aunque la muerte de su hermana haya sido fortuita, tiene que existir una relaci\u00f3n entre ambos hechos. \u00bfD\u00f3nde ha estado Rachel los \u00faltimos once a\u00f1os? \u00bfPor qu\u00e9 nunca se puso en contacto con ella? Y, lo m\u00e1s importante de todo, \u00bfde qui\u00e9n hu\u00eda cuando muri\u00f3?Una sheriff atormentada por la culpa<br \/>Un misterio del pasado que regresa para reabrir viejas cicatrices<br \/>Una arriesgada investigaci\u00f3n para descubrir la verdad por dolorosa que sea<\/p>\n","protected":false},"excerpt":{"rendered":"<p>RUFO, ARANTXA<\/p>\n","protected":false},"featured_media":1001447,"template":"","meta":{"_acf_changed":false,"om_disable_all_campaigns":false,"rs_blank_template":"","rs_page_bg_color":"","slide_template_v7":"","inline_featured_image":false,"_monsterinsights_skip_tracking":false,"_monsterinsights_sitenote_active":false,"_monsterinsights_sitenote_note":"","_monsterinsights_sitenote_category":0},"product_brand":[],"product_cat":[127,357],"product_tag":[],"class_list":{"0":"post-1001446","1":"product","2":"type-product","3":"status-publish","4":"has-post-thumbnail","6":"product_cat-novella-contemporania","7":"product_cat-novela-contemporanea","9":"first","10":"instock","11":"taxable","12":"shipping-taxable","13":"purchasable","14":"product-type-simple"},"acf":{"autor":"RUFO, ARANTXA","codart":"841983483","libros-coleccion":"Los imperdibles","ediciones":"1","encuadernacion":"R\u00fastica","fecha_de_publicacion":"01\/01\/2025","novedad":"1","paginas":"442","subtitulo":"","orden":"0","portada":"0","idioma":"spa","editorial":[{"ID":6188,"post_author":"3","post_date":"2022-07-28 17:46:47","post_date_gmt":"2022-07-28 15:46:47","post_content":"","post_title":"Duomo ediciones","post_excerpt":"","post_status":"publish","comment_status":"closed","ping_status":"closed","post_password":"","post_name":"duomo-ediciones","to_ping":"","pinged":"","post_modified":"2022-07-28 17:46:47","post_modified_gmt":"2022-07-28 15:46:47","post_content_filtered":"","post_parent":0,"guid":"http:\/\/dev.claret.cat\/editorial\/duomo-ediciones\/","menu_order":0,"post_type":"editorial","post_mime_type":"","comment_count":"0","filter":"raw"}]},"aioseo_notices":[],"_links":{"self":[{"href":"https:\/\/www.claret.cat\/es\/wp-json\/wp\/v2\/product\/1001446","targetHints":{"allow":["GET"]}}],"collection":[{"href":"https:\/\/www.claret.cat\/es\/wp-json\/wp\/v2\/product"}],"about":[{"href":"https:\/\/www.claret.cat\/es\/wp-json\/wp\/v2\/types\/product"}],"wp:featuredmedia":[{"embeddable":true,"href":"https:\/\/www.claret.cat\/es\/wp-json\/wp\/v2\/media\/1001447"}],"wp:attachment":[{"href":"https:\/\/www.claret.cat\/es\/wp-json\/wp\/v2\/media?parent=1001446"}],"wp:term":[{"taxonomy":"product_brand","embeddable":true,"href":"https:\/\/www.claret.cat\/es\/wp-json\/wp\/v2\/product_brand?post=1001446"},{"taxonomy":"product_cat","embeddable":true,"href":"https:\/\/www.claret.cat\/es\/wp-json\/wp\/v2\/product_cat?post=1001446"},{"taxonomy":"product_tag","embeddable":true,"href":"https:\/\/www.claret.cat\/es\/wp-json\/wp\/v2\/product_tag?post=1001446"}],"curies":[{"name":"wp","href":"https:\/\/api.w.org\/{rel}","templated":true}]}}