{"id":1001452,"date":"2025-01-23T12:40:06","date_gmt":"2025-01-23T11:40:06","guid":{"rendered":"https:\/\/www.claret.cat\/llibre\/el-arte-de-la-vida-sana-9788417398927\/"},"modified":"2026-01-23T11:01:12","modified_gmt":"2026-01-23T10:01:12","slug":"el-arte-de-la-vida-sana-9788417398927","status":"publish","type":"product","link":"https:\/\/www.claret.cat\/es\/libro\/el-arte-de-la-vida-sana-9788417398927\/","title":{"rendered":"EL ARTE DE LA VIDA SANA"},"content":{"rendered":"<p>En&nbsp;<strong><em>El Arte de la Vida Sana<\/em><\/strong>&nbsp;<a href='https:\/\/www.claret.cat\/es\/catalogo\/?b=fabio+rosini' rel='noopener noreferrer' target='_blank'><strong>Fabio Rosini<\/strong><\/a>&nbsp;nos propone un&nbsp;<strong>camino de conocimiento personal<\/strong>&nbsp;(y por tanto universal) de curaci\u00f3n de la vida interior y afectiva. La gu\u00eda para este itinerario es una mujer enferma de hace dos mil a\u00f1os, la&nbsp;<strong>hemorro\u00edsa<\/strong>, que se encuentra en un pasaje del cap\u00edtulo quinto del&nbsp;<strong>Evangelio de Marcos<\/strong>, y de la cual se analiza el proceso de su curaci\u00f3n paradigm\u00e1tica y simb\u00f3lica.<\/p>\n<p>Se trata de un viaje de&nbsp;<strong>conocimiento personal y espiritual<\/strong>&nbsp;en la vida de cada d\u00eda. El secreto del diagn\u00f3stico es identificar los s\u00edntomas de las actitudes tortuosas que mantenemos en nuestra existencia, para arrojar luz sobre las falsedades que llevamos en el&nbsp;<strong>coraz\u00f3n<\/strong>. La aventura comienza con un sonido que llega a nuestro o\u00eddo,&nbsp;<strong>la voz de alguien que habla de Jes\u00fas<\/strong>, y que hace brotar en nosotros el deseo de \u00ab<strong>tocarlo<\/strong>\u00bb para establecer un contacto con \u00c9l. As\u00ed experimentamos el poder que sale de \u00c9l, su&nbsp;<strong>Vida<\/strong>, que nos puede reconstituir. Una vez curados, cada uno es capaz de llamar por su nombre \u00abtoda la verdad\u00bb, porque est\u00e1 en su presencia.<\/p>\n<p>El punto de&nbsp;<strong>llegada del viaje<\/strong>&nbsp;es capitalizar el sabio&nbsp;<strong>arte de sanar<\/strong>, que es una renovaci\u00f3n&nbsp;<strong>sana de la vida<\/strong>, es decir, estar dentro de un proceso constante de auto-cuidado,&nbsp;<strong>caminando en la paz<\/strong>&nbsp;y&nbsp;<strong>afrontando humildemente nuestras fragilidades<\/strong>. Deja patente un intenso combate entre&nbsp;<strong>verdad y misericordia<\/strong>: hab\u00eda que llamar por su nombre a todos los vac\u00edos que llevamos en nuestro interior pero sin desanimarnos, sino m\u00e1s bien emprendiendo el&nbsp;<strong>camino de la libertad<\/strong>&nbsp;para no abandonarlo nunca m\u00e1s.<\/p>\n<p>Solo&nbsp;<strong>Cristo<\/strong>&nbsp;sabe unir nuestra pobre carne humana con la<strong>&nbsp;Vida seg\u00fan el Esp\u00edritu Santo<\/strong>, la vida Divina, que nos&nbsp;<strong>consuela e ilumina<\/strong>&nbsp;siempre.<\/p>\n","protected":false},"excerpt":{"rendered":"<p>ROSINI, FABIO<\/p>\n","protected":false},"featured_media":1076542,"template":"","meta":{"_acf_changed":false,"om_disable_all_campaigns":false,"rs_blank_template":"","rs_page_bg_color":"","slide_template_v7":"","inline_featured_image":false,"_monsterinsights_skip_tracking":false,"_monsterinsights_sitenote_active":false,"_monsterinsights_sitenote_note":"","_monsterinsights_sitenote_category":0},"product_brand":[],"product_cat":[485,232,542,92],"product_tag":[],"class_list":{"0":"post-1001452","1":"product","2":"type-product","3":"status-publish","4":"has-post-thumbnail","6":"product_cat-autores-espiritualidad-1_espiritualidad","7":"product_cat-autors-espiritualitat","8":"product_cat-vida-religiosa-1_espiritualidad-spa","9":"product_cat-vida-religiosa","11":"first","12":"instock","13":"taxable","14":"shipping-taxable","15":"purchasable","16":"product-type-simple"},"acf":{"autor":"ROSINI, FABIO","codart":"841739892","libros-coleccion":"Candil Encendido","ediciones":"1","encuadernacion":"R\u00fastica","fecha_de_publicacion":"01\/04\/2022","novedad":"1","paginas":"270","subtitulo":"LA HEMORRO\u00cdSA Y EL SENDERO DE LA SANACI\u00d3N","orden":"0","portada":"0","idioma":"spa","editorial":[{"ID":148016,"post_author":"3","post_date":"2022-10-14 11:54:59","post_date_gmt":"2022-10-14 09:54:59","post_content":"","post_title":"Editorial Paulinas","post_excerpt":"","post_status":"publish","comment_status":"closed","ping_status":"closed","post_password":"","post_name":"editorial-paulinas","to_ping":"","pinged":"","post_modified":"2022-10-14 11:54:59","post_modified_gmt":"2022-10-14 09:54:59","post_content_filtered":"","post_parent":0,"guid":"http:\/\/dev.claret.cat\/editorial\/editorial-paulinas\/","menu_order":0,"post_type":"editorial","post_mime_type":"","comment_count":"0","filter":"raw"}],"autores-libros":[{"ID":155612,"post_author":"3","post_date":"2022-10-14 15:14:13","post_date_gmt":"2022-10-14 13:14:13","post_content":"","post_title":"FABIO ROSINI","post_excerpt":"","post_status":"publish","comment_status":"closed","ping_status":"closed","post_password":"","post_name":"fabio-rosini","to_ping":"","pinged":"","post_modified":"2022-10-14 15:14:13","post_modified_gmt":"2022-10-14 13:14:13","post_content_filtered":"","post_parent":0,"guid":"http:\/\/dev.claret.cat\/autor\/fabio-rosini\/","menu_order":0,"post_type":"autor","post_mime_type":"","comment_count":"0","filter":"raw"}],"booktrailer":"","linkebook":"","ficha":"","muestra":"","precioebook":"0","presentacion":"","resenas":""},"aioseo_notices":[],"_links":{"self":[{"href":"https:\/\/www.claret.cat\/es\/wp-json\/wp\/v2\/product\/1001452","targetHints":{"allow":["GET"]}}],"collection":[{"href":"https:\/\/www.claret.cat\/es\/wp-json\/wp\/v2\/product"}],"about":[{"href":"https:\/\/www.claret.cat\/es\/wp-json\/wp\/v2\/types\/product"}],"wp:featuredmedia":[{"embeddable":true,"href":"https:\/\/www.claret.cat\/es\/wp-json\/wp\/v2\/media\/1076542"}],"wp:attachment":[{"href":"https:\/\/www.claret.cat\/es\/wp-json\/wp\/v2\/media?parent=1001452"}],"wp:term":[{"taxonomy":"product_brand","embeddable":true,"href":"https:\/\/www.claret.cat\/es\/wp-json\/wp\/v2\/product_brand?post=1001452"},{"taxonomy":"product_cat","embeddable":true,"href":"https:\/\/www.claret.cat\/es\/wp-json\/wp\/v2\/product_cat?post=1001452"},{"taxonomy":"product_tag","embeddable":true,"href":"https:\/\/www.claret.cat\/es\/wp-json\/wp\/v2\/product_tag?post=1001452"}],"curies":[{"name":"wp","href":"https:\/\/api.w.org\/{rel}","templated":true}]}}