{"id":1001494,"date":"2025-01-23T15:45:17","date_gmt":"2025-01-23T14:45:17","guid":{"rendered":"https:\/\/www.claret.cat\/llibre\/fe-i-vida-9788491365853\/"},"modified":"2026-02-02T13:15:32","modified_gmt":"2026-02-02T12:15:32","slug":"fe-i-vida-9788491365853","status":"publish","type":"product","link":"https:\/\/www.claret.cat\/es\/libro\/fe-i-vida-9788491365853\/","title":{"rendered":"FE I VIDA"},"content":{"rendered":"<p><em>Fe i vida<\/em> \u00e9s un llibre essencial per a cristians que volen connectar la seva fe amb la vida quotidiana.<\/p>\n<p>Escrit per <strong>Carles Riera<\/strong> i publicat per <strong>Editorial Claret<\/strong>, aquest recull de <strong>comentaris als evangelis dominicals<\/strong> dels tres cicles lit\u00fargics i de les festivitats ofereix una lectura enriquidora i plena de saviesa pastoral.<\/p>\n<p>A trav\u00e9s d\u2019un llenguatge clar i inspirador, l\u2019autor aprofundeix en el missatge de l\u2019Evangeli amb una mirada teol\u00f2gica, espiritual i humanista. Amb cites de grans pensadors i una perspectiva pastoral pr\u00f2xima, <strong>Fe i vida<\/strong> \u00e9s una guia indispensable per a la meditaci\u00f3, la preg\u00e0ria i la preparaci\u00f3 d\u2019homilies.<\/p>\n<p><span class='ql-size-large'>Qu\u00e8 hi trobareu?<\/span><\/p>\n<ul>\n<li><strong>Reflexions profundes sobre els evangelis dominicals<\/strong> i festius dels cicles A, B i C.<\/li>\n<li><strong>Comentaris espirituals i teol\u00f2gics<\/strong> amb un estil proper i comprensible.<\/li>\n<li>Pr\u00f2leg de <strong>Josep M. Rambla, S.J.<\/strong> i \u00edndex d\u2019autors amb refer\u00e8ncies culturals i liter\u00e0ries.<\/li>\n<\/ul>\n<p><strong>Ideal per a sacerdots, catequistes i fidels<\/strong> que volen viure l\u2019Evangeli amb profunditat.<\/p>\n<p><\/p>\n<p><em>*Aquest llibre ha estat impr\u00e8s amb <\/em><a href='https:\/\/www.claret.cat\/ecoedicio\/' rel='noopener noreferrer' target='_blank'><strong><em>paper certificat <\/em><\/strong><\/a><em>pel Forest Stewardship Council (FSC), que compleix amb els principis de gesti\u00f3 econ\u00f2mica, social i ambiental sostenibles.<\/em><\/p>\n","protected":false},"excerpt":{"rendered":"<p>RIERA FONTS, CARLES<\/p>\n","protected":false},"featured_media":1006979,"template":"","meta":{"_acf_changed":false,"om_disable_all_campaigns":false,"rs_blank_template":"","rs_page_bg_color":"","slide_template_v7":"","inline_featured_image":false,"_monsterinsights_skip_tracking":false,"_monsterinsights_sitenote_active":false,"_monsterinsights_sitenote_note":"","_monsterinsights_sitenote_category":0},"product_brand":[],"product_cat":[253,399,581],"product_tag":[],"class_list":{"0":"post-1001494","1":"product","2":"type-product","3":"status-publish","4":"has-post-thumbnail","6":"product_cat-any-liturgic","7":"product_cat-any-liturgic-liturgia-1_espiritualidad","8":"product_cat-editorial-claret","10":"first","11":"instock","12":"taxable","13":"shipping-taxable","14":"purchasable","15":"product-type-simple"},"acf":{"autor":"RIERA FONTS, CARLES","codart":"849136585","libros-coleccion":"","ediciones":"1","encuadernacion":"R\u00fastica","fecha_de_publicacion":"18\/02\/2025","novedad":"1","paginas":"220","subtitulo":"COMENTARIS ALS EVANGELIS DELS DIUMENGES DELS TRES CICLES I DE LES FESTES","orden":"0","portada":"1","idioma":"cat","editorial":[{"ID":6158,"post_author":"3","post_date":"2022-07-28 17:46:08","post_date_gmt":"2022-07-28 15:46:08","post_content":"","post_title":"CLARET","post_excerpt":"","post_status":"publish","comment_status":"closed","ping_status":"closed","post_password":"","post_name":"claret","to_ping":"","pinged":"","post_modified":"2022-07-28 17:46:08","post_modified_gmt":"2022-07-28 15:46:08","post_content_filtered":"","post_parent":0,"guid":"http:\/\/dev.claret.cat\/editorial\/claret\/","menu_order":0,"post_type":"editorial","post_mime_type":"","comment_count":"0","filter":"raw"}],"autores-libros":[{"ID":1001493,"post_author":"3","post_date":"2025-01-23 15:45:08","post_date_gmt":"2025-01-23 14:45:08","post_content":"Carles Riera (Moi\u00e0, 1959), doctor en filologia catalana, llicenciat en farm\u00e0cia i amb la carrera de teologia, \u00e9s un especialista en el camp del llenguatge cient\u00edfic, autor de diverses obres sobre el tema i docent d\u2019aquesta mat\u00e8ria des de l\u2019any 1987; actualment \u00e9s professor de la Universitat Ramon Llull.","post_title":"CARLES RIERA FONTS","post_excerpt":"","post_status":"publish","comment_status":"closed","ping_status":"closed","post_password":"","post_name":"carles-riera-fonts","to_ping":"","pinged":"","post_modified":"2025-02-14 12:35:43","post_modified_gmt":"2025-02-14 11:35:43","post_content_filtered":"","post_parent":0,"guid":"https:\/\/www.claret.cat\/autor\/carles-riera-fonts\/","menu_order":0,"post_type":"autor","post_mime_type":"","comment_count":"0","filter":"raw"}],"booktrailer":"","linkebook":"","ficha":"849136585_1737723549.pdf","muestra":"","precioebook":"0","presentacion":"","resenas":"<p>Catalunya Religi\u00f3, 17\/02\/2025<\/p>\n<p><a href=\"https:\/\/www.catalunyareligio.cat\/ca\/blog\/llibres-recomanats\/fe-vida-317905\" rel=\"noopener noreferrer\" target=\"_blank\">https:\/\/www.catalunyareligio.cat\/ca\/blog\/llibres-recomanats\/fe-vida-317905<\/a><\/p>\n<p><\/p>\n<p>Catalunya Religi\u00f3, 19\/02\/2025<\/p>\n<p><a href=\"https:\/\/www.catalunyareligio.cat\/ca\/editorial-claret-publica-fe-vida-lectura-profunda\" rel=\"noopener noreferrer\" target=\"_blank\">https:\/\/www.catalunyareligio.cat\/ca\/editorial-claret-publica-fe-vida-lectura-profunda<\/a><\/p>\n<p><\/p>\n<p>Sense dist\u00e0ncia (R\u00e0dio Estel), 19\/02\/2025 &#8211; A partir del minut 9:20<\/p>\n<p><a href=\"https:\/\/www.estelfitxers.com\/audio\/2024-2025\/20250219-18_30SENSEDISTANCIA.MP3\" rel=\"noopener noreferrer\" target=\"_blank\">https:\/\/www.estelfitxers.com\/audio\/2024-2025\/20250219-18_30SENSEDISTANCIA.MP3<\/a><\/p>\n<p><\/p>\n<p>Catalunya Religi\u00f3, 12\/01\/2026<\/p>\n<p><a href=\"https:\/\/www.catalunyareligio.cat\/ca\/carles-riera-capella-filoleg-cientific?utm_source=enviament&amp;utm_medium=whatsapp\" rel=\"noopener noreferrer\" target=\"_blank\">https:\/\/www.catalunyareligio.cat\/ca\/carles-riera-capella-filoleg-cientific?utm_source=enviament&amp;utm_medium=whatsapp<\/a><\/p>\n<p><\/p>\n<p>Revista Serra d&#8217;Or, 29\/01\/2026<\/p>\n<p><a href=\"https:\/\/drive.google.com\/file\/d\/1YLtRblzao2m36GgV4E2dotqhe6Or8oD9\/view?usp=sharing\" rel=\"noopener noreferrer\" target=\"_blank\">https:\/\/drive.google.com\/file\/d\/1YLtRblzao2m36GgV4E2dotqhe6Or8oD9\/view?usp=sharing<\/a><\/p>\n<p><\/p>\n<p>N\u00favol, 02\/01\/2026<\/p>\n<p><a href=\"https:\/\/www.nuvol.com\/llibres\/assaig\/carles-riera-ciencia-i-fe-467165\" rel=\"noopener noreferrer\" target=\"_blank\">https:\/\/www.nuvol.com\/llibres\/assaig\/carles-riera-ciencia-i-fe-467165<\/a><\/p>\n"},"aioseo_notices":[],"_links":{"self":[{"href":"https:\/\/www.claret.cat\/es\/wp-json\/wp\/v2\/product\/1001494","targetHints":{"allow":["GET"]}}],"collection":[{"href":"https:\/\/www.claret.cat\/es\/wp-json\/wp\/v2\/product"}],"about":[{"href":"https:\/\/www.claret.cat\/es\/wp-json\/wp\/v2\/types\/product"}],"wp:featuredmedia":[{"embeddable":true,"href":"https:\/\/www.claret.cat\/es\/wp-json\/wp\/v2\/media\/1006979"}],"wp:attachment":[{"href":"https:\/\/www.claret.cat\/es\/wp-json\/wp\/v2\/media?parent=1001494"}],"wp:term":[{"taxonomy":"product_brand","embeddable":true,"href":"https:\/\/www.claret.cat\/es\/wp-json\/wp\/v2\/product_brand?post=1001494"},{"taxonomy":"product_cat","embeddable":true,"href":"https:\/\/www.claret.cat\/es\/wp-json\/wp\/v2\/product_cat?post=1001494"},{"taxonomy":"product_tag","embeddable":true,"href":"https:\/\/www.claret.cat\/es\/wp-json\/wp\/v2\/product_tag?post=1001494"}],"curies":[{"name":"wp","href":"https:\/\/api.w.org\/{rel}","templated":true}]}}