{"id":100174,"date":"2022-10-12T07:49:39","date_gmt":"2022-10-12T05:49:39","guid":{"rendered":"http:\/\/dev.claret.cat\/producte\/la-novena-casa\/"},"modified":"2023-01-28T04:49:04","modified_gmt":"2023-01-28T03:49:04","slug":"la-novena-casa-9788418359262","status":"publish","type":"product","link":"https:\/\/www.claret.cat\/es\/libro\/la-novena-casa-9788418359262\/","title":{"rendered":"LA NOVENA CASA"},"content":{"rendered":"<p>COMIENZA LA PRIMERA SAGA DE ADULTO DE LEIGH BARDUGO <\/p>\n<p> El fascinante debut para adultos de Leigh Bardugo, una historia de poder, magia oscura y asesinatos ambientada entre la \u00e9lite de la Ivy League. Galaxy &#8216;Alex&#8217; Stern es sin duda alguien a quien muchos no esperar\u00edan ver en Yale. Criada en Los \u00c1ngeles por una madre hippie, Alex abandon\u00f3 la escuela temprano y se perdi\u00f3 en un mundo de novios sombr\u00edos, traficantes de drogas, trabajos sin salida y cosas mucho, mucho peores. De hecho, a los veinte a\u00f1os, ella es la \u00fanica superviviente de un horrible homicidio m\u00faltiple sin resolver. Quiz\u00e1 ha tirado su vida a la basura. Pero en su cama del hospital, a Alex se le ofrece una segunda oportunidad: asistir a una de las universidades m\u00e1s prestigiosas del mundo. Pero \u00bfcu\u00e1l es el truco y por qu\u00e9 ella? <\/p>\n<p> SUPERVENTAS DEL NEW YORK TIMES. <br \/> DERECHOS AUDIOVISUALES VENDIDOS A AMAZON.<br \/> \u00a1UN THRILLER DE FANTAS\u00cdA Y MISTERIO SOBRENATURAL!<\/p>\n","protected":false},"excerpt":{"rendered":"<p>BARDUGO, LEIGH<\/p>\n","protected":false},"featured_media":100175,"template":"","meta":{"_acf_changed":false,"om_disable_all_campaigns":false,"rs_blank_template":"","rs_page_bg_color":"","slide_template_v7":"","inline_featured_image":false,"_monsterinsights_skip_tracking":false,"_monsterinsights_sitenote_active":false,"_monsterinsights_sitenote_note":"","_monsterinsights_sitenote_category":0},"product_brand":[],"product_cat":[127],"product_tag":[],"class_list":{"0":"post-100174","1":"product","2":"type-product","3":"status-publish","4":"has-post-thumbnail","6":"product_cat-novella-contemporania","8":"first","9":"instock","10":"taxable","11":"shipping-taxable","12":"purchasable","13":"product-type-simple"},"acf":{"autor":"BARDUGO, LEIGH","codart":"841835926","libros-coleccion":"FORA DE COL.LECCI\u00d3","ediciones":"1","encuadernacion":"R\u00fastica","fecha_de_publicacion":"01\/12\/2020","novedad":"1","paginas":"480","subtitulo":"","orden":"0","portada":"0","idioma":"spa","editorial":[{"ID":147988,"post_author":"3","post_date":"2022-10-14 11:54:46","post_date_gmt":"2022-10-14 09:54:46","post_content":"","post_title":"Editorial Hidra","post_excerpt":"","post_status":"publish","comment_status":"closed","ping_status":"closed","post_password":"","post_name":"editorial-hidra","to_ping":"","pinged":"","post_modified":"2022-10-14 11:54:46","post_modified_gmt":"2022-10-14 09:54:46","post_content_filtered":"","post_parent":0,"guid":"http:\/\/dev.claret.cat\/editorial\/editorial-hidra\/","menu_order":0,"post_type":"editorial","post_mime_type":"","comment_count":"0","filter":"raw"}],"autores-libros":[{"ID":162082,"post_author":"3","post_date":"2022-10-14 17:28:13","post_date_gmt":"2022-10-14 15:28:13","post_content":"","post_title":"LEIGH BARDUGO","post_excerpt":"","post_status":"publish","comment_status":"closed","ping_status":"closed","post_password":"","post_name":"leigh-bardugo","to_ping":"","pinged":"","post_modified":"2022-10-14 17:28:13","post_modified_gmt":"2022-10-14 15:28:13","post_content_filtered":"","post_parent":0,"guid":"http:\/\/dev.claret.cat\/autor\/leigh-bardugo\/","menu_order":0,"post_type":"autor","post_mime_type":"","comment_count":"0","filter":"raw"}]},"aioseo_notices":[],"_links":{"self":[{"href":"https:\/\/www.claret.cat\/es\/wp-json\/wp\/v2\/product\/100174","targetHints":{"allow":["GET"]}}],"collection":[{"href":"https:\/\/www.claret.cat\/es\/wp-json\/wp\/v2\/product"}],"about":[{"href":"https:\/\/www.claret.cat\/es\/wp-json\/wp\/v2\/types\/product"}],"wp:featuredmedia":[{"embeddable":true,"href":"https:\/\/www.claret.cat\/es\/wp-json\/wp\/v2\/media\/100175"}],"wp:attachment":[{"href":"https:\/\/www.claret.cat\/es\/wp-json\/wp\/v2\/media?parent=100174"}],"wp:term":[{"taxonomy":"product_brand","embeddable":true,"href":"https:\/\/www.claret.cat\/es\/wp-json\/wp\/v2\/product_brand?post=100174"},{"taxonomy":"product_cat","embeddable":true,"href":"https:\/\/www.claret.cat\/es\/wp-json\/wp\/v2\/product_cat?post=100174"},{"taxonomy":"product_tag","embeddable":true,"href":"https:\/\/www.claret.cat\/es\/wp-json\/wp\/v2\/product_tag?post=100174"}],"curies":[{"name":"wp","href":"https:\/\/api.w.org\/{rel}","templated":true}]}}