{"id":1001951,"date":"2025-01-27T13:25:18","date_gmt":"2025-01-27T12:25:18","guid":{"rendered":"https:\/\/www.claret.cat\/llibre\/sin-garantias-9788446056058\/"},"modified":"2025-01-27T13:26:59","modified_gmt":"2025-01-27T12:26:59","slug":"sin-garantias-9788446056058","status":"publish","type":"product","link":"https:\/\/www.claret.cat\/es\/libro\/sin-garantias-9788446056058\/","title":{"rendered":"SIN GARANT\u00cdAS"},"content":{"rendered":"<p>La inmigraci\u00f3n que viene del Sur tiene en los menores no acompa\u00f1ados uno de sus puntos m\u00e1s delicados. Conocidos durante un tiempo por su acr\u00f3nimo MENA, el t\u00e9rmino se ha acabado convirtiendo en una palabra de fuerte contenido negativo con el objeto de estigmatizar a estas personas que llegan cruzando la Frontera Sur de la Uni\u00f3n Europea, una de las m\u00e1s peligrosas del mundo.<\/p>\n<p>Fruto de una investigaci\u00f3n internacional sobre las migraciones de menores no acompa\u00f1ados y j\u00f3venes extutelados en tr\u00e1nsito por el estrecho de Gibraltar (MENASMED), financiada por la AACID de la Junta de Andaluc\u00eda, el presente libro, con una perspectiva multidisciplinar y multilocalizada, de Turqu\u00eda a Marruecos, de la Antropolog\u00eda social al Derecho, pasando por la Sociolog\u00eda, el Trabajo social o los estudios de comunicaci\u00f3n, permite una aproximaci\u00f3n a un fen\u00f3meno complejo y poli\u00e9drico desconocido por la mayor\u00eda, ya que, mediante bulos y manipulaciones conscientes, la extrema derecha lo ha banalizado, generando en la sociedad un temor que origina discursos de odio, rechazo, violencia y actitudes racistas hacia quienes m\u00e1s necesitan nuestra solidaridad.<\/p>\n","protected":false},"excerpt":{"rendered":"<p>CASTA\u00d1O MADRO\u00d1AL, ANGELES <\/p>\n","protected":false},"featured_media":1001952,"template":"","meta":{"_acf_changed":false,"om_disable_all_campaigns":false,"rs_blank_template":"","rs_page_bg_color":"","slide_template_v7":"","inline_featured_image":false,"_monsterinsights_skip_tracking":false,"_monsterinsights_sitenote_active":false,"_monsterinsights_sitenote_note":"","_monsterinsights_sitenote_category":0},"product_brand":[],"product_cat":[90,540],"product_tag":[],"class_list":{"0":"post-1001951","1":"product","2":"type-product","3":"status-publish","4":"has-post-thumbnail","6":"product_cat-altres","7":"product_cat-otros","9":"first","10":"instock","11":"taxable","12":"shipping-taxable","13":"purchasable","14":"product-type-simple"},"acf":{"autor":"CASTA\u00d1O MADRO\u00d1AL, ANGELES ","codart":"844605605","libros-coleccion":"","ediciones":"1","encuadernacion":"R\u00fastica","fecha_de_publicacion":"27\/01\/2025","novedad":"1","paginas":"400","subtitulo":"MENORES Y J\u00d3VENES MIGRANTES EN LA FRONTERA SUR DE EUROPA","orden":"0","portada":"0","idioma":"spa","editorial":[{"ID":6115,"post_author":"3","post_date":"2022-07-28 17:45:13","post_date_gmt":"2022-07-28 15:45:13","post_content":"","post_title":"AKAL, EDICIONES S.A.","post_excerpt":"","post_status":"publish","comment_status":"closed","ping_status":"closed","post_password":"","post_name":"akal-ediciones-s-a","to_ping":"","pinged":"","post_modified":"2022-07-28 17:45:13","post_modified_gmt":"2022-07-28 15:45:13","post_content_filtered":"","post_parent":0,"guid":"http:\/\/dev.claret.cat\/editorial\/akal-ediciones-s-a\/","menu_order":0,"post_type":"editorial","post_mime_type":"","comment_count":"0","filter":"raw"}]},"aioseo_notices":[],"_links":{"self":[{"href":"https:\/\/www.claret.cat\/es\/wp-json\/wp\/v2\/product\/1001951","targetHints":{"allow":["GET"]}}],"collection":[{"href":"https:\/\/www.claret.cat\/es\/wp-json\/wp\/v2\/product"}],"about":[{"href":"https:\/\/www.claret.cat\/es\/wp-json\/wp\/v2\/types\/product"}],"wp:featuredmedia":[{"embeddable":true,"href":"https:\/\/www.claret.cat\/es\/wp-json\/wp\/v2\/media\/1001952"}],"wp:attachment":[{"href":"https:\/\/www.claret.cat\/es\/wp-json\/wp\/v2\/media?parent=1001951"}],"wp:term":[{"taxonomy":"product_brand","embeddable":true,"href":"https:\/\/www.claret.cat\/es\/wp-json\/wp\/v2\/product_brand?post=1001951"},{"taxonomy":"product_cat","embeddable":true,"href":"https:\/\/www.claret.cat\/es\/wp-json\/wp\/v2\/product_cat?post=1001951"},{"taxonomy":"product_tag","embeddable":true,"href":"https:\/\/www.claret.cat\/es\/wp-json\/wp\/v2\/product_tag?post=1001951"}],"curies":[{"name":"wp","href":"https:\/\/api.w.org\/{rel}","templated":true}]}}