{"id":100201,"date":"2022-10-12T07:50:01","date_gmt":"2022-10-12T05:50:01","guid":{"rendered":"http:\/\/dev.claret.cat\/producte\/jesus-nos-quiere-iniciacion-de-los-ninos-a-la-vida-cristiana-1-padres\/"},"modified":"2024-05-02T10:39:12","modified_gmt":"2024-05-02T08:39:12","slug":"jesus-nos-quiere-iniciacion-de-los-ninos-a-la-vida-cristiana-1-padres-9788428538756","status":"publish","type":"product","link":"https:\/\/www.claret.cat\/es\/libro\/jesus-nos-quiere-iniciacion-de-los-ninos-a-la-vida-cristiana-1-padres-9788428538756\/","title":{"rendered":"JES\u00daS NOS QUIERE. INICIACI\u00d3N DE LOS NI\u00d1OS A LA VIDA CRISTIANA, 1. PADRES"},"content":{"rendered":"<p>Los padres tienen la hermosa tarea de la educaci\u00f3n cristiana de los hijos. Este conjunto de materiales, correspondiente al libro del ni\u00f1o Jes\u00fas nos quiere del proyecto de catequesis Nuevo Galilea 2000 quiere ser un instrumento de apoyo y ayuda en la tarea de iniciaci\u00f3n cristiana de los hijos. Para cada tema, la gu\u00eda de padres ofrece el desarrollo de los temas del Libro del ni\u00f1o, con una propuesta de actividades familiares, oraciones espec\u00edficas para la familia y documentos complementarios para padres. Los temas se pueden trabajar en familia o en grupo, dialogando con otros padres, para compartir vivencias e inquietudes. La gu\u00eda es un excelente material que permitir\u00e1 a los padres apoyar y complementar la formaci\u00f3n cristiana que sus hijos est\u00e1n recibiendo en parroquias y colegios.<\/p>\n","protected":false},"excerpt":{"rendered":"<p>MIGU\u00c9LEZ MIGU\u00c9LEZ, VICENTE<\/p>\n","protected":false},"featured_media":334188,"template":"","meta":{"_acf_changed":false,"om_disable_all_campaigns":false,"rs_blank_template":"","rs_page_bg_color":"","slide_template_v7":"","inline_featured_image":false,"_monsterinsights_skip_tracking":false,"_monsterinsights_sitenote_active":false,"_monsterinsights_sitenote_note":"","_monsterinsights_sitenote_category":0},"product_brand":[],"product_cat":[90,540],"product_tag":[],"class_list":{"0":"post-100201","1":"product","2":"type-product","3":"status-publish","4":"has-post-thumbnail","6":"product_cat-altres","7":"product_cat-otros","9":"first","10":"instock","11":"taxable","12":"shipping-taxable","13":"purchasable","14":"product-type-simple"},"acf":{"editorial":[{"ID":6356,"post_author":"3","post_date":"2022-07-28 17:50:26","post_date_gmt":"2022-07-28 15:50:26","post_content":"","post_title":"SAN PABLO COMUNICACI\u00d3N","post_excerpt":"","post_status":"publish","comment_status":"closed","ping_status":"closed","post_password":"","post_name":"san-pablo-comunicacion","to_ping":"","pinged":"","post_modified":"2022-07-28 17:50:26","post_modified_gmt":"2022-07-28 15:50:26","post_content_filtered":"","post_parent":0,"guid":"http:\/\/dev.claret.cat\/editorial\/san-pablo-comunicacion\/","menu_order":0,"post_type":"editorial","post_mime_type":"","comment_count":"0","filter":"raw"}],"autores-libros":[{"ID":170968,"post_author":"3","post_date":"2022-10-14 22:39:37","post_date_gmt":"2022-10-14 20:39:37","post_content":"","post_title":"VICENTE MIGUELEZ MIGUELEZ","post_excerpt":"","post_status":"publish","comment_status":"closed","ping_status":"closed","post_password":"","post_name":"vicente-miguelez-miguelez","to_ping":"","pinged":"","post_modified":"2022-10-14 22:39:37","post_modified_gmt":"2022-10-14 20:39:37","post_content_filtered":"","post_parent":0,"guid":"http:\/\/dev.claret.cat\/autor\/vicente-miguelez-miguelez\/","menu_order":0,"post_type":"autor","post_mime_type":"","comment_count":"0","filter":"raw"}],"autor":"MIGU\u00c9LEZ MIGU\u00c9LEZ, VICENTE","codart":"842853875","libros-coleccion":"FORA DE COL.LECCI\u00d3","ediciones":"1","encuadernacion":"R\u00fastica","fecha_de_publicacion":"01\/07\/2011","novedad":"1","paginas":"120","subtitulo":"MATERIAL COMPLEMENTARIO AL NUEVO CATECISMO 'JES\u00daS ES EL SE\u00d1OR'","orden":"0","portada":"0","idioma":"spa"},"aioseo_notices":[],"_links":{"self":[{"href":"https:\/\/www.claret.cat\/es\/wp-json\/wp\/v2\/product\/100201","targetHints":{"allow":["GET"]}}],"collection":[{"href":"https:\/\/www.claret.cat\/es\/wp-json\/wp\/v2\/product"}],"about":[{"href":"https:\/\/www.claret.cat\/es\/wp-json\/wp\/v2\/types\/product"}],"wp:featuredmedia":[{"embeddable":true,"href":"https:\/\/www.claret.cat\/es\/wp-json\/wp\/v2\/media\/334188"}],"wp:attachment":[{"href":"https:\/\/www.claret.cat\/es\/wp-json\/wp\/v2\/media?parent=100201"}],"wp:term":[{"taxonomy":"product_brand","embeddable":true,"href":"https:\/\/www.claret.cat\/es\/wp-json\/wp\/v2\/product_brand?post=100201"},{"taxonomy":"product_cat","embeddable":true,"href":"https:\/\/www.claret.cat\/es\/wp-json\/wp\/v2\/product_cat?post=100201"},{"taxonomy":"product_tag","embeddable":true,"href":"https:\/\/www.claret.cat\/es\/wp-json\/wp\/v2\/product_tag?post=100201"}],"curies":[{"name":"wp","href":"https:\/\/api.w.org\/{rel}","templated":true}]}}