{"id":1002150,"date":"2025-01-28T12:35:05","date_gmt":"2025-01-28T11:35:05","guid":{"rendered":"https:\/\/www.claret.cat\/llibre\/a-laltra-banda-de-la-por-9788410488083\/"},"modified":"2026-03-26T13:15:06","modified_gmt":"2026-03-26T12:15:06","slug":"a-laltra-banda-de-la-por-9788410488083","status":"publish","type":"product","link":"https:\/\/www.claret.cat\/es\/libro\/a-laltra-banda-de-la-por-9788410488083\/","title":{"rendered":"A L&#8217;ALTRA BANDA DE LA POR"},"content":{"rendered":"<p><strong style='background-color: transparent'>La fita m\u00e9s alta en la traject\u00f2ria liter\u00e0ria de Marta Orriols.<\/strong><\/p>\n<p>La Joana t\u00e9 l\u2019est\u00edmul i la incertesa d\u2019un c\u00e0rrec nou com a responsable de la restauraci\u00f3 i conservaci\u00f3 de les obres d\u2019art del MNAC, dos fills adolescents que comencen a fer la seva i, anys despr\u00e9s de la separaci\u00f3, la petici\u00f3 de divorci de l\u2019exmarit, que vol casar-se amb una dona de qui espera una criatura. Introvertida i observadora, la Joana s\u2019esfor\u00e7a per desxifrar els canvis i alguns fets inquietants del seu entorn que debiliten l\u2019equilibri que li procura la vida. Mentre s\u2019ocupa de les obres d\u2019art que el temps ha malm\u00e8s, li rev\u00e9 a la&nbsp;mem\u00f2ria un home amb qui va passar dues nits ja fa anys, per\u00f2 que no ha oblidat mai malgrat la dist\u00e0ncia geogr\u00e0fica que els separa.<\/p>\n<p><em style='background-color: transparent'>A l&#8217;altra banda de la por<\/em>&nbsp;explora temes com&nbsp;<strong style='background-color: transparent'>els matisos de l\u2019amor, la bellesa, els fills, la soledat o les ren\u00fancies<\/strong>, i tra\u00e7a&nbsp;<strong style='background-color: transparent'>una reflexi\u00f3 sobre el pes del passat, i en qui ens convertim mentre busquem el nostre lloc al m\u00f3n<\/strong>.&nbsp;<strong style='background-color: transparent'>Marta Orriols hi captura com ning\u00fa les ondulacions de la vida.<\/strong><\/p>\n<p><\/p>\n<blockquote><p><span style='background-color: transparent'>\u00abCommovedora, subtil, delicada, honesta: aix\u00ed \u00e9s l\u2019escriptura de Marta Orriols\u00bb.&nbsp;<\/span><strong style='background-color: transparent'>Laura Ferrero<\/strong><\/p><\/blockquote>\n<blockquote><p>\u00abL\u2019escriptora Marta Orriols \u00e9s una sensible retratista de les relacions humanes\u00bb.&nbsp;<strong style='background-color: transparent'>Anna Carreras<\/strong><\/p><\/blockquote>\n<p><\/p>\n","protected":false},"excerpt":{"rendered":"<p>ORRIOLS, MARTA<\/p>\n","protected":false},"featured_media":1004024,"template":"","meta":{"_acf_changed":false,"om_disable_all_campaigns":false,"rs_blank_template":"","rs_page_bg_color":"","slide_template_v7":"","inline_featured_image":false,"_monsterinsights_skip_tracking":false,"_monsterinsights_sitenote_active":false,"_monsterinsights_sitenote_note":"","_monsterinsights_sitenote_category":0},"product_brand":[],"product_cat":[127,357],"product_tag":[],"class_list":{"0":"post-1002150","1":"product","2":"type-product","3":"status-publish","4":"has-post-thumbnail","6":"product_cat-novella-contemporania","7":"product_cat-novela-contemporanea","9":"first","10":"instock","11":"taxable","12":"shipping-taxable","13":"purchasable","14":"product-type-simple"},"acf":{"autor":"ORRIOLS, MARTA","codart":"841048808","libros-coleccion":"A TOT VENT","ediciones":"1","encuadernacion":"Carton\u00e9","fecha_de_publicacion":"01\/01\/2025","novedad":"1","paginas":"288","subtitulo":"","orden":"0","portada":"1","idioma":"cat","editorial":[{"ID":6336,"post_author":"3","post_date":"2022-07-28 17:50:00","post_date_gmt":"2022-07-28 15:50:00","post_content":"","post_title":"Proa","post_excerpt":"","post_status":"publish","comment_status":"closed","ping_status":"closed","post_password":"","post_name":"proa","to_ping":"","pinged":"","post_modified":"2022-07-28 17:50:00","post_modified_gmt":"2022-07-28 15:50:00","post_content_filtered":"","post_parent":0,"guid":"http:\/\/dev.claret.cat\/editorial\/proa\/","menu_order":0,"post_type":"editorial","post_mime_type":"","comment_count":"0","filter":"raw"}],"booktrailer":"","linkebook":"","ficha":"","muestra":"","precioebook":"0","presentacion":"","resenas":"","autores-libros":[{"ID":164189,"post_author":"3","post_date":"2022-10-14 17:45:05","post_date_gmt":"2022-10-14 15:45:05","post_content":"","post_title":"MARTA ORRIOLS","post_excerpt":"","post_status":"publish","comment_status":"closed","ping_status":"closed","post_password":"","post_name":"marta-orriols","to_ping":"","pinged":"","post_modified":"2022-10-14 17:45:05","post_modified_gmt":"2022-10-14 15:45:05","post_content_filtered":"","post_parent":0,"guid":"http:\/\/dev.claret.cat\/autor\/marta-orriols\/","menu_order":0,"post_type":"autor","post_mime_type":"","comment_count":"0","filter":"raw"}],"traductores-libros":"","ilustradores-libros":"","formato":"","ebookportada":false,"recomendamos":"","mas_vendido":""},"aioseo_notices":[],"_links":{"self":[{"href":"https:\/\/www.claret.cat\/es\/wp-json\/wp\/v2\/product\/1002150","targetHints":{"allow":["GET"]}}],"collection":[{"href":"https:\/\/www.claret.cat\/es\/wp-json\/wp\/v2\/product"}],"about":[{"href":"https:\/\/www.claret.cat\/es\/wp-json\/wp\/v2\/types\/product"}],"wp:featuredmedia":[{"embeddable":true,"href":"https:\/\/www.claret.cat\/es\/wp-json\/wp\/v2\/media\/1004024"}],"wp:attachment":[{"href":"https:\/\/www.claret.cat\/es\/wp-json\/wp\/v2\/media?parent=1002150"}],"wp:term":[{"taxonomy":"product_brand","embeddable":true,"href":"https:\/\/www.claret.cat\/es\/wp-json\/wp\/v2\/product_brand?post=1002150"},{"taxonomy":"product_cat","embeddable":true,"href":"https:\/\/www.claret.cat\/es\/wp-json\/wp\/v2\/product_cat?post=1002150"},{"taxonomy":"product_tag","embeddable":true,"href":"https:\/\/www.claret.cat\/es\/wp-json\/wp\/v2\/product_tag?post=1002150"}],"curies":[{"name":"wp","href":"https:\/\/api.w.org\/{rel}","templated":true}]}}