{"id":1002159,"date":"2025-01-28T12:55:29","date_gmt":"2025-01-28T11:55:29","guid":{"rendered":"https:\/\/www.claret.cat\/llibre\/animalize-21-1-animalize-21-i-el-misteri-de-la-fantasy-house-9788418444999\/"},"modified":"2026-01-27T14:17:29","modified_gmt":"2026-01-27T13:17:29","slug":"animalize-21-1-animalize-21-i-el-misteri-de-la-fantasy-house-9788418444999","status":"publish","type":"product","link":"https:\/\/www.claret.cat\/es\/libro\/animalize-21-1-animalize-21-i-el-misteri-de-la-fantasy-house-9788418444999\/","title":{"rendered":"ANIMALIZE 21 1. ANIMALIZE 21 I EL MISTERI DE LA FANTASY HOUSE"},"content":{"rendered":"<p>Despr\u00e9s de l&#8217;aclaparador \u00e8xit dels llibres del Rulas en castell\u00e0, arriba, ara en catal\u00e0, la col\u00b7lecci\u00f3 de llibres de misteri protagonitzada per Animalize21T&#8217;agradaria con\u00e8ixer la nova casa d&#8217;Animalize21 i els seus amics?<br \/> Doncs a ell li encantaria fer-te&#8217;n una v\u00eddeo ruta exclusiva, per\u00f2 hi ha un petit problema: alg\u00fa se li ha endut la c\u00e0mera!<br \/> \u00c9s hora que demostris els teus dots detectivescos i l&#8217;ajudis a trobar el culpable. T&#8217;haur\u00e0s d&#8217;enfrontar a un munt de reptes i endevinalles, i descobrir tots els secrets d&#8217;una casa que potser fins i tot t\u00e9 un fantasma. O potser no&#x2026;, qui ho sap?<br \/> Tot i aix\u00f2, segur que passar\u00e0s una estona\u00a0al\u00b7luflipant\u00a0amb Animalize21, AlesGF, El Rulas, Pablete, R\u00edo i molts altres personatges en aquesta divertid\u00edssima aventura interactiva on haureu de resoldre el&#8230; Misteri de la Fantasy House!<\/p>\n","protected":false},"excerpt":{"rendered":"<p>ANIMALIZE21<\/p>\n","protected":false},"featured_media":1078530,"template":"","meta":{"_acf_changed":false,"om_disable_all_campaigns":false,"rs_blank_template":"","rs_page_bg_color":"","slide_template_v7":"","inline_featured_image":false,"_monsterinsights_skip_tracking":false,"_monsterinsights_sitenote_active":false,"_monsterinsights_sitenote_note":"","_monsterinsights_sitenote_category":0},"product_brand":[],"product_cat":[132,362],"product_tag":[],"class_list":{"0":"post-1002159","1":"product","2":"type-product","3":"status-publish","4":"has-post-thumbnail","6":"product_cat-lectures-per-preadolescents-6-12-anys","7":"product_cat-libros-preadolescentes-6-12-anos","9":"first","10":"instock","11":"taxable","12":"shipping-taxable","13":"purchasable","14":"product-type-simple"},"acf":{"autor":"ANIMALIZE21","codart":"841844499","libros-coleccion":"FORA DE COL.LECCI\u00d3","ediciones":"1","encuadernacion":"Carton\u00e9","fecha_de_publicacion":"01\/01\/2025","novedad":"1","paginas":"144","subtitulo":"","orden":"0","portada":"0","idioma":"cat","editorial":[{"ID":6249,"post_author":"3","post_date":"2022-07-28 17:48:09","post_date_gmt":"2022-07-28 15:48:09","post_content":"","post_title":"Estrella Polar","post_excerpt":"","post_status":"publish","comment_status":"closed","ping_status":"closed","post_password":"","post_name":"estrella-polar","to_ping":"","pinged":"","post_modified":"2022-07-28 17:48:09","post_modified_gmt":"2022-07-28 15:48:09","post_content_filtered":"","post_parent":0,"guid":"http:\/\/dev.claret.cat\/editorial\/estrella-polar\/","menu_order":0,"post_type":"editorial","post_mime_type":"","comment_count":"0","filter":"raw"}],"booktrailer":"","resenas":""},"aioseo_notices":[],"_links":{"self":[{"href":"https:\/\/www.claret.cat\/es\/wp-json\/wp\/v2\/product\/1002159","targetHints":{"allow":["GET"]}}],"collection":[{"href":"https:\/\/www.claret.cat\/es\/wp-json\/wp\/v2\/product"}],"about":[{"href":"https:\/\/www.claret.cat\/es\/wp-json\/wp\/v2\/types\/product"}],"wp:featuredmedia":[{"embeddable":true,"href":"https:\/\/www.claret.cat\/es\/wp-json\/wp\/v2\/media\/1078530"}],"wp:attachment":[{"href":"https:\/\/www.claret.cat\/es\/wp-json\/wp\/v2\/media?parent=1002159"}],"wp:term":[{"taxonomy":"product_brand","embeddable":true,"href":"https:\/\/www.claret.cat\/es\/wp-json\/wp\/v2\/product_brand?post=1002159"},{"taxonomy":"product_cat","embeddable":true,"href":"https:\/\/www.claret.cat\/es\/wp-json\/wp\/v2\/product_cat?post=1002159"},{"taxonomy":"product_tag","embeddable":true,"href":"https:\/\/www.claret.cat\/es\/wp-json\/wp\/v2\/product_tag?post=1002159"}],"curies":[{"name":"wp","href":"https:\/\/api.w.org\/{rel}","templated":true}]}}