{"id":1002407,"date":"2025-01-29T13:45:21","date_gmt":"2025-01-29T12:45:21","guid":{"rendered":"https:\/\/www.claret.cat\/llibre\/angel-guimera-biografia-illustrada-9788423209071\/"},"modified":"2025-01-29T13:55:59","modified_gmt":"2025-01-29T12:55:59","slug":"angel-guimera-biografia-illustrada-9788423209071","status":"publish","type":"product","link":"https:\/\/www.claret.cat\/es\/libro\/angel-guimera-biografia-illustrada-9788423209071\/","title":{"rendered":"\u00c0NGEL GUIMER\u00c0 BIOGRAFIA IL\u00b7LUSTRADA"},"content":{"rendered":"<p>\u00c0ngel Guimer\u00e0 \u00e9s un escriptor de refer\u00e8ncia de la literatura catalana. Aquesta biografia se centra en l&#8221;autor i l&#8221;\u00e8poca que li toca viure a partir d&#8221;unes il\u00b7lustracions que dibuixen la figura emblem\u00e0tica que Guimer\u00e0 va ser en el seu temps.<\/p>\n","protected":false},"excerpt":{"rendered":"<p>OLIVERAS SAMITIER, NEUS \/ SANTACANA FIGUEROLA, \u00c0NGELS<\/p>\n","protected":false},"featured_media":1002408,"template":"","meta":{"_acf_changed":false,"om_disable_all_campaigns":false,"rs_blank_template":"","rs_page_bg_color":"","slide_template_v7":"","inline_featured_image":false,"_monsterinsights_skip_tracking":false,"_monsterinsights_sitenote_active":false,"_monsterinsights_sitenote_note":"","_monsterinsights_sitenote_category":0},"product_brand":[],"product_cat":[549,99],"product_tag":[],"class_list":{"0":"post-1002407","1":"product","2":"type-product","3":"status-publish","4":"has-post-thumbnail","6":"product_cat-biografias","7":"product_cat-biografies","9":"first","10":"instock","11":"taxable","12":"shipping-taxable","13":"purchasable","14":"product-type-simple"},"acf":{"autor":"OLIVERAS SAMITIER, NEUS \/ SANTACANA FIGUEROLA, \u00c0NGELS","codart":"842320907","libros-coleccion":"FORA DE COL.LECCI\u00d3","ediciones":"1","encuadernacion":"Carton\u00e9","fecha_de_publicacion":"01\/12\/2024","novedad":"1","paginas":"182","subtitulo":"","orden":"0","portada":"0","idioma":"cat","editorial":[{"ID":148724,"post_author":"3","post_date":"2022-10-14 12:00:29","post_date_gmt":"2022-10-14 10:00:29","post_content":"","post_title":"Rafael dalmau","post_excerpt":"","post_status":"publish","comment_status":"closed","ping_status":"closed","post_password":"","post_name":"rafael-dalmau","to_ping":"","pinged":"","post_modified":"2022-10-14 12:00:29","post_modified_gmt":"2022-10-14 10:00:29","post_content_filtered":"","post_parent":0,"guid":"http:\/\/dev.claret.cat\/editorial\/rafael-dalmau\/","menu_order":0,"post_type":"editorial","post_mime_type":"","comment_count":"0","filter":"raw"}]},"aioseo_notices":[],"_links":{"self":[{"href":"https:\/\/www.claret.cat\/es\/wp-json\/wp\/v2\/product\/1002407","targetHints":{"allow":["GET"]}}],"collection":[{"href":"https:\/\/www.claret.cat\/es\/wp-json\/wp\/v2\/product"}],"about":[{"href":"https:\/\/www.claret.cat\/es\/wp-json\/wp\/v2\/types\/product"}],"wp:featuredmedia":[{"embeddable":true,"href":"https:\/\/www.claret.cat\/es\/wp-json\/wp\/v2\/media\/1002408"}],"wp:attachment":[{"href":"https:\/\/www.claret.cat\/es\/wp-json\/wp\/v2\/media?parent=1002407"}],"wp:term":[{"taxonomy":"product_brand","embeddable":true,"href":"https:\/\/www.claret.cat\/es\/wp-json\/wp\/v2\/product_brand?post=1002407"},{"taxonomy":"product_cat","embeddable":true,"href":"https:\/\/www.claret.cat\/es\/wp-json\/wp\/v2\/product_cat?post=1002407"},{"taxonomy":"product_tag","embeddable":true,"href":"https:\/\/www.claret.cat\/es\/wp-json\/wp\/v2\/product_tag?post=1002407"}],"curies":[{"name":"wp","href":"https:\/\/api.w.org\/{rel}","templated":true}]}}