{"id":1002743,"date":"2025-01-30T20:31:36","date_gmt":"2025-01-30T19:31:36","guid":{"rendered":"https:\/\/www.claret.cat\/llibre\/mes-enlla-de-la-fi-del-mon-9788419478757\/"},"modified":"2025-04-23T13:45:14","modified_gmt":"2025-04-23T11:45:14","slug":"mes-enlla-de-la-fi-del-mon-9788419478757","status":"publish","type":"product","link":"https:\/\/www.claret.cat\/es\/libro\/mes-enlla-de-la-fi-del-mon-9788419478757\/","title":{"rendered":"M\u00c9S ENLL\u00c0 DE LA FI DEL M\u00d3N"},"content":{"rendered":"<p>La continuaci\u00f3 d&#x2019;Un far a la fi del m\u00f3n, una novel\u00b7la d&#x2019;adolescents que busquen el<br \/> seu lloc al m\u00f3n.<\/p>\n<p> Quatre mesos despr\u00e9s del primer pet\u00f3 entre en Max i l&#x2019;\u00c0lex, la seva relaci\u00f3 s&#x2019;ha anat estancant. Ara que han arribat les festes de Nadal i l&#x2019;aniversari d&#x2019;en Max, sembla que podria ser un bon moment perqu\u00e8 l&#x2019;amor escalfi cors i ho posi tot al seu lloc.<br \/> Per\u00f2 ja se sap que les dates assenyalades remouen m\u00e9s del compte i en una illa poc habitada aix\u00f2 encara es fa m\u00e9s pal\u00e8s. La nost\u00e0lgia, la solitud i els temors m\u00e9s \u00edntims afloren mentre a fora el fred i la pluja van conquerint el terreny. A m\u00e9s, l&#x2019;arribada del fill de les dues propiet\u00e0ries de l&#x2019;hotel del far, un noi atractiu i misteri\u00f3s, suposar\u00e0 un<br \/> detonant per al grup d&#x2019;adolescents de l&#x2019;illa. Mentre en Max es distancia d&#x2019;ell, l&#x2019;\u00c0lex anir\u00e0 descobrint el m\u00f3n del desig a trav\u00e9s de les xarxes i d&#x2019;aquest nouvingut, un adolescent amb un cant\u00f3 fosc que trasbalsar\u00e0 els joves de l&#x2019;illa per sempre m\u00e9s.<\/p>\n<p> Quan l&#x2019;amor m\u00e9s tendre i innocent dona pas al desig, quines s\u00f3n les pors i els l\u00edmits que ens paralitzen?<\/p>\n","protected":false},"excerpt":{"rendered":"<p>GUIX, GERARD<\/p>\n","protected":false},"featured_media":1002744,"template":"","meta":{"_acf_changed":false,"om_disable_all_campaigns":false,"rs_blank_template":"","rs_page_bg_color":"","slide_template_v7":"","inline_featured_image":false,"_monsterinsights_skip_tracking":false,"_monsterinsights_sitenote_active":false,"_monsterinsights_sitenote_note":"","_monsterinsights_sitenote_category":0},"product_brand":[],"product_cat":[133,363],"product_tag":[],"class_list":{"0":"post-1002743","1":"product","2":"type-product","3":"status-publish","4":"has-post-thumbnail","6":"product_cat-lectures-per-adolescents-12-18-anys","7":"product_cat-lecturas-por-adolescentes-12-18-anos","9":"first","10":"instock","11":"taxable","12":"shipping-taxable","13":"purchasable","14":"product-type-simple"},"acf":{"autor":"GUIX, GERARD","codart":"841947875","libros-coleccion":"","ediciones":"1","encuadernacion":"R\u00fastica","fecha_de_publicacion":"01\/02\/2025","novedad":"1","paginas":"332","subtitulo":"","orden":"0","portada":"0","idioma":"cat","editorial":[{"ID":379541,"post_author":"3","post_date":"2023-02-02 12:04:12","post_date_gmt":"2023-02-02 11:04:12","post_content":"","post_title":"Elastics Books","post_excerpt":"","post_status":"publish","comment_status":"closed","ping_status":"closed","post_password":"","post_name":"elastics-books","to_ping":"","pinged":"","post_modified":"2023-02-02 12:04:12","post_modified_gmt":"2023-02-02 11:04:12","post_content_filtered":"","post_parent":0,"guid":"https:\/\/www.claret.cat\/editorial\/elastics-books\/","menu_order":0,"post_type":"editorial","post_mime_type":"","comment_count":"0","filter":"raw"}],"booktrailer":"","resenas":""},"aioseo_notices":[],"_links":{"self":[{"href":"https:\/\/www.claret.cat\/es\/wp-json\/wp\/v2\/product\/1002743","targetHints":{"allow":["GET"]}}],"collection":[{"href":"https:\/\/www.claret.cat\/es\/wp-json\/wp\/v2\/product"}],"about":[{"href":"https:\/\/www.claret.cat\/es\/wp-json\/wp\/v2\/types\/product"}],"wp:featuredmedia":[{"embeddable":true,"href":"https:\/\/www.claret.cat\/es\/wp-json\/wp\/v2\/media\/1002744"}],"wp:attachment":[{"href":"https:\/\/www.claret.cat\/es\/wp-json\/wp\/v2\/media?parent=1002743"}],"wp:term":[{"taxonomy":"product_brand","embeddable":true,"href":"https:\/\/www.claret.cat\/es\/wp-json\/wp\/v2\/product_brand?post=1002743"},{"taxonomy":"product_cat","embeddable":true,"href":"https:\/\/www.claret.cat\/es\/wp-json\/wp\/v2\/product_cat?post=1002743"},{"taxonomy":"product_tag","embeddable":true,"href":"https:\/\/www.claret.cat\/es\/wp-json\/wp\/v2\/product_tag?post=1002743"}],"curies":[{"name":"wp","href":"https:\/\/api.w.org\/{rel}","templated":true}]}}