{"id":1002909,"date":"2025-01-31T14:27:42","date_gmt":"2025-01-31T13:27:42","guid":{"rendered":"https:\/\/www.claret.cat\/llibre\/hablemos-de-sexo-con-nuestros-hijos-9788413681825\/"},"modified":"2025-07-23T17:10:44","modified_gmt":"2025-07-23T15:10:44","slug":"hablemos-de-sexo-con-nuestros-hijos-9788413681825","status":"publish","type":"product","link":"https:\/\/www.claret.cat\/es\/libro\/hablemos-de-sexo-con-nuestros-hijos-9788413681825\/","title":{"rendered":"HABLEMOS DE SEXO CON NUESTROS HIJOS"},"content":{"rendered":"<p>Una gu\u00eda pr\u00e1ctica, repleta de orientaciones did\u00e1cticas y situaciones cotidianas de educaci\u00f3n afectivo-sexual. Facilita a los padres pautas concretas para hablar sobre la sexualidad con sus hijos, desde la infancia hasta la adolescencia.<\/p>\n<p> La mayor\u00eda de los padres de familia queremos orientar a nuestros hijos sobre el sexo y la sexualidad. Y, sin embargo, en muchas ocasiones no estamos seguros de c\u00f3mo hacerlo, de c\u00f3mo afrontar esa conversaci\u00f3n sin complejos. A la vez, nos tememos que nuestros hijos posean mucha m\u00e1s informaci\u00f3n sobre estos temas de la que los padres sospechamos.<\/p>\n<p> Esta gu\u00eda se basa en los programas de educaci\u00f3n afectiva y sexual que la Fundaci\u00f3n Desarrollo y Persona ha realizado entre m\u00e1s de 15.000 j\u00f3venes de toda Espa\u00f1a. Desde una visi\u00f3n integral de la persona y con un planteamiento nuevo de la sexualidad, que responde a los deseos m\u00e1s hondos del coraz\u00f3n humano, este libro es una magn\u00edfica herramienta para ayudar a los padres en la hermosa tarea de ense\u00f1ar amor. Y, como se dice en el pr\u00f3logo: &#8216;Tenga cuidado, lector, porque en el camino de estas p\u00e1ginas les puede ocurrir como a m\u00ed, que las le\u00ed para educar a mis hijos y aprend\u00ed que yo misma he de ser educada&#8217;.<\/p>\n<p> Hablemos de sexo con nuestros hijos es una gu\u00eda pr\u00e1ctica, repleta de orientaciones did\u00e1cticas y situaciones cotidianas de educaci\u00f3n afectivo-sexual, con el fin de dar a los padres pautas concretas para hablar sobre la sexualidad con sus hijos, desde la infancia hasta la adolescencia.<\/p>\n","protected":false},"excerpt":{"rendered":"<p>GONZ\u00c1LEZ RICO, NIEVES<\/p>\n","protected":false},"featured_media":1047928,"template":"","meta":{"_acf_changed":false,"om_disable_all_campaigns":false,"rs_blank_template":"","rs_page_bg_color":"","slide_template_v7":"","inline_featured_image":false,"_monsterinsights_skip_tracking":false,"_monsterinsights_sitenote_active":false,"_monsterinsights_sitenote_note":"","_monsterinsights_sitenote_category":0},"product_brand":[],"product_cat":[90,540],"product_tag":[],"class_list":{"0":"post-1002909","1":"product","2":"type-product","3":"status-publish","4":"has-post-thumbnail","6":"product_cat-altres","7":"product_cat-otros","9":"first","10":"outofstock","11":"taxable","12":"shipping-taxable","13":"purchasable","14":"product-type-simple"},"acf":{"autor":"GONZ\u00c1LEZ RICO, NIEVES","codart":"841368182","libros-coleccion":"EDUCACI\u00d3N Y FAMILIA","ediciones":"1","encuadernacion":"R\u00fastica","fecha_de_publicacion":"01\/07\/2022","novedad":"1","paginas":"240","subtitulo":"","orden":"0","portada":"0","idioma":"spa","editorial":[{"ID":148624,"post_author":"3","post_date":"2022-10-14 11:59:42","post_date_gmt":"2022-10-14 09:59:42","post_content":"","post_title":"PALABRA S.A., EDICIONES","post_excerpt":"","post_status":"publish","comment_status":"closed","ping_status":"closed","post_password":"","post_name":"palabra-s-a-ediciones","to_ping":"","pinged":"","post_modified":"2022-10-14 11:59:42","post_modified_gmt":"2022-10-14 09:59:42","post_content_filtered":"","post_parent":0,"guid":"http:\/\/dev.claret.cat\/editorial\/palabra-s-a-ediciones\/","menu_order":0,"post_type":"editorial","post_mime_type":"","comment_count":"0","filter":"raw"}],"booktrailer":"","resenas":""},"aioseo_notices":[],"_links":{"self":[{"href":"https:\/\/www.claret.cat\/es\/wp-json\/wp\/v2\/product\/1002909","targetHints":{"allow":["GET"]}}],"collection":[{"href":"https:\/\/www.claret.cat\/es\/wp-json\/wp\/v2\/product"}],"about":[{"href":"https:\/\/www.claret.cat\/es\/wp-json\/wp\/v2\/types\/product"}],"wp:featuredmedia":[{"embeddable":true,"href":"https:\/\/www.claret.cat\/es\/wp-json\/wp\/v2\/media\/1047928"}],"wp:attachment":[{"href":"https:\/\/www.claret.cat\/es\/wp-json\/wp\/v2\/media?parent=1002909"}],"wp:term":[{"taxonomy":"product_brand","embeddable":true,"href":"https:\/\/www.claret.cat\/es\/wp-json\/wp\/v2\/product_brand?post=1002909"},{"taxonomy":"product_cat","embeddable":true,"href":"https:\/\/www.claret.cat\/es\/wp-json\/wp\/v2\/product_cat?post=1002909"},{"taxonomy":"product_tag","embeddable":true,"href":"https:\/\/www.claret.cat\/es\/wp-json\/wp\/v2\/product_tag?post=1002909"}],"curies":[{"name":"wp","href":"https:\/\/api.w.org\/{rel}","templated":true}]}}