{"id":1003066,"date":"2025-02-03T10:56:03","date_gmt":"2025-02-03T09:56:03","guid":{"rendered":"https:\/\/www.claret.cat\/llibre\/fuego-en-el-desierto-9788491365860\/"},"modified":"2026-01-14T14:36:42","modified_gmt":"2026-01-14T13:36:42","slug":"fuego-en-el-desierto-9788491365860","status":"publish","type":"product","link":"https:\/\/www.claret.cat\/es\/libro\/fuego-en-el-desierto-9788491365860\/","title":{"rendered":"FUEGO EN EL DESIERTO"},"content":{"rendered":"<p><em>Fuego en el desierto<\/em> es una novela hist\u00f3rica que recrea el relato b\u00edblico del <strong>\u00c9xodo<\/strong>, narrando el nacimiento del <strong>pueblo de Israel<\/strong> y la epopeya de <strong>Mois\u00e9s<\/strong>. Desde su infancia en la corte egipcia hasta su exilio en Madi\u00e1n y su regreso como l\u00edder, la historia sigue momentos clave como la <strong>huida de Egipto<\/strong>, el <strong>cruce del Mar Rojo<\/strong> y la traves\u00eda por el <strong>desierto del Sina\u00ed<\/strong>. En su camino hacia la <strong>Tierra Prometida<\/strong>, el pueblo hebreo enfrenta desaf\u00edos que ponen a prueba su fe y unidad. Una apasionante novela sobre la lucha por la libertad, el liderazgo y el destino de una naci\u00f3n.<\/p>\n<p><\/p>\n<p>El libro perfecto para:<\/p>\n<ul>\n<li><strong>Amantes de la novela hist\u00f3rica y b\u00edblica<\/strong>, especialmente interesados en recreaciones rigurosas del Antiguo Oriente. <\/li>\n<li><strong>Lectores que buscan personajes femeninos fuertes<\/strong>, protagonistas de resistencia, valent\u00eda y compasi\u00f3n en medio de la violencia y la injusticia.<\/li>\n<li><strong>Personas interesadas en la Biblia desde una perspectiva literaria<\/strong>, que desean profundizar en los textos sagrados a trav\u00e9s de la ficci\u00f3n narrativa.<\/li>\n<li><strong>Educadores, catequistas y animadores culturales<\/strong>, que pueden utilizar esta novela como recurso para sus sesiones.<\/li>\n<\/ul>\n<p><\/p>\n<p><em>*Este&nbsp;libro ha sido imprimido con <\/em><a href='https:\/\/www.claret.cat\/es\/ecoedicion\/' rel='noopener noreferrer' target='_blank'><strong><em>papel certificado <\/em><\/strong><\/a><em>por el Forest Stewardship&nbsp;Council&nbsp;(FSC), que cumple con los principios de gesti\u00f3n econ\u00f3mica, social y ambiental sostenibles.<\/em><\/p>\n","protected":false},"excerpt":{"rendered":"<p>DE PAZ, MONTSE<\/p>\n","protected":false},"featured_media":1073808,"template":"","meta":{"_acf_changed":false,"om_disable_all_campaigns":false,"rs_blank_template":"","rs_page_bg_color":"","slide_template_v7":"","inline_featured_image":false,"_monsterinsights_skip_tracking":false,"_monsterinsights_sitenote_active":false,"_monsterinsights_sitenote_note":"","_monsterinsights_sitenote_category":0},"product_brand":[],"product_cat":[581,195,458,308,130,360],"product_tag":[],"class_list":{"0":"post-1003066","1":"product","2":"type-product","3":"status-publish","4":"has-post-thumbnail","6":"product_cat-editorial-claret","7":"product_cat-introduccio-a-t","8":"product_cat-introduccion-a-t","9":"product_cat-castella","10":"product_cat-novella-historica-i-ficcio","11":"product_cat-novela-historica-y-ficcion","13":"first","14":"instock","15":"taxable","16":"shipping-taxable","17":"purchasable","18":"product-type-simple"},"acf":{"autor":"DE PAZ, MONTSE","codart":"849136586","libros-coleccion":"","ediciones":"1","encuadernacion":"R\u00fastica","fecha_de_publicacion":"04\/03\/2025","novedad":"1","paginas":"600","subtitulo":"","orden":"17","portada":"1","idioma":"spa","editorial":[{"ID":6158,"post_author":"3","post_date":"2022-07-28 17:46:08","post_date_gmt":"2022-07-28 15:46:08","post_content":"","post_title":"CLARET","post_excerpt":"","post_status":"publish","comment_status":"closed","ping_status":"closed","post_password":"","post_name":"claret","to_ping":"","pinged":"","post_modified":"2022-07-28 17:46:08","post_modified_gmt":"2022-07-28 15:46:08","post_content_filtered":"","post_parent":0,"guid":"http:\/\/dev.claret.cat\/editorial\/claret\/","menu_order":0,"post_type":"editorial","post_mime_type":"","comment_count":"0","filter":"raw"}],"autores-libros":[{"ID":165385,"post_author":"3","post_date":"2022-10-14 17:54:45","post_date_gmt":"2022-10-14 15:54:45","post_content":"Licenciada en Filolog\u00eda Inglesa, ha dedicado gran parte de su vida a las causas humanitarias y al servicio comunitario en diversas parroquias. Desde temprana edad, su vocaci\u00f3n por la escritura se aliment\u00f3 de las ricas experiencias obtenidas en su labor social. Ha publicado varias novelas, relatos cortos y obras de espiritualidad y autoayuda.","post_title":"MONTSE DE PAZ","post_excerpt":"","post_status":"publish","comment_status":"closed","ping_status":"closed","post_password":"","post_name":"montse-de-paz","to_ping":"","pinged":"","post_modified":"2025-02-14 12:42:54","post_modified_gmt":"2025-02-14 11:42:54","post_content_filtered":"","post_parent":0,"guid":"http:\/\/dev.claret.cat\/autor\/montse-de-paz\/","menu_order":0,"post_type":"autor","post_mime_type":"","comment_count":"0","filter":"raw"}],"booktrailer":"","linkebook":"","ficha":"849136586_1738583109.pdf","muestra":"","precioebook":"0","presentacion":"","resenas":"<p>Catalunya Cristiana, 3\/03\/2025<\/p>\n<p><a href=\"https:\/\/www.catalunyacristiana.cat\/montse-de-paz-novella-moises-exode\/\" rel=\"noopener noreferrer\" target=\"_blank\">https:\/\/www.catalunyacristiana.cat\/montse-de-paz-novella-moises-exode\/<\/a><\/p>\n<p><\/p>\n<p>Catalunya Cristiana (catal\u00e0), 16\/03\/2025<\/p>\n<p><a href=\"https:\/\/drive.google.com\/file\/d\/1Ks7BHg3zoJx05e6QQGEIgFy_XSRrJlpj\/view?usp=sharing\" rel=\"noopener noreferrer\" target=\"_blank\">https:\/\/drive.google.com\/file\/d\/1Ks7BHg3zoJx05e6QQGEIgFy_XSRrJlpj\/view?usp=sharing<\/a><\/p>\n<p><\/p>\n<p>Catalunya Cristiana (castell\u00e0), 16\/03\/2025<\/p>\n<p><a href=\"https:\/\/drive.google.com\/file\/d\/1rNMJHfUUw7kn9OKcV4Nn7N5DlKJ2xV-I\/view?usp=sharing\" rel=\"noopener noreferrer\" target=\"_blank\">https:\/\/drive.google.com\/file\/d\/1rNMJHfUUw7kn9OKcV4Nn7N5DlKJ2xV-I\/view?usp=sharing<\/a><\/p>\n<p><\/p>\n<p>Catalunya Religi\u00f3, 17\/03\/2025<\/p>\n<p><a href=\"https:\/\/www.catalunyareligio.cat\/ca\/blog\/llibres-recomanats\/fuego-en-desierto-318441\" rel=\"noopener noreferrer\" target=\"_blank\">https:\/\/www.catalunyareligio.cat\/ca\/blog\/llibres-recomanats\/fuego-en-desierto-318441<\/a><\/p>\n<p><\/p>\n<p>Catalunya Cristiana, 15\/04\/2025<\/p>\n<p><a href=\"https:\/\/www.catalunyacristiana.cat\/montse-de-paz-la-missio-impossible-es-fa-possible-quan-la-persona-salia-amb-deu\/\" rel=\"noopener noreferrer\" target=\"_blank\">https:\/\/www.catalunyacristiana.cat\/montse-de-paz-la-missio-impossible-es-fa-possible-quan-la-persona-salia-amb-deu\/<\/a><\/p>\n<p><\/p>\n<p>Catalunya Cristiana (catal\u00e0), 20\/04\/2025<\/p>\n<p><a href=\"https:\/\/drive.google.com\/file\/d\/1jLQXJE_InAtTrMINxKkqq4hOi3cU1Ven\/view?usp=sharing\" rel=\"noopener noreferrer\" target=\"_blank\">https:\/\/drive.google.com\/file\/d\/1jLQXJE_InAtTrMINxKkqq4hOi3cU1Ven\/view?usp=sharing<\/a><\/p>\n<p><\/p>\n<p>Catalunya Cristiana (castellano), 20\/04\/2025<\/p>\n<p><a href=\"https:\/\/drive.google.com\/file\/d\/1yj_Lo1f_vGrGI7xUlm_3v5-BV8qkjswy\/view?usp=sharing\" rel=\"noopener noreferrer\" target=\"_blank\">https:\/\/drive.google.com\/file\/d\/1yj_Lo1f_vGrGI7xUlm_3v5-BV8qkjswy\/view?usp=sharing<\/a><\/p>\n<p><\/p>\n<p>Catalunya Cristiana (castellano), 14\/09\/2025<\/p>\n<p><a href=\"https:\/\/drive.google.com\/file\/d\/1JRgHkRTlUJWbqluGDiEcCctR9RMmu7Gm\/view?usp=sharing\" rel=\"noopener noreferrer\" target=\"_blank\">https:\/\/drive.google.com\/file\/d\/1JRgHkRTlUJWbqluGDiEcCctR9RMmu7Gm\/view?usp=sharing<\/a><\/p>\n<p><\/p>\n<p>Catalunya Cristiana (castellano), 09\/11\/2025<\/p>\n<p><a href=\"https:\/\/drive.google.com\/file\/d\/1DqMbW6oANtHY_hz_M5pdqmms1lFJFqxF\/view?usp=sharing\" rel=\"noopener noreferrer\" target=\"_blank\">https:\/\/drive.google.com\/file\/d\/1DqMbW6oANtHY_hz_M5pdqmms1lFJFqxF\/view?usp=sharing<\/a><\/p>\n<p><\/p>\n<p>Catalunya Cristiana (castellano), 14\/12\/2025<\/p>\n<p><a href=\"https:\/\/drive.google.com\/file\/d\/1r1Rrod1qKpB6amgqqjK_ifj908dYb8Nh\/view?usp=sharing\" rel=\"noopener noreferrer\" target=\"_blank\">https:\/\/drive.google.com\/file\/d\/1r1Rrod1qKpB6amgqqjK_ifj908dYb8Nh\/view?usp=sharing<\/a><\/p>\n"},"aioseo_notices":[],"_links":{"self":[{"href":"https:\/\/www.claret.cat\/es\/wp-json\/wp\/v2\/product\/1003066","targetHints":{"allow":["GET"]}}],"collection":[{"href":"https:\/\/www.claret.cat\/es\/wp-json\/wp\/v2\/product"}],"about":[{"href":"https:\/\/www.claret.cat\/es\/wp-json\/wp\/v2\/types\/product"}],"wp:featuredmedia":[{"embeddable":true,"href":"https:\/\/www.claret.cat\/es\/wp-json\/wp\/v2\/media\/1073808"}],"wp:attachment":[{"href":"https:\/\/www.claret.cat\/es\/wp-json\/wp\/v2\/media?parent=1003066"}],"wp:term":[{"taxonomy":"product_brand","embeddable":true,"href":"https:\/\/www.claret.cat\/es\/wp-json\/wp\/v2\/product_brand?post=1003066"},{"taxonomy":"product_cat","embeddable":true,"href":"https:\/\/www.claret.cat\/es\/wp-json\/wp\/v2\/product_cat?post=1003066"},{"taxonomy":"product_tag","embeddable":true,"href":"https:\/\/www.claret.cat\/es\/wp-json\/wp\/v2\/product_tag?post=1003066"}],"curies":[{"name":"wp","href":"https:\/\/api.w.org\/{rel}","templated":true}]}}