{"id":1003088,"date":"2025-02-03T12:51:49","date_gmt":"2025-02-03T11:51:49","guid":{"rendered":"https:\/\/www.claret.cat\/llibre\/10000-millas-para-encontrarte-bali-2-9788410381476\/"},"modified":"2025-04-23T20:20:41","modified_gmt":"2025-04-23T18:20:41","slug":"10000-millas-para-encontrarte-bali-2-9788410381476","status":"publish","type":"product","link":"https:\/\/www.claret.cat\/es\/libro\/10000-millas-para-encontrarte-bali-2-9788410381476\/","title":{"rendered":"10.000 MILLAS PARA ENCONTRARTE (BALI 2)"},"content":{"rendered":"<p>Hay historias donde el amor es m\u00e1s fuerte que la distancia  Desc\u00fabrelo en BALI, la saga de MERCEDES RON, autora N\u00ba1 que ha seducido a m\u00e1s de 1.000.000 de lectoras con CULPA M\u00cdA Nikki viv\u00eda tranquila en su isla de Bali&#8230; hasta que apareci\u00f3 Alex. Alex jam\u00e1s crey\u00f3 que podr\u00eda sentir una conexi\u00f3n tan profunda&#8230; hasta que conoci\u00f3 a Nikki. Ella ha descubierto secretos de su pasado que podr\u00edan cambiarlo todo. \u00c9l deber\u00e1 afrontar que hay mundos que nunca se podr\u00e1n encontrar. Despu\u00e9s de poner un oc\u00e9ano de distancia entre los dos, Alex y Nikki descubrir\u00e1n que no es tan sencillo mantenerse alejados, sobre todo cuando a su atracci\u00f3n se le una un peligro capaz de acabar con todo&#8230;, incluso con sus vidas. \u00bfQu\u00e9 esconde Alex en Londres? \u00bfCu\u00e1l es la verdadera historia de la familia de Nikki? \u00bfSe puede poner l\u00edmites a la pasi\u00f3n? \u00bfO hay historias donde el amor es m\u00e1s fuerte que la distancia? \u00abSI LO NUESTRO FUE UN ERROR, QUIERO EQUIVOCARME CONTIGO CADA SEGUNDO DE MI VIDA\u00bb.<\/p>\n","protected":false},"excerpt":{"rendered":"<p>RON, MERCEDES<\/p>\n","protected":false},"featured_media":1003178,"template":"","meta":{"_acf_changed":false,"om_disable_all_campaigns":false,"rs_blank_template":"","rs_page_bg_color":"","slide_template_v7":"","inline_featured_image":false,"_monsterinsights_skip_tracking":false,"_monsterinsights_sitenote_active":false,"_monsterinsights_sitenote_note":"","_monsterinsights_sitenote_category":0},"product_brand":[],"product_cat":[133,566,117,363],"product_tag":[],"class_list":{"0":"post-1003088","1":"product","2":"type-product","3":"status-publish","4":"has-post-thumbnail","6":"product_cat-lectures-per-adolescents-12-18-anys","7":"product_cat-juvenil-3_infantil-juvenil-spa-spa","8":"product_cat-juvenil","9":"product_cat-lecturas-por-adolescentes-12-18-anos","11":"first","12":"instock","13":"taxable","14":"shipping-taxable","15":"purchasable","16":"product-type-simple"},"acf":{"autor":"RON, MERCEDES","codart":"841038147","libros-coleccion":"Ficci\u00f3n","ediciones":"1","encuadernacion":"R\u00fastica","fecha_de_publicacion":"01\/02\/2025","novedad":"1","paginas":"478","subtitulo":"POR LA AUTORA DE CULPA M\u00cdA","orden":"0","portada":"0","idioma":"spa","editorial":[{"ID":6137,"post_author":"3","post_date":"2022-07-28 17:45:41","post_date_gmt":"2022-07-28 15:45:41","post_content":"","post_title":"B de Bolsillo","post_excerpt":"","post_status":"publish","comment_status":"closed","ping_status":"closed","post_password":"","post_name":"b-de-bolsillo","to_ping":"","pinged":"","post_modified":"2022-07-28 17:45:41","post_modified_gmt":"2022-07-28 15:45:41","post_content_filtered":"","post_parent":0,"guid":"http:\/\/dev.claret.cat\/editorial\/b-de-bolsillo\/","menu_order":0,"post_type":"editorial","post_mime_type":"","comment_count":"0","filter":"raw"}],"booktrailer":"","resenas":""},"aioseo_notices":[],"_links":{"self":[{"href":"https:\/\/www.claret.cat\/es\/wp-json\/wp\/v2\/product\/1003088","targetHints":{"allow":["GET"]}}],"collection":[{"href":"https:\/\/www.claret.cat\/es\/wp-json\/wp\/v2\/product"}],"about":[{"href":"https:\/\/www.claret.cat\/es\/wp-json\/wp\/v2\/types\/product"}],"wp:featuredmedia":[{"embeddable":true,"href":"https:\/\/www.claret.cat\/es\/wp-json\/wp\/v2\/media\/1003178"}],"wp:attachment":[{"href":"https:\/\/www.claret.cat\/es\/wp-json\/wp\/v2\/media?parent=1003088"}],"wp:term":[{"taxonomy":"product_brand","embeddable":true,"href":"https:\/\/www.claret.cat\/es\/wp-json\/wp\/v2\/product_brand?post=1003088"},{"taxonomy":"product_cat","embeddable":true,"href":"https:\/\/www.claret.cat\/es\/wp-json\/wp\/v2\/product_cat?post=1003088"},{"taxonomy":"product_tag","embeddable":true,"href":"https:\/\/www.claret.cat\/es\/wp-json\/wp\/v2\/product_tag?post=1003088"}],"curies":[{"name":"wp","href":"https:\/\/api.w.org\/{rel}","templated":true}]}}