{"id":1003091,"date":"2025-02-03T12:52:03","date_gmt":"2025-02-03T11:52:03","guid":{"rendered":"https:\/\/www.claret.cat\/llibre\/30-sunsets-para-enamorarte-bali-1-9788413148328\/"},"modified":"2025-04-22T19:05:52","modified_gmt":"2025-04-22T17:05:52","slug":"30-sunsets-para-enamorarte-bali-1-9788413148328","status":"publish","type":"product","link":"https:\/\/www.claret.cat\/es\/libro\/30-sunsets-para-enamorarte-bali-1-9788413148328\/","title":{"rendered":"30 SUNSETS PARA ENAMORARTE (BALI 1)"},"content":{"rendered":"<p>La historia de amor que ha seducido a m\u00e1s de 1.000.000 de lectoras. \u00abTREINTA ATARDECERES HAN BASTADO PARA ENAMORARME PERDIDAMENTE DE TI\u00bb Nikki ha crecido en una peque\u00f1a isla de Bali. Alex ha aterrizado en ese oasis huyendo de Londres. Ella es veterinaria y da clases de yoga. \u00c9l es piloto de aviones y vive rodeado de lujo. Solo tienen treinta d\u00edas para estar juntos, as\u00ed que ninguno de los dos espera la vor\u00e1gine de sentimientos y verdades a medias que har\u00e1n que Alex y Nikki vivan un romance para el que ninguno de los dos est\u00e1 preparado. \u00bfDe qu\u00e9 huye Alex? \u00bfCu\u00e1l es la verdadera raz\u00f3n de los miedos de Nikki? \u00bfSe puede vivir un amor con fecha de caducidad? \u00bfO hay historias de amor que no tienen billete de vuelta?<\/p>\n","protected":false},"excerpt":{"rendered":"<p>RON, MERCEDES<\/p>\n","protected":false},"featured_media":1004643,"template":"","meta":{"_acf_changed":false,"om_disable_all_campaigns":false,"rs_blank_template":"","rs_page_bg_color":"","slide_template_v7":"","inline_featured_image":false,"_monsterinsights_skip_tracking":false,"_monsterinsights_sitenote_active":false,"_monsterinsights_sitenote_note":"","_monsterinsights_sitenote_category":0},"product_brand":[],"product_cat":[133,220,479,363],"product_tag":[],"class_list":{"0":"post-1003091","1":"product","2":"type-product","3":"status-publish","4":"has-post-thumbnail","6":"product_cat-lectures-per-adolescents-12-18-anys","7":"product_cat-juvenil-catequesi","8":"product_cat-juvenil-catequesis-1_espiritualidad","9":"product_cat-lecturas-por-adolescentes-12-18-anos","11":"first","12":"instock","13":"taxable","14":"shipping-taxable","15":"purchasable","16":"product-type-simple"},"acf":{"autor":"RON, MERCEDES","codart":"841314832","libros-coleccion":"Ficci\u00f3n","ediciones":"1","encuadernacion":"R\u00fastica","fecha_de_publicacion":"01\/02\/2025","novedad":"1","paginas":"445","subtitulo":"POR LA AUTORA DE CULPA M\u00cdA","orden":"0","portada":"0","idioma":"spa","editorial":[{"ID":6137,"post_author":"3","post_date":"2022-07-28 17:45:41","post_date_gmt":"2022-07-28 15:45:41","post_content":"","post_title":"B de Bolsillo","post_excerpt":"","post_status":"publish","comment_status":"closed","ping_status":"closed","post_password":"","post_name":"b-de-bolsillo","to_ping":"","pinged":"","post_modified":"2022-07-28 17:45:41","post_modified_gmt":"2022-07-28 15:45:41","post_content_filtered":"","post_parent":0,"guid":"http:\/\/dev.claret.cat\/editorial\/b-de-bolsillo\/","menu_order":0,"post_type":"editorial","post_mime_type":"","comment_count":"0","filter":"raw"}],"booktrailer":"","resenas":""},"aioseo_notices":[],"_links":{"self":[{"href":"https:\/\/www.claret.cat\/es\/wp-json\/wp\/v2\/product\/1003091","targetHints":{"allow":["GET"]}}],"collection":[{"href":"https:\/\/www.claret.cat\/es\/wp-json\/wp\/v2\/product"}],"about":[{"href":"https:\/\/www.claret.cat\/es\/wp-json\/wp\/v2\/types\/product"}],"wp:featuredmedia":[{"embeddable":true,"href":"https:\/\/www.claret.cat\/es\/wp-json\/wp\/v2\/media\/1004643"}],"wp:attachment":[{"href":"https:\/\/www.claret.cat\/es\/wp-json\/wp\/v2\/media?parent=1003091"}],"wp:term":[{"taxonomy":"product_brand","embeddable":true,"href":"https:\/\/www.claret.cat\/es\/wp-json\/wp\/v2\/product_brand?post=1003091"},{"taxonomy":"product_cat","embeddable":true,"href":"https:\/\/www.claret.cat\/es\/wp-json\/wp\/v2\/product_cat?post=1003091"},{"taxonomy":"product_tag","embeddable":true,"href":"https:\/\/www.claret.cat\/es\/wp-json\/wp\/v2\/product_tag?post=1003091"}],"curies":[{"name":"wp","href":"https:\/\/api.w.org\/{rel}","templated":true}]}}