{"id":100321,"date":"2022-10-12T07:51:40","date_gmt":"2022-10-12T05:51:40","guid":{"rendered":"http:\/\/dev.claret.cat\/producte\/jordi-borras-totes-les-imatges\/"},"modified":"2025-01-31T14:06:34","modified_gmt":"2025-01-31T13:06:34","slug":"jordi-borras-totes-les-imatges-9788417804732","status":"publish","type":"product","link":"https:\/\/www.claret.cat\/es\/libro\/jordi-borras-totes-les-imatges-9788417804732\/","title":{"rendered":"JORDI BORR\u00c0S. TOTES LES IMATGES"},"content":{"rendered":"<p>Les fotografies de Jordi Borr\u00e0s s\u00f3n un llegat hist\u00f2ric imprescindible per recordar el nostre present col\u00b7lectiu. Rere la seva c\u00e0mera, el fotoperiodista ha estat testimoni dels dies m\u00e9s intensos que la societat catalana ha viscut des del 2017. <br \/>Una caixa per entendre d&#8221;on venim i cap a on anem, que recull totes les seves imatges. Fotografies \u00faniques i carregades d&#8221;emoci\u00f3.<\/p>\n","protected":false},"excerpt":{"rendered":"<p>BORR\u00c0S I ABELL\u00d3, JORDI<\/p>\n","protected":false},"featured_media":100322,"template":"","meta":{"_acf_changed":false,"om_disable_all_campaigns":false,"rs_blank_template":"","rs_page_bg_color":"","slide_template_v7":"","inline_featured_image":false,"_monsterinsights_skip_tracking":false,"_monsterinsights_sitenote_active":false,"_monsterinsights_sitenote_note":"","_monsterinsights_sitenote_category":0},"product_brand":[],"product_cat":[90,540],"product_tag":[],"class_list":{"0":"post-100321","1":"product","2":"type-product","3":"status-publish","4":"has-post-thumbnail","6":"product_cat-altres","7":"product_cat-otros","9":"first","10":"instock","11":"taxable","12":"shipping-taxable","13":"purchasable","14":"product-type-simple"},"acf":{"autor":"BORR\u00c0S I ABELL\u00d3, JORDI","codart":"841780473","libros-coleccion":"","ediciones":"1","encuadernacion":"R\u00fastica","fecha_de_publicacion":"01\/11\/2020","novedad":"1","paginas":"624","subtitulo":"","orden":"0","portada":"0","idioma":"cat","editorial":[{"ID":147453,"post_author":"3","post_date":"2022-10-14 11:50:42","post_date_gmt":"2022-10-14 09:50:42","post_content":"","post_title":"ARA LLIBRES","post_excerpt":"","post_status":"publish","comment_status":"closed","ping_status":"closed","post_password":"","post_name":"ara-llibres","to_ping":"","pinged":"","post_modified":"2022-10-14 11:50:42","post_modified_gmt":"2022-10-14 09:50:42","post_content_filtered":"","post_parent":0,"guid":"http:\/\/dev.claret.cat\/editorial\/ara-llibres\/","menu_order":0,"post_type":"editorial","post_mime_type":"","comment_count":"0","filter":"raw"}],"autores-libros":[{"ID":159842,"post_author":"3","post_date":"2022-10-14 15:48:10","post_date_gmt":"2022-10-14 13:48:10","post_content":"","post_title":"JORDI BORR\u00c0S I ABELL\u00d3","post_excerpt":"","post_status":"publish","comment_status":"closed","ping_status":"closed","post_password":"","post_name":"jordi-borras-i-abello","to_ping":"","pinged":"","post_modified":"2022-10-14 15:48:10","post_modified_gmt":"2022-10-14 13:48:10","post_content_filtered":"","post_parent":0,"guid":"http:\/\/dev.claret.cat\/autor\/jordi-borras-i-abello\/","menu_order":0,"post_type":"autor","post_mime_type":"","comment_count":"0","filter":"raw"}]},"aioseo_notices":[],"_links":{"self":[{"href":"https:\/\/www.claret.cat\/es\/wp-json\/wp\/v2\/product\/100321","targetHints":{"allow":["GET"]}}],"collection":[{"href":"https:\/\/www.claret.cat\/es\/wp-json\/wp\/v2\/product"}],"about":[{"href":"https:\/\/www.claret.cat\/es\/wp-json\/wp\/v2\/types\/product"}],"wp:featuredmedia":[{"embeddable":true,"href":"https:\/\/www.claret.cat\/es\/wp-json\/wp\/v2\/media\/100322"}],"wp:attachment":[{"href":"https:\/\/www.claret.cat\/es\/wp-json\/wp\/v2\/media?parent=100321"}],"wp:term":[{"taxonomy":"product_brand","embeddable":true,"href":"https:\/\/www.claret.cat\/es\/wp-json\/wp\/v2\/product_brand?post=100321"},{"taxonomy":"product_cat","embeddable":true,"href":"https:\/\/www.claret.cat\/es\/wp-json\/wp\/v2\/product_cat?post=100321"},{"taxonomy":"product_tag","embeddable":true,"href":"https:\/\/www.claret.cat\/es\/wp-json\/wp\/v2\/product_tag?post=100321"}],"curies":[{"name":"wp","href":"https:\/\/api.w.org\/{rel}","templated":true}]}}