{"id":1003214,"date":"2025-02-03T16:10:56","date_gmt":"2025-02-03T15:10:56","guid":{"rendered":"https:\/\/www.claret.cat\/llibre\/armonizar-gestion-y-espiritualidad-9788428842310\/"},"modified":"2025-02-03T16:20:26","modified_gmt":"2025-02-03T15:20:26","slug":"armonizar-gestion-y-espiritualidad-9788428842310","status":"publish","type":"product","link":"https:\/\/www.claret.cat\/es\/libro\/armonizar-gestion-y-espiritualidad-9788428842310\/","title":{"rendered":"ARMONIZAR GESTI\u00d3N Y ESPIRITUALIDAD"},"content":{"rendered":"<p><span>Armonizar gesti\u00f3n y espiritualidad en una obra escrita por quien lleva muchos a\u00f1os dedicado a la singular tarea de gestionar la Escuela Cat\u00f3lica desde su vocaci\u00f3n cristiana. Pedro D\u00edaz ofrece un an\u00e1lisis desde la mirada del compromiso cristiano de un servidor de la Escuela Cat\u00f3lica que vive esta tarea como su participaci\u00f3n en la construcci\u00f3n de la Iglesia.<\/span><\/p>\n","protected":false},"excerpt":{"rendered":"<p>D\u00cdAZ CUEVAS, PEDRO FERNANDO<\/p>\n","protected":false},"featured_media":1003225,"template":"","meta":{"_acf_changed":false,"om_disable_all_campaigns":false,"rs_blank_template":"","rs_page_bg_color":"","slide_template_v7":"","inline_featured_image":false,"_monsterinsights_skip_tracking":false,"_monsterinsights_sitenote_active":false,"_monsterinsights_sitenote_note":"","_monsterinsights_sitenote_category":0},"product_brand":[],"product_cat":[226,388],"product_tag":[],"class_list":{"0":"post-1003214","1":"product","2":"type-product","3":"status-publish","4":"has-post-thumbnail","6":"product_cat-didactica","7":"product_cat-didactica-catequesis-1_espiritualidad","9":"first","10":"instock","11":"taxable","12":"shipping-taxable","13":"purchasable","14":"product-type-simple"},"acf":{"autor":"D\u00cdAZ CUEVAS, PEDRO FERNANDO","codart":"842884231","libros-coleccion":"Educar Pr\u00e1ctico","ediciones":"1","encuadernacion":"R\u00fastica","fecha_de_publicacion":"03\/02\/2025","novedad":"1","paginas":"96","subtitulo":"UN IMPERATIVO PARA EL LIDERAZGO EN LA ESCUELA CAT\u00d3LICA","orden":"0","portada":"0","idioma":"spa","editorial":[{"ID":6335,"post_author":"3","post_date":"2022-07-28 17:49:59","post_date_gmt":"2022-07-28 15:49:59","post_content":"","post_title":"PPC altres","post_excerpt":"","post_status":"publish","comment_status":"closed","ping_status":"closed","post_password":"","post_name":"ppc-altres","to_ping":"","pinged":"","post_modified":"2022-07-28 17:49:59","post_modified_gmt":"2022-07-28 15:49:59","post_content_filtered":"","post_parent":0,"guid":"http:\/\/dev.claret.cat\/editorial\/ppc-altres\/","menu_order":0,"post_type":"editorial","post_mime_type":"","comment_count":"0","filter":"raw"}]},"aioseo_notices":[],"_links":{"self":[{"href":"https:\/\/www.claret.cat\/es\/wp-json\/wp\/v2\/product\/1003214","targetHints":{"allow":["GET"]}}],"collection":[{"href":"https:\/\/www.claret.cat\/es\/wp-json\/wp\/v2\/product"}],"about":[{"href":"https:\/\/www.claret.cat\/es\/wp-json\/wp\/v2\/types\/product"}],"wp:featuredmedia":[{"embeddable":true,"href":"https:\/\/www.claret.cat\/es\/wp-json\/wp\/v2\/media\/1003225"}],"wp:attachment":[{"href":"https:\/\/www.claret.cat\/es\/wp-json\/wp\/v2\/media?parent=1003214"}],"wp:term":[{"taxonomy":"product_brand","embeddable":true,"href":"https:\/\/www.claret.cat\/es\/wp-json\/wp\/v2\/product_brand?post=1003214"},{"taxonomy":"product_cat","embeddable":true,"href":"https:\/\/www.claret.cat\/es\/wp-json\/wp\/v2\/product_cat?post=1003214"},{"taxonomy":"product_tag","embeddable":true,"href":"https:\/\/www.claret.cat\/es\/wp-json\/wp\/v2\/product_tag?post=1003214"}],"curies":[{"name":"wp","href":"https:\/\/api.w.org\/{rel}","templated":true}]}}