{"id":1003217,"date":"2025-02-03T16:11:10","date_gmt":"2025-02-03T15:11:10","guid":{"rendered":"https:\/\/www.claret.cat\/llibre\/galilea-modulo-1-nacer-de-nuevo-con-jesus-participante-9788428842440\/"},"modified":"2026-03-30T15:40:19","modified_gmt":"2026-03-30T13:40:19","slug":"galilea-modulo-1-nacer-de-nuevo-con-jesus-participante-9788428842440","status":"publish","type":"product","link":"https:\/\/www.claret.cat\/es\/libro\/galilea-modulo-1-nacer-de-nuevo-con-jesus-participante-9788428842440\/","title":{"rendered":"GALILEA. M\u00d3DULO 1. NACER DE NUEVO CON JES\u00daS. PARTICIPANTE"},"content":{"rendered":"<p class='ql-align-justify'><strong><em>GALILEA. Itinerario formativo para el discipulado misionero<\/em><\/strong>&nbsp;es uncamino comunitariode crecimiento y profundizaci\u00f3n de la fe inspirado en la pr\u00e1ctica y ense\u00f1anzas de Jes\u00fas, en su estilo de formar disc\u00edpulos misioneros.<\/p>\n<p class='ql-align-justify'>En este&nbsp;<strong>primer m\u00f3dulo&nbsp;<\/strong>del a\u00f1o 1 del itinerario,&nbsp;<strong><em>Nacer de nuevo con Jes\u00fas.<\/em><\/strong><em>&nbsp;Encuentros de renovaci\u00f3n kerigm\u00e1tico-vocacional<\/em>, se propone volver a Jes\u00fas para \u201creiniciar nuestra fe\u201d, a trav\u00e9s de una serie de pasos que nos ayuden a experimentar su presencia cercana y su palabra viva y eficaz que renueva nuestra vida.<\/p>\n<p class='ql-align-justify'>El participante cuenta con un material impreso y un material digital para su participaci\u00f3n en los encuentros comunitarios y el desarrollo de momentos de reflexi\u00f3n personal.<\/p>\n<p><\/p>\n","protected":false},"excerpt":{"rendered":"<p>MUR\u00daA, MARCELO<\/p>\n","protected":false},"featured_media":1003227,"template":"","meta":{"_acf_changed":false,"om_disable_all_campaigns":false,"rs_blank_template":"","rs_page_bg_color":"","slide_template_v7":"","inline_featured_image":false,"_monsterinsights_skip_tracking":false,"_monsterinsights_sitenote_active":false,"_monsterinsights_sitenote_note":"","_monsterinsights_sitenote_category":0},"product_brand":[],"product_cat":[259,504],"product_tag":[],"class_list":{"0":"post-1003217","1":"product","2":"type-product","3":"status-publish","4":"has-post-thumbnail","6":"product_cat-de-lensenyament","7":"product_cat-de-la-ensenanza","9":"first","10":"instock","11":"taxable","12":"shipping-taxable","13":"purchasable","14":"product-type-simple"},"acf":{"autor":"MUR\u00daA, MARCELO","codart":"842884244","libros-coleccion":"","ediciones":"1","encuadernacion":"R\u00fastica","fecha_de_publicacion":"03\/02\/2025","novedad":"1","paginas":"104","subtitulo":"ENCUENTROS DE RENOVACI\u00d3N KERIGM\u00c1TICO-VOCACIONAL","orden":"0","portada":"0","idioma":"spa","editorial":[{"ID":6335,"post_author":"3","post_date":"2022-07-28 17:49:59","post_date_gmt":"2022-07-28 15:49:59","post_content":"","post_title":"PPC altres","post_excerpt":"","post_status":"publish","comment_status":"closed","ping_status":"closed","post_password":"","post_name":"ppc-altres","to_ping":"","pinged":"","post_modified":"2022-07-28 17:49:59","post_modified_gmt":"2022-07-28 15:49:59","post_content_filtered":"","post_parent":0,"guid":"http:\/\/dev.claret.cat\/editorial\/ppc-altres\/","menu_order":0,"post_type":"editorial","post_mime_type":"","comment_count":"0","filter":"raw"}],"booktrailer":"","resenas":""},"aioseo_notices":[],"_links":{"self":[{"href":"https:\/\/www.claret.cat\/es\/wp-json\/wp\/v2\/product\/1003217","targetHints":{"allow":["GET"]}}],"collection":[{"href":"https:\/\/www.claret.cat\/es\/wp-json\/wp\/v2\/product"}],"about":[{"href":"https:\/\/www.claret.cat\/es\/wp-json\/wp\/v2\/types\/product"}],"wp:featuredmedia":[{"embeddable":true,"href":"https:\/\/www.claret.cat\/es\/wp-json\/wp\/v2\/media\/1003227"}],"wp:attachment":[{"href":"https:\/\/www.claret.cat\/es\/wp-json\/wp\/v2\/media?parent=1003217"}],"wp:term":[{"taxonomy":"product_brand","embeddable":true,"href":"https:\/\/www.claret.cat\/es\/wp-json\/wp\/v2\/product_brand?post=1003217"},{"taxonomy":"product_cat","embeddable":true,"href":"https:\/\/www.claret.cat\/es\/wp-json\/wp\/v2\/product_cat?post=1003217"},{"taxonomy":"product_tag","embeddable":true,"href":"https:\/\/www.claret.cat\/es\/wp-json\/wp\/v2\/product_tag?post=1003217"}],"curies":[{"name":"wp","href":"https:\/\/api.w.org\/{rel}","templated":true}]}}