{"id":100339,"date":"2022-10-12T07:51:54","date_gmt":"2022-10-12T05:51:54","guid":{"rendered":"http:\/\/dev.claret.cat\/producte\/biblia-y-palabra-de-dios\/"},"modified":"2024-05-23T05:01:29","modified_gmt":"2024-05-23T03:01:29","slug":"biblia-y-palabra-de-dios-9788490736487","status":"publish","type":"product","link":"https:\/\/www.claret.cat\/es\/libro\/biblia-y-palabra-de-dios-9788490736487\/","title":{"rendered":"BIBLIA Y PALABRA DE DIOS"},"content":{"rendered":"<p>Tras la lectura de un pasaje de la Biblia en las celebraciones lit\u00fargicas, el lector o lectora concluye siempre: \u00abPalabra de Dios\u00bb. Un hecho tan habitual en la vida del cristiano, suscita sin embargo no pocas preguntas: \u00bfc\u00f3mo puede ser Palabra de Dios lo escrito en un libro humano?; \u00bfpor qu\u00e9 escuchamos la Palabra de Dios precisamente en unos determinados libros, los que forman y componen la Biblia?; \u00bfcu\u00e1l es la parte de Dios y la parte humana en la composici\u00f3n de esos libros?; \u00bfc\u00f3mo pueden conjugarse ambos autores?; \u00bfqu\u00e9 consecuencias tiene todo esto para una lectura e interpretaci\u00f3n adecuada de la Biblia dentro de la Iglesia? Dar respuesta a estas cuestiones es el objeto de este volumen.<\/p>\n","protected":false},"excerpt":{"rendered":"<p>ARTOLA ARBIZA, ANTONIO MAR\u00cdA; S\u00c1NCHEZ CARO, JOS\u00c9 MANUEL<\/p>\n","protected":false},"featured_media":373017,"template":"","meta":{"_acf_changed":false,"om_disable_all_campaigns":false,"rs_blank_template":"","rs_page_bg_color":"","slide_template_v7":"","inline_featured_image":false,"_monsterinsights_skip_tracking":false,"_monsterinsights_sitenote_active":false,"_monsterinsights_sitenote_note":"","_monsterinsights_sitenote_category":0},"product_brand":[],"product_cat":[90,540],"product_tag":[],"class_list":{"0":"post-100339","1":"product","2":"type-product","3":"status-publish","4":"has-post-thumbnail","6":"product_cat-altres","7":"product_cat-otros","9":"first","10":"instock","11":"taxable","12":"shipping-taxable","13":"purchasable","14":"product-type-simple"},"acf":{"editorial":[{"ID":6390,"post_author":"3","post_date":"2022-07-28 17:51:08","post_date_gmt":"2022-07-28 15:51:08","post_content":"","post_title":"VERBO DIVINO","post_excerpt":"","post_status":"publish","comment_status":"closed","ping_status":"closed","post_password":"","post_name":"verbo-divino","to_ping":"","pinged":"","post_modified":"2022-07-28 17:51:08","post_modified_gmt":"2022-07-28 15:51:08","post_content_filtered":"","post_parent":0,"guid":"http:\/\/dev.claret.cat\/editorial\/verbo-divino\/","menu_order":0,"post_type":"editorial","post_mime_type":"","comment_count":"0","filter":"raw"}],"autor":"ARTOLA ARBIZA, ANTONIO MAR\u00cdA; S\u00c1NCHEZ CARO, JOS\u00c9 MANUEL","codart":"849073648","libros-coleccion":"","ediciones":"1","encuadernacion":"R\u00fastica","fecha_de_publicacion":"18\/11\/2020","novedad":"1","paginas":"592","subtitulo":"","orden":"0","portada":"0","idioma":"spa","autores-libros":[{"ID":150955,"post_author":"3","post_date":"2022-10-14 14:37:04","post_date_gmt":"2022-10-14 12:37:04","post_content":"","post_title":"ANTONIO MAR\u00cdA ARTOLA ARBIZA","post_excerpt":"","post_status":"publish","comment_status":"closed","ping_status":"closed","post_password":"","post_name":"antonio-maria-artola-arbiza","to_ping":"","pinged":"","post_modified":"2022-10-14 14:37:04","post_modified_gmt":"2022-10-14 12:37:04","post_content_filtered":"","post_parent":0,"guid":"http:\/\/dev.claret.cat\/autor\/antonio-maria-artola-arbiza\/","menu_order":0,"post_type":"autor","post_mime_type":"","comment_count":"0","filter":"raw"},{"ID":160428,"post_author":"3","post_date":"2022-10-14 15:52:59","post_date_gmt":"2022-10-14 13:52:59","post_content":"","post_title":"JOSE MANUEL SANCHEZ CARO","post_excerpt":"","post_status":"publish","comment_status":"closed","ping_status":"closed","post_password":"","post_name":"jose-manuel-sanchez-caro","to_ping":"","pinged":"","post_modified":"2022-10-14 15:52:59","post_modified_gmt":"2022-10-14 13:52:59","post_content_filtered":"","post_parent":0,"guid":"http:\/\/dev.claret.cat\/autor\/jose-manuel-sanchez-caro\/","menu_order":0,"post_type":"autor","post_mime_type":"","comment_count":"0","filter":"raw"}]},"aioseo_notices":[],"_links":{"self":[{"href":"https:\/\/www.claret.cat\/es\/wp-json\/wp\/v2\/product\/100339","targetHints":{"allow":["GET"]}}],"collection":[{"href":"https:\/\/www.claret.cat\/es\/wp-json\/wp\/v2\/product"}],"about":[{"href":"https:\/\/www.claret.cat\/es\/wp-json\/wp\/v2\/types\/product"}],"wp:featuredmedia":[{"embeddable":true,"href":"https:\/\/www.claret.cat\/es\/wp-json\/wp\/v2\/media\/373017"}],"wp:attachment":[{"href":"https:\/\/www.claret.cat\/es\/wp-json\/wp\/v2\/media?parent=100339"}],"wp:term":[{"taxonomy":"product_brand","embeddable":true,"href":"https:\/\/www.claret.cat\/es\/wp-json\/wp\/v2\/product_brand?post=100339"},{"taxonomy":"product_cat","embeddable":true,"href":"https:\/\/www.claret.cat\/es\/wp-json\/wp\/v2\/product_cat?post=100339"},{"taxonomy":"product_tag","embeddable":true,"href":"https:\/\/www.claret.cat\/es\/wp-json\/wp\/v2\/product_tag?post=100339"}],"curies":[{"name":"wp","href":"https:\/\/api.w.org\/{rel}","templated":true}]}}