{"id":1003483,"date":"2025-02-04T13:00:42","date_gmt":"2025-02-04T12:00:42","guid":{"rendered":"https:\/\/www.claret.cat\/llibre\/quien-tiene-un-hermano-tiene-un-tesoro-9788419898296\/"},"modified":"2025-02-04T13:11:52","modified_gmt":"2025-02-04T12:11:52","slug":"quien-tiene-un-hermano-tiene-un-tesoro-9788419898296","status":"publish","type":"product","link":"https:\/\/www.claret.cat\/es\/libro\/quien-tiene-un-hermano-tiene-un-tesoro-9788419898296\/","title":{"rendered":"QUIEN TIENE UN HERMANO TIENE UN TESORO"},"content":{"rendered":"<p>Quien tiene un hermano tiene un tesoro es un cuento recomendado para ni\u00f1os de entre 2 y 6 a\u00f1os para ayudarlos a gestionar la llegada de un nuevo hermano. Adem\u00e1s, est\u00e1 escrito en letra MAY\u00daSCULA, con lo que resulta ideal tambi\u00e9n para primeros lectores, incentivando la lectura con un cuento de lo m\u00e1s tierno.<br \/> \u00a0<br \/> Explicado a trav\u00e9s de unas ilustraciones dulces y llenas de color, es el regalo ideal para los hermanos mayores o para padres que acaban de dar la bienvenida a un nuevo miembro de la familia.<br \/> \u00a0<br \/> El libro tambi\u00e9n incluye una gu\u00eda para los padres para gestionar la llegada de un hermanito o una hermanita a casa, con informaci\u00f3n proporcionada por educadores, psic\u00f3logos y divulgadores infantiles.<br \/> \u00a0<br \/> La vida de Emma cambia del todo cuando Noa, su hermana peque\u00f1a, llega a casa. Ya no puede estar siempre a cuestas de los padres, ya no puede elegir el cuento de antes de ir a dormir e, incluso, \u00a1tiene que compartir la merienda! As\u00ed que dise\u00f1a un plan: envolver\u00e1 a Noa como si fuera un paquete y esperar\u00e1 a que alguien se la lleve. \u00a1Pero no contaba con que la echar\u00eda de menos! Y es que, al final, quien tiene un hermano tiene un tesoro.<br \/> \u00a0<br \/> Descubre otros libros de Editorial el Pirata:<br \/> &#8211; Mi familia es especial<br \/> &#8211; Cuidado con la princesa pirata<br \/> &#8211; Emociones a todo color<br \/> &#8211; \u00bfHa sido un pedo?<\/p>\n","protected":false},"excerpt":{"rendered":"<p>GUERRERO, LAIA<\/p>\n","protected":false},"featured_media":1003484,"template":"","meta":{"_acf_changed":false,"om_disable_all_campaigns":false,"rs_blank_template":"","rs_page_bg_color":"","slide_template_v7":"","inline_featured_image":false,"_monsterinsights_skip_tracking":false,"_monsterinsights_sitenote_active":false,"_monsterinsights_sitenote_note":"","_monsterinsights_sitenote_category":0},"product_brand":[],"product_cat":[131,361],"product_tag":[],"class_list":{"0":"post-1003483","1":"product","2":"type-product","3":"status-publish","4":"has-post-thumbnail","6":"product_cat-contes-per-infants-0-6-anys","7":"product_cat-cuentos-para-ninos-0-6-anos","9":"first","10":"instock","11":"taxable","12":"shipping-taxable","13":"purchasable","14":"product-type-simple"},"acf":{"autor":"GUERRERO, LAIA","codart":"841989829","libros-coleccion":"","ediciones":"1","encuadernacion":"Carton\u00e9","fecha_de_publicacion":"01\/02\/2025","novedad":"1","paginas":"40","subtitulo":"UN CUENTO EN LETRA MAY\u00daSCULA PARA NUEVOS HERMANOS; GESTIONAR LA LLEGADA DE UN HE","orden":"0","portada":"0","idioma":"spa","editorial":[{"ID":147970,"post_author":"3","post_date":"2022-10-14 11:54:38","post_date_gmt":"2022-10-14 09:54:38","post_content":"","post_title":"Editorial el Pirata","post_excerpt":"","post_status":"publish","comment_status":"closed","ping_status":"closed","post_password":"","post_name":"editorial-el-pirata","to_ping":"","pinged":"","post_modified":"2022-10-14 11:54:38","post_modified_gmt":"2022-10-14 09:54:38","post_content_filtered":"","post_parent":0,"guid":"http:\/\/dev.claret.cat\/editorial\/editorial-el-pirata\/","menu_order":0,"post_type":"editorial","post_mime_type":"","comment_count":"0","filter":"raw"}]},"aioseo_notices":[],"_links":{"self":[{"href":"https:\/\/www.claret.cat\/es\/wp-json\/wp\/v2\/product\/1003483","targetHints":{"allow":["GET"]}}],"collection":[{"href":"https:\/\/www.claret.cat\/es\/wp-json\/wp\/v2\/product"}],"about":[{"href":"https:\/\/www.claret.cat\/es\/wp-json\/wp\/v2\/types\/product"}],"wp:featuredmedia":[{"embeddable":true,"href":"https:\/\/www.claret.cat\/es\/wp-json\/wp\/v2\/media\/1003484"}],"wp:attachment":[{"href":"https:\/\/www.claret.cat\/es\/wp-json\/wp\/v2\/media?parent=1003483"}],"wp:term":[{"taxonomy":"product_brand","embeddable":true,"href":"https:\/\/www.claret.cat\/es\/wp-json\/wp\/v2\/product_brand?post=1003483"},{"taxonomy":"product_cat","embeddable":true,"href":"https:\/\/www.claret.cat\/es\/wp-json\/wp\/v2\/product_cat?post=1003483"},{"taxonomy":"product_tag","embeddable":true,"href":"https:\/\/www.claret.cat\/es\/wp-json\/wp\/v2\/product_tag?post=1003483"}],"curies":[{"name":"wp","href":"https:\/\/api.w.org\/{rel}","templated":true}]}}