{"id":1003682,"date":"2025-02-05T13:05:11","date_gmt":"2025-02-05T12:05:11","guid":{"rendered":"https:\/\/www.claret.cat\/llibre\/el-mundo-te-esta-esperando-9788418714764\/"},"modified":"2025-02-05T13:06:07","modified_gmt":"2025-02-05T12:06:07","slug":"el-mundo-te-esta-esperando-9788418714764","status":"publish","type":"product","link":"https:\/\/www.claret.cat\/es\/libro\/el-mundo-te-esta-esperando-9788418714764\/","title":{"rendered":"\u00a1EL MUNDO TE EST\u00c1 ESPERANDO!"},"content":{"rendered":"<p>Seg\u00fan un antiguo dicho, \u00ablas mujeres sostienen la mitad del cielo\u00bb. Sin embargo, nuestra sociedad las bombardea desde la infancia con mensajes negativos, todos ellos destinados a convertirlas en personas desautorizadas y en constante b\u00fasqueda de aprobaci\u00f3n externa.En este libro sabio y alentador, Louise L. Hay ayuda a las mujeres a retomar la direcci\u00f3n de sus vidas y a dar v\u00eda libre a la alegr\u00eda y a la creatividad que aguardan en sus interiores, y transformarse en la mejor versi\u00f3n de s\u00ed mismas.<\/p>\n","protected":false},"excerpt":{"rendered":"<p>HAY, LOUISE<\/p>\n","protected":false},"featured_media":1003683,"template":"","meta":{"_acf_changed":false,"om_disable_all_campaigns":false,"rs_blank_template":"","rs_page_bg_color":"","slide_template_v7":"","inline_featured_image":false,"_monsterinsights_skip_tracking":false,"_monsterinsights_sitenote_active":false,"_monsterinsights_sitenote_note":"","_monsterinsights_sitenote_category":0},"product_brand":[],"product_cat":[547,97],"product_tag":[],"class_list":{"0":"post-1003682","1":"product","2":"type-product","3":"status-publish","4":"has-post-thumbnail","6":"product_cat-salud","7":"product_cat-salut","9":"first","10":"instock","11":"taxable","12":"shipping-taxable","13":"purchasable","14":"product-type-simple"},"acf":{"autor":"HAY, LOUISE","codart":"841871476","libros-coleccion":"FORA DE COL.LECCI\u00d3","ediciones":"1","encuadernacion":"R\u00fastica","fecha_de_publicacion":"01\/02\/2025","novedad":"1","paginas":"155","subtitulo":"DENTRO DE TI HAY UNA MUJER INTELIGENTE, DIN\u00c1MICA Y CAPAZ. PERM\u00cdTELE SALIR Y EDUC","orden":"0","portada":"0","idioma":"spa","editorial":[{"ID":148935,"post_author":"3","post_date":"2022-10-14 12:02:09","post_date_gmt":"2022-10-14 10:02:09","post_content":"","post_title":"Urano","post_excerpt":"","post_status":"publish","comment_status":"closed","ping_status":"closed","post_password":"","post_name":"urano","to_ping":"","pinged":"","post_modified":"2022-10-14 12:02:09","post_modified_gmt":"2022-10-14 10:02:09","post_content_filtered":"","post_parent":0,"guid":"http:\/\/dev.claret.cat\/editorial\/urano\/","menu_order":0,"post_type":"editorial","post_mime_type":"","comment_count":"0","filter":"raw"}]},"aioseo_notices":[],"_links":{"self":[{"href":"https:\/\/www.claret.cat\/es\/wp-json\/wp\/v2\/product\/1003682","targetHints":{"allow":["GET"]}}],"collection":[{"href":"https:\/\/www.claret.cat\/es\/wp-json\/wp\/v2\/product"}],"about":[{"href":"https:\/\/www.claret.cat\/es\/wp-json\/wp\/v2\/types\/product"}],"wp:featuredmedia":[{"embeddable":true,"href":"https:\/\/www.claret.cat\/es\/wp-json\/wp\/v2\/media\/1003683"}],"wp:attachment":[{"href":"https:\/\/www.claret.cat\/es\/wp-json\/wp\/v2\/media?parent=1003682"}],"wp:term":[{"taxonomy":"product_brand","embeddable":true,"href":"https:\/\/www.claret.cat\/es\/wp-json\/wp\/v2\/product_brand?post=1003682"},{"taxonomy":"product_cat","embeddable":true,"href":"https:\/\/www.claret.cat\/es\/wp-json\/wp\/v2\/product_cat?post=1003682"},{"taxonomy":"product_tag","embeddable":true,"href":"https:\/\/www.claret.cat\/es\/wp-json\/wp\/v2\/product_tag?post=1003682"}],"curies":[{"name":"wp","href":"https:\/\/api.w.org\/{rel}","templated":true}]}}