{"id":1003740,"date":"2025-02-05T14:25:24","date_gmt":"2025-02-05T13:25:24","guid":{"rendered":"https:\/\/www.claret.cat\/llibre\/sendas-de-meditacion-9788418604492\/"},"modified":"2025-03-05T17:05:47","modified_gmt":"2025-03-05T16:05:47","slug":"sendas-de-meditacion-9788418604492","status":"publish","type":"product","link":"https:\/\/www.claret.cat\/es\/libro\/sendas-de-meditacion-9788418604492\/","title":{"rendered":"SENDAS DE MEDITACI\u00d3N"},"content":{"rendered":"<p>&#8216;Uno de los primeros errores en los que caemos es pensar que meditar es tan solo vaciar la mente y relajarse. La meditaci\u00f3n puede ser tambi\u00e9n algo din\u00e1mico, de carga energ\u00e9tica, con cantos y sonidos, un ejercicio de \u00e9xtasis o catarsis, hasta una forma de placer t\u00e1ntrico\u2026 Son muchas las sendas de meditaci\u00f3n. Descubrirlas es la aspiraci\u00f3n de este libro que quiere aproximar la meditaci\u00f3n a todos los p\u00fablicos. Cada persona es libre de escoger la forma de meditaci\u00f3n que mejor le vaya, seg\u00fan su car\u00e1cter o estadio vital&#8217;.<\/p>\n<p>El cielo es ahora, pero en lugar de experimentar esa dicha nos dejamos llevar por una mente parlanchina que nos distrae y nos aleja de nuestro centro. Un compendio de las tradiciones orientales que han explorado los m\u00e9todos para vivir la vida de una forma plena con la herramienta de la meditaci\u00f3n, que pone a raya la mente y hace florecer virtudes ben\u00e9ficas como la serenidad, la compasi\u00f3n o la intuici\u00f3n.<\/p>\n<p>Se juntan las experiencias del autor, que ha recorrido el mundo buscando la esencia de cada tradici\u00f3n y la explicaci\u00f3n de los matices de cada una de ellas: hinduismo, budismo, tantra, zen, tao\u00edsmo&#8230; Tambi\u00e9n se dedica un cap\u00edtulo a meditaciones encaradas a un objetivo concreto, como relajarse, recargar energ\u00eda, tomar decisiones o propiciar la prosperidad entre otras. Un gran libro para saber y para sanar.<\/p>\n","protected":false},"excerpt":{"rendered":"<p>RACIONERO RAGU\u00c9, ALEXIS<\/p>\n","protected":false},"featured_media":1003821,"template":"","meta":{"_acf_changed":false,"om_disable_all_campaigns":false,"rs_blank_template":"","rs_page_bg_color":"","slide_template_v7":"","inline_featured_image":false,"_monsterinsights_skip_tracking":false,"_monsterinsights_sitenote_active":false,"_monsterinsights_sitenote_note":"","_monsterinsights_sitenote_category":0},"product_brand":[],"product_cat":[497,248],"product_tag":[],"class_list":{"0":"post-1003740","1":"product","2":"type-product","3":"status-publish","4":"has-post-thumbnail","6":"product_cat-meditaciones","7":"product_cat-meditacions","9":"first","10":"instock","11":"taxable","12":"shipping-taxable","13":"purchasable","14":"product-type-simple"},"acf":{"autor":"RACIONERO RAGU\u00c9, ALEXIS","codart":"841860449","libros-coleccion":"LIBROS DE VANGUARDIA","ediciones":"1","encuadernacion":"R\u00fastica","fecha_de_publicacion":"01\/02\/2025","novedad":"1","paginas":"192","subtitulo":"BASES Y FORMAS DE MEDITAR","orden":"0","portada":"0","idioma":"spa","editorial":[{"ID":148380,"post_author":"3","post_date":"2022-10-14 11:57:47","post_date_gmt":"2022-10-14 09:57:47","post_content":"","post_title":"LA VANGUARDIA","post_excerpt":"","post_status":"publish","comment_status":"closed","ping_status":"closed","post_password":"","post_name":"la-vanguardia","to_ping":"","pinged":"","post_modified":"2022-10-14 11:57:47","post_modified_gmt":"2022-10-14 09:57:47","post_content_filtered":"","post_parent":0,"guid":"http:\/\/dev.claret.cat\/editorial\/la-vanguardia\/","menu_order":0,"post_type":"editorial","post_mime_type":"","comment_count":"0","filter":"raw"}]},"aioseo_notices":[],"_links":{"self":[{"href":"https:\/\/www.claret.cat\/es\/wp-json\/wp\/v2\/product\/1003740","targetHints":{"allow":["GET"]}}],"collection":[{"href":"https:\/\/www.claret.cat\/es\/wp-json\/wp\/v2\/product"}],"about":[{"href":"https:\/\/www.claret.cat\/es\/wp-json\/wp\/v2\/types\/product"}],"wp:featuredmedia":[{"embeddable":true,"href":"https:\/\/www.claret.cat\/es\/wp-json\/wp\/v2\/media\/1003821"}],"wp:attachment":[{"href":"https:\/\/www.claret.cat\/es\/wp-json\/wp\/v2\/media?parent=1003740"}],"wp:term":[{"taxonomy":"product_brand","embeddable":true,"href":"https:\/\/www.claret.cat\/es\/wp-json\/wp\/v2\/product_brand?post=1003740"},{"taxonomy":"product_cat","embeddable":true,"href":"https:\/\/www.claret.cat\/es\/wp-json\/wp\/v2\/product_cat?post=1003740"},{"taxonomy":"product_tag","embeddable":true,"href":"https:\/\/www.claret.cat\/es\/wp-json\/wp\/v2\/product_tag?post=1003740"}],"curies":[{"name":"wp","href":"https:\/\/api.w.org\/{rel}","templated":true}]}}