{"id":1004144,"date":"2025-02-07T13:15:32","date_gmt":"2025-02-07T12:15:32","guid":{"rendered":"https:\/\/www.claret.cat\/llibre\/ninos-atrapados-por-las-pantallas-9788413849751\/"},"modified":"2025-02-07T13:55:30","modified_gmt":"2025-02-07T12:55:30","slug":"ninos-atrapados-por-las-pantallas-9788413849751","status":"publish","type":"product","link":"https:\/\/www.claret.cat\/es\/libro\/ninos-atrapados-por-las-pantallas-9788413849751\/","title":{"rendered":"NI\u00d1OS ATRAPADOS POR LAS PANTALLAS"},"content":{"rendered":"<p>\u00bfEstamos criando una generaci\u00f3n de adictos a las pantallas o exageramos un problema que afecta solo a una minor\u00eda de ni\u00f1os y adolescentes?Ni internet tiene por qu\u00e9 ser una amenaza para la educaci\u00f3n de nuestros hijos ni las redes sociales son un veneno sin ant\u00eddoto ni los videojuegos generan actitudes violentas. Rosa Jov\u00e9, una de las mayores expertas en psicolog\u00eda cl\u00ednica infantil, expone en este libro la verdadera dimensi\u00f3n de un riesgo real, pero controlable. Un par de datos ayudan a entender a qu\u00e9 nos enfrentamos: solo un 2,9 por ciento de los menores presenta un comportamiento problem\u00e1tico o adictivo, y un 13,2 por ciento hace un uso inadecuado de los dispositivos. El principal objetivo de los padres es identificar esas conductas y tener las herramientas para prevenirlas o corregirlas. En estas p\u00e1ginas encontrar\u00e1n test y recursos psicol\u00f3gicos con los que afrontar la preocupaci\u00f3n de verlos todo el d\u00eda con el m\u00f3vil.\u00abNo se trata de prohibir porque s\u00ed, sino de saber c\u00f3mo actuar y educar en cada momento\u00bb.<\/p>\n","protected":false},"excerpt":{"rendered":"<p>JOV\u00c9, ROSA<\/p>\n","protected":false},"featured_media":1004185,"template":"","meta":{"_acf_changed":false,"om_disable_all_campaigns":false,"rs_blank_template":"","rs_page_bg_color":"","slide_template_v7":"","inline_featured_image":false,"_monsterinsights_skip_tracking":false,"_monsterinsights_sitenote_active":false,"_monsterinsights_sitenote_note":"","_monsterinsights_sitenote_category":0},"product_brand":[],"product_cat":[100,550],"product_tag":[],"class_list":{"0":"post-1004144","1":"product","2":"type-product","3":"status-publish","4":"has-post-thumbnail","6":"product_cat-escola-de-pares","7":"product_cat-escuela-de-padres-3_infantil-juvenil-spa-spa","9":"first","10":"instock","11":"taxable","12":"shipping-taxable","13":"purchasable","14":"product-type-simple"},"acf":{"autor":"JOV\u00c9, ROSA","codart":"841384975","libros-coleccion":"Psicolog\u00eda y salud","ediciones":"1","encuadernacion":"R\u00fastica","fecha_de_publicacion":"01\/01\/2025","novedad":"1","paginas":"355","subtitulo":"C\u00d3MO SABER SI TU HIJO TIENE UN PROBLEMA","orden":"0","portada":"0","idioma":"spa","editorial":[{"ID":6277,"post_author":"3","post_date":"2022-07-28 17:48:44","post_date_gmt":"2022-07-28 15:48:44","post_content":"","post_title":"LA ESFERA DE LOS LIBROS","post_excerpt":"","post_status":"publish","comment_status":"closed","ping_status":"closed","post_password":"","post_name":"la-esfera-de-los-libros","to_ping":"","pinged":"","post_modified":"2022-07-28 17:48:44","post_modified_gmt":"2022-07-28 15:48:44","post_content_filtered":"","post_parent":0,"guid":"http:\/\/dev.claret.cat\/editorial\/la-esfera-de-los-libros\/","menu_order":0,"post_type":"editorial","post_mime_type":"","comment_count":"0","filter":"raw"}]},"aioseo_notices":[],"_links":{"self":[{"href":"https:\/\/www.claret.cat\/es\/wp-json\/wp\/v2\/product\/1004144","targetHints":{"allow":["GET"]}}],"collection":[{"href":"https:\/\/www.claret.cat\/es\/wp-json\/wp\/v2\/product"}],"about":[{"href":"https:\/\/www.claret.cat\/es\/wp-json\/wp\/v2\/types\/product"}],"wp:featuredmedia":[{"embeddable":true,"href":"https:\/\/www.claret.cat\/es\/wp-json\/wp\/v2\/media\/1004185"}],"wp:attachment":[{"href":"https:\/\/www.claret.cat\/es\/wp-json\/wp\/v2\/media?parent=1004144"}],"wp:term":[{"taxonomy":"product_brand","embeddable":true,"href":"https:\/\/www.claret.cat\/es\/wp-json\/wp\/v2\/product_brand?post=1004144"},{"taxonomy":"product_cat","embeddable":true,"href":"https:\/\/www.claret.cat\/es\/wp-json\/wp\/v2\/product_cat?post=1004144"},{"taxonomy":"product_tag","embeddable":true,"href":"https:\/\/www.claret.cat\/es\/wp-json\/wp\/v2\/product_tag?post=1004144"}],"curies":[{"name":"wp","href":"https:\/\/api.w.org\/{rel}","templated":true}]}}