{"id":100417,"date":"2022-10-12T07:52:57","date_gmt":"2022-10-12T05:52:57","guid":{"rendered":"http:\/\/dev.claret.cat\/producte\/el-polsim-magic\/"},"modified":"2023-01-28T23:15:17","modified_gmt":"2023-01-28T22:15:17","slug":"el-polsim-magic-9788418022647","status":"publish","type":"product","link":"https:\/\/www.claret.cat\/es\/libro\/el-polsim-magic-9788418022647\/","title":{"rendered":"EL POLSIM M\u00c0GIC"},"content":{"rendered":"<p>Vet aqu\u00ed que, fa molts i molts anys, hi havia una noia que es deia Iakun. Vivia a pag\u00e8s, en un llogarret anomenat Eneka. A les nits, de cam\u00ed cap a casa, es quedava embadalida mirant els estels. De gran, la Iakun volia ser astronauta. Ho va aconseguir, i la seva hist\u00f2ria \u00e9s una aut\u00e8ntica lli\u00e7\u00f3 de vida.<\/p>\n<p> \u00abUn conte inspirat en els dibuixos de la Sala de Conviv\u00e8ncia on, des de fa m\u00e9s de tres anys, fem els vis-a-vis un cop cada quinze dies amb l&#8217;Amat, el petit Cam\u00ed i la Txell.\u00bb<\/p>\n","protected":false},"excerpt":{"rendered":"<p>CUIXART, JORDI<\/p>\n","protected":false},"featured_media":100418,"template":"","meta":{"_acf_changed":false,"om_disable_all_campaigns":false,"rs_blank_template":"","rs_page_bg_color":"","slide_template_v7":"","inline_featured_image":false,"_monsterinsights_skip_tracking":false,"_monsterinsights_sitenote_active":false,"_monsterinsights_sitenote_note":"","_monsterinsights_sitenote_category":0},"product_brand":[],"product_cat":[131],"product_tag":[],"class_list":{"0":"post-100417","1":"product","2":"type-product","3":"status-publish","4":"has-post-thumbnail","6":"product_cat-contes-per-infants-0-6-anys","8":"first","9":"instock","10":"taxable","11":"shipping-taxable","12":"purchasable","13":"product-type-simple"},"acf":{"editorial":[{"ID":6222,"post_author":"3","post_date":"2022-07-28 17:47:31","post_date_gmt":"2022-07-28 15:47:31","post_content":"","post_title":"Editorial Comanegra","post_excerpt":"","post_status":"publish","comment_status":"closed","ping_status":"closed","post_password":"","post_name":"editorial-comanegra","to_ping":"","pinged":"","post_modified":"2022-07-28 17:47:31","post_modified_gmt":"2022-07-28 15:47:31","post_content_filtered":"","post_parent":0,"guid":"http:\/\/dev.claret.cat\/editorial\/editorial-comanegra\/","menu_order":0,"post_type":"editorial","post_mime_type":"","comment_count":"0","filter":"raw"}],"autor":"CUIXART, JORDI","codart":"841802264","libros-coleccion":"","ediciones":"1","encuadernacion":"Carton\u00e9","fecha_de_publicacion":"01\/12\/2020","novedad":"1","paginas":"45","subtitulo":"","orden":"0","portada":"0","idioma":"cat","autores-libros":[{"ID":159880,"post_author":"3","post_date":"2022-10-14 15:48:29","post_date_gmt":"2022-10-14 13:48:29","post_content":"","post_title":"JORDI CUIXART","post_excerpt":"","post_status":"publish","comment_status":"closed","ping_status":"closed","post_password":"","post_name":"jordi-cuixart","to_ping":"","pinged":"","post_modified":"2022-10-14 15:48:29","post_modified_gmt":"2022-10-14 13:48:29","post_content_filtered":"","post_parent":0,"guid":"http:\/\/dev.claret.cat\/autor\/jordi-cuixart\/","menu_order":0,"post_type":"autor","post_mime_type":"","comment_count":"0","filter":"raw"}]},"aioseo_notices":[],"_links":{"self":[{"href":"https:\/\/www.claret.cat\/es\/wp-json\/wp\/v2\/product\/100417","targetHints":{"allow":["GET"]}}],"collection":[{"href":"https:\/\/www.claret.cat\/es\/wp-json\/wp\/v2\/product"}],"about":[{"href":"https:\/\/www.claret.cat\/es\/wp-json\/wp\/v2\/types\/product"}],"wp:featuredmedia":[{"embeddable":true,"href":"https:\/\/www.claret.cat\/es\/wp-json\/wp\/v2\/media\/100418"}],"wp:attachment":[{"href":"https:\/\/www.claret.cat\/es\/wp-json\/wp\/v2\/media?parent=100417"}],"wp:term":[{"taxonomy":"product_brand","embeddable":true,"href":"https:\/\/www.claret.cat\/es\/wp-json\/wp\/v2\/product_brand?post=100417"},{"taxonomy":"product_cat","embeddable":true,"href":"https:\/\/www.claret.cat\/es\/wp-json\/wp\/v2\/product_cat?post=100417"},{"taxonomy":"product_tag","embeddable":true,"href":"https:\/\/www.claret.cat\/es\/wp-json\/wp\/v2\/product_tag?post=100417"}],"curies":[{"name":"wp","href":"https:\/\/api.w.org\/{rel}","templated":true}]}}