{"id":1004257,"date":"2025-02-10T10:15:11","date_gmt":"2025-02-10T09:15:11","guid":{"rendered":"https:\/\/www.claret.cat\/llibre\/ajenos-a-la-ciudad-9788410023642\/"},"modified":"2026-01-05T16:00:28","modified_gmt":"2026-01-05T15:00:28","slug":"ajenos-a-la-ciudad-9788410023642","status":"publish","type":"product","link":"https:\/\/www.claret.cat\/es\/libro\/ajenos-a-la-ciudad-9788410023642\/","title":{"rendered":"AJENOS A LA CIUDAD"},"content":{"rendered":"<p><span>Uno de los m\u00e1s grandes escritores mon\u00e1sticos y maestros de espiritualidad benedictina de nuestro tiempo comparte sus anhelos m\u00e1s profundos con los cristianos de toda condici\u00f3n.<\/span><\/p>\n<p><span>\u00ab[Casey] sabe lo que Benito quiere decir. Y sabe c\u00f3mo aplicarlo al mundo moderno\u00bb. Terrence Kardong, OSB, autor de Benito a la inversa. Leyendo la Regla en el siglo XXI.<\/span><\/p>\n<p><span>Como experto conocedor de la espiritualidad mon\u00e1stica, Michael Casey reflexiona sobre lo que significa recorrer hoy el camino trazado por san Benito de Nursia. Elocuente e incisivo, Casey nos invita a abrazar el reto de vivir el evangelio, oponi\u00e9ndonos a la cultura secular dominante que nos rodea. Los valores mon\u00e1sticos tradicionales \u2013ascetismo, silencio, ocio, lectura, castidad, pobreza\u2026\u2013 se insertan as\u00ed en un nuevo contexto, vivo y actual.<\/span><\/p>\n<p><span>Ajenos a la ciudad es para todos los que deseen profundizar su fe a trav\u00e9s del dinamismo de la experiencia mon\u00e1stica.<\/span><\/p>\n","protected":false},"excerpt":{"rendered":"<p>CASEY, MICHAEL<\/p>\n","protected":false},"featured_media":1020636,"template":"","meta":{"_acf_changed":false,"om_disable_all_campaigns":false,"rs_blank_template":"","rs_page_bg_color":"","slide_template_v7":"","inline_featured_image":false,"_monsterinsights_skip_tracking":false,"_monsterinsights_sitenote_active":false,"_monsterinsights_sitenote_note":"","_monsterinsights_sitenote_category":0},"product_brand":[],"product_cat":[239,490],"product_tag":[],"class_list":{"0":"post-1004257","1":"product","2":"type-product","3":"status-publish","4":"has-post-thumbnail","6":"product_cat-monastica","7":"product_cat-monastica-espiritualidad-1_espiritualidad","9":"first","10":"instock","11":"taxable","12":"shipping-taxable","13":"purchasable","14":"product-type-simple"},"acf":{"autor":"CASEY, MICHAEL","codart":"841002364","libros-coleccion":"Biblioteca Cisterciense","ediciones":"1","encuadernacion":"R\u00fastica","fecha_de_publicacion":"06\/02\/2025","novedad":"0","paginas":"516","subtitulo":"REFLEXIONES SOBRE LAS CONVECCIONES Y VALORES DE LA REGLA DE SAN BENITO ","orden":"999","portada":"0","idioma":"spa","editorial":[{"ID":6309,"post_author":"3","post_date":"2022-07-28 17:49:25","post_date_gmt":"2022-07-28 15:49:25","post_content":"","post_title":"Monte Carmelo","post_excerpt":"","post_status":"publish","comment_status":"closed","ping_status":"closed","post_password":"","post_name":"monte-carmelo","to_ping":"","pinged":"","post_modified":"2022-07-28 17:49:25","post_modified_gmt":"2022-07-28 15:49:25","post_content_filtered":"","post_parent":0,"guid":"http:\/\/dev.claret.cat\/editorial\/monte-carmelo\/","menu_order":0,"post_type":"editorial","post_mime_type":"","comment_count":"0","filter":"raw"}],"booktrailer":"","resenas":""},"aioseo_notices":[],"_links":{"self":[{"href":"https:\/\/www.claret.cat\/es\/wp-json\/wp\/v2\/product\/1004257","targetHints":{"allow":["GET"]}}],"collection":[{"href":"https:\/\/www.claret.cat\/es\/wp-json\/wp\/v2\/product"}],"about":[{"href":"https:\/\/www.claret.cat\/es\/wp-json\/wp\/v2\/types\/product"}],"wp:featuredmedia":[{"embeddable":true,"href":"https:\/\/www.claret.cat\/es\/wp-json\/wp\/v2\/media\/1020636"}],"wp:attachment":[{"href":"https:\/\/www.claret.cat\/es\/wp-json\/wp\/v2\/media?parent=1004257"}],"wp:term":[{"taxonomy":"product_brand","embeddable":true,"href":"https:\/\/www.claret.cat\/es\/wp-json\/wp\/v2\/product_brand?post=1004257"},{"taxonomy":"product_cat","embeddable":true,"href":"https:\/\/www.claret.cat\/es\/wp-json\/wp\/v2\/product_cat?post=1004257"},{"taxonomy":"product_tag","embeddable":true,"href":"https:\/\/www.claret.cat\/es\/wp-json\/wp\/v2\/product_tag?post=1004257"}],"curies":[{"name":"wp","href":"https:\/\/api.w.org\/{rel}","templated":true}]}}