{"id":100426,"date":"2022-10-12T07:53:04","date_gmt":"2022-10-12T05:53:04","guid":{"rendered":"http:\/\/dev.claret.cat\/producte\/la-mazmorra-integral-2\/"},"modified":"2026-02-23T16:06:15","modified_gmt":"2026-02-23T15:06:15","slug":"la-mazmorra-integral-2-9788467943429","status":"publish","type":"product","link":"https:\/\/www.claret.cat\/es\/libro\/la-mazmorra-integral-2-9788467943429\/","title":{"rendered":"LA MAZMORRA. INTEGRAL 2"},"content":{"rendered":"<p>NUEVO INTEGRAL DE LA OBRA DE CULTO DE TRONDHEIM Y SFAR<\/p>\n<p>En 1998 Joann Sfar y Lewis Trondheim dieron vida a La Mazmorra, una saga que, bajo su apariencia de parodia de la fantas\u00eda heroica, esconde un universo rico y complejo a la altura de los grandes cl\u00e1sicos de la literatura de este g\u00e9nero.<\/p>\n<p>Segundo volumen de la colecci\u00f3n de integrales de la serie de culto que supuso un antes y un despu\u00e9s en el c\u00f3mic francobelga. Una edici\u00f3n definitiva supervisada por sus propios autores que permitir\u00e1 descubrir a los lectores de manera inmejorable una de las obras maestras del g\u00e9nero. Este segundo tomo re\u00fane todos los \u00e1lbumes de La Mazmorra: Amanecer y los \u00e1lbumes de la colecci\u00f3n Monstruos correspondientes a esta saga. En \u00e9l Trondheim y Sfar se rodean de ilustres colaboradores como Christophe Blain, Carlos Nine o Blutch para ofrecernos una de las etapas m\u00e1s celebradas de la<\/p>\n","protected":false},"excerpt":{"rendered":"<p>VV.AA.<\/p>\n","protected":false},"featured_media":1085657,"template":"","meta":{"_acf_changed":false,"om_disable_all_campaigns":false,"rs_blank_template":"","rs_page_bg_color":"","slide_template_v7":"","inline_featured_image":false,"_monsterinsights_skip_tracking":false,"_monsterinsights_sitenote_active":false,"_monsterinsights_sitenote_note":"","_monsterinsights_sitenote_category":0},"product_brand":[],"product_cat":[558,108],"product_tag":[],"class_list":{"0":"post-100426","1":"product","2":"type-product","3":"status-publish","4":"has-post-thumbnail","6":"product_cat-comic-3_infantil-juvenil-spa-spa","7":"product_cat-comic","9":"first","10":"instock","11":"taxable","12":"shipping-taxable","13":"purchasable","14":"product-type-simple"},"acf":{"editorial":[{"ID":6315,"post_author":"3","post_date":"2022-07-28 17:49:33","post_date_gmt":"2022-07-28 15:49:33","post_content":"","post_title":"NORMA EDITORIAL S.A","post_excerpt":"","post_status":"publish","comment_status":"closed","ping_status":"closed","post_password":"","post_name":"norma-editorial-s-a","to_ping":"","pinged":"","post_modified":"2022-07-28 17:49:33","post_modified_gmt":"2022-07-28 15:49:33","post_content_filtered":"","post_parent":0,"guid":"http:\/\/dev.claret.cat\/editorial\/norma-editorial-s-a\/","menu_order":0,"post_type":"editorial","post_mime_type":"","comment_count":"0","filter":"raw"}],"autores-libros":[{"ID":6086,"post_author":"3","post_date":"2022-07-28 17:37:50","post_date_gmt":"2022-07-28 15:37:50","post_content":"","post_title":"VV.AA.","post_excerpt":"","post_status":"publish","comment_status":"closed","ping_status":"closed","post_password":"","post_name":"vv-aa-2","to_ping":"","pinged":"","post_modified":"2022-07-28 17:37:50","post_modified_gmt":"2022-07-28 15:37:50","post_content_filtered":"","post_parent":0,"guid":"http:\/\/dev.claret.cat\/autor\/vv-aa-2\/","menu_order":0,"post_type":"autor","post_mime_type":"","comment_count":"0","filter":"raw"}],"autor":"VV.AA.","codart":"846794342","libros-coleccion":"INTEGRAL","ediciones":"1","encuadernacion":"Carton\u00e9","fecha_de_publicacion":"01\/11\/2020","novedad":"0","paginas":"404","subtitulo":"","orden":"0","portada":"0","idioma":"spa","booktrailer":"","resenas":""},"aioseo_notices":[],"_links":{"self":[{"href":"https:\/\/www.claret.cat\/es\/wp-json\/wp\/v2\/product\/100426","targetHints":{"allow":["GET"]}}],"collection":[{"href":"https:\/\/www.claret.cat\/es\/wp-json\/wp\/v2\/product"}],"about":[{"href":"https:\/\/www.claret.cat\/es\/wp-json\/wp\/v2\/types\/product"}],"wp:featuredmedia":[{"embeddable":true,"href":"https:\/\/www.claret.cat\/es\/wp-json\/wp\/v2\/media\/1085657"}],"wp:attachment":[{"href":"https:\/\/www.claret.cat\/es\/wp-json\/wp\/v2\/media?parent=100426"}],"wp:term":[{"taxonomy":"product_brand","embeddable":true,"href":"https:\/\/www.claret.cat\/es\/wp-json\/wp\/v2\/product_brand?post=100426"},{"taxonomy":"product_cat","embeddable":true,"href":"https:\/\/www.claret.cat\/es\/wp-json\/wp\/v2\/product_cat?post=100426"},{"taxonomy":"product_tag","embeddable":true,"href":"https:\/\/www.claret.cat\/es\/wp-json\/wp\/v2\/product_tag?post=100426"}],"curies":[{"name":"wp","href":"https:\/\/api.w.org\/{rel}","templated":true}]}}